{"id":390359,"date":"2025-09-02T11:03:07","date_gmt":"2025-09-02T11:03:07","guid":{"rendered":"https:\/\/glotomania.com\/p\/topper-para-tarta-negro-dekora-parebens-2\/"},"modified":"2026-03-11T02:17:17","modified_gmt":"2026-03-11T02:17:17","slug":"topper-para-tarta-negro-dekora-parebens-2","status":"publish","type":"product","link":"https:\/\/glotomania.com\/pt-pt\/p\/topper-para-tarta-negro-dekora-parebens-2\/","title":{"rendered":"Topo De Bolo Preto Dekora &#8211; \u201cparebens\u201d"},"content":{"rendered":"<p>&nbsp;<\/p>\n<p><span style=\"color:#000000\"><span style=\"font-size:14px\">Figura n&atilde;o comest&iacute;vel, deve ser retirada antes de comer o bolo.&nbsp;<br \/>\nProduto em pl&aacute;stico, PVC, com excelente acabamento.<\/span><\/span><\/p>\n<p><em><span style=\"color:#000000\"><span style=\"font-size:14px\">Regulamento <strong>(UE) 1935\/2004:<\/strong> materiais e objectos destinados a entrar em contacto direto com os alimentos.<\/span><\/span><\/em><\/p>\n<p><span style=\"color:#000000\"><span style=\"font-size:14px\"><strong>Medidas:<\/strong> 11 x 14 cm.<\/span><\/span><\/p>\n<p>&nbsp;<\/p>\n<p><span style=\"color:#000000\"><span style=\"font-size:14px\"><strong>Armazenamento:<\/strong> &eacute; essencial mant&ecirc;-lo na sua embalagem e caixa originais durante o armazenamento.<\/span><\/span><\/p>\n","protected":false},"excerpt":{"rendered":"<p>Decora\u00e7\u00e3o preta elegante e bonita para coroar os nossos bolos de anivers\u00e1rio em portugu\u00eas.<\/p>\n","protected":false},"featured_media":55165,"comment_status":"open","ping_status":"closed","template":"","meta":{"_acf_changed":false},"pwb-brand":[],"product_brand":[],"product_cat":[3200,2907,3087,3208,1792,1849,1793,1767],"product_tag":[],"class_list":{"0":"post-390359","1":"product","2":"type-product","3":"status-publish","4":"has-post-thumbnail","6":"product_cat-decoracoes-nao-comestiveis","7":"product_cat-festas","8":"product_cat-ordem-e-armazenamento","9":"product_cat-toppers-para-bolos","10":"product_cat-decoracion-no-comestible","11":"product_cat-fiestas","12":"product_cat-toppers","13":"product_cat-utensilios","15":"first","16":"instock","17":"taxable","18":"shipping-taxable","19":"purchasable","20":"product-type-simple"},"acf":[],"df_price":2.25,"df_sale_price":"","df_regular_price":2.25,"df_image_link":"https:\/\/glotomania.com\/wp-content\/uploads\/2025\/03\/img_26082_a27aeab6a2b7278e17afc1c3a514fc15_1-300x300.jpg","brands":[],"_links":{"self":[{"href":"https:\/\/glotomania.com\/pt-pt\/wp-json\/wp\/v2\/product\/390359","targetHints":{"allow":["GET"]}}],"collection":[{"href":"https:\/\/glotomania.com\/pt-pt\/wp-json\/wp\/v2\/product"}],"about":[{"href":"https:\/\/glotomania.com\/pt-pt\/wp-json\/wp\/v2\/types\/product"}],"replies":[{"embeddable":true,"href":"https:\/\/glotomania.com\/pt-pt\/wp-json\/wp\/v2\/comments?post=390359"}],"wp:featuredmedia":[{"embeddable":true,"href":"https:\/\/glotomania.com\/pt-pt\/wp-json\/wp\/v2\/media\/55165"}],"wp:attachment":[{"href":"https:\/\/glotomania.com\/pt-pt\/wp-json\/wp\/v2\/media?parent=390359"}],"wp:term":[{"taxonomy":"pwb-brand","embeddable":true,"href":"https:\/\/glotomania.com\/pt-pt\/wp-json\/wp\/v2\/pwb-brand?post=390359"},{"taxonomy":"product_brand","embeddable":true,"href":"https:\/\/glotomania.com\/pt-pt\/wp-json\/wp\/v2\/product_brand?post=390359"},{"taxonomy":"product_cat","embeddable":true,"href":"https:\/\/glotomania.com\/pt-pt\/wp-json\/wp\/v2\/product_cat?post=390359"},{"taxonomy":"product_tag","embeddable":true,"href":"https:\/\/glotomania.com\/pt-pt\/wp-json\/wp\/v2\/product_tag?post=390359"}],"curies":[{"name":"wp","href":"https:\/\/api.w.org\/{rel}","templated":true}]}}