{"id":390363,"date":"2025-09-02T11:03:13","date_gmt":"2025-09-02T11:03:13","guid":{"rendered":"https:\/\/glotomania.com\/p\/set-boquillas-con-adaptador-wilton-2\/"},"modified":"2026-03-11T02:17:25","modified_gmt":"2026-03-11T02:17:25","slug":"set-boquillas-con-adaptador-wilton-2","status":"publish","type":"product","link":"https:\/\/glotomania.com\/pt-pt\/p\/set-boquillas-con-adaptador-wilton-2\/","title":{"rendered":"Conjunto De Bicos Com Adaptador Wilton"},"content":{"rendered":"<p>&nbsp;<\/p>\n<p><span style=\"font-size:14px\"><span style=\"color:#000000\">Este conjunto &eacute; composto pelos seguintes bicos Wilton:<\/span><\/span><\/p>\n<ul>\n<li><span style=\"font-size:14px\"><span style=\"color:#000000\"><strong>Redondo #3: <\/strong>bico&nbsp;de metal para linhas finas, pontos, bolas, contas de renda finas,&#8230;<\/span><\/span><\/li>\n<li><span style=\"font-size:14px\"><span style=\"color:#000000\"><strong>Estrela aberta #18: <\/strong>bico de metal para a produ&ccedil;&atilde;o de t&eacute;cnicas de estrela, gotas de flores, bordas irregulares,&#8230;<\/span><\/span><\/li>\n<li><span style=\"font-size:14px\"><span style=\"color:#000000\"><strong>P&eacute;tala #104: <\/strong>bico de metal para a produ&ccedil;&atilde;o de p&eacute;talas, la&ccedil;os, drapeados,&#8230;<\/span><\/span><\/li>\n<\/ul>\n<p><span style=\"font-size:14px\"><span style=\"color:#000000\">Antes da primeira utiliza&ccedil;&atilde;o e ap&oacute;s cada utiliza&ccedil;&atilde;o, lavar &agrave; m&atilde;o com &aacute;gua morna e sab&atilde;o. Enxaguar e deixar secar.<\/span><\/span><\/p>\n<p><span style=\"font-size:14px\"><span style=\"color:#000000\">Inclui um adaptador de tamanho standard que se adapta perfeitamente aos bicos inclu&iacute;dos no conjunto.<\/span><\/span><\/p>\n","protected":false},"excerpt":{"rendered":"<p>Inclui 3 bicos de decora\u00e7\u00e3o Wilton (#3 redondo, #18 estrela aberta, #104 p\u00e9talas) juntamente com um adaptador standard.<\/p>\n","protected":false},"featured_media":55179,"comment_status":"open","ping_status":"closed","template":"","meta":{"_acf_changed":false},"pwb-brand":[],"product_brand":[],"product_cat":[3087,3157,1770,1767],"product_tag":[],"class_list":{"0":"post-390363","1":"product","2":"type-product","3":"status-publish","4":"has-post-thumbnail","6":"product_cat-ordem-e-armazenamento","7":"product_cat-sets-de-bicos","8":"product_cat-boquilas","9":"product_cat-utensilios","11":"first","12":"instock","13":"taxable","14":"shipping-taxable","15":"purchasable","16":"product-type-simple"},"acf":[],"df_price":4.5,"df_sale_price":"","df_regular_price":4.5,"df_image_link":"https:\/\/glotomania.com\/wp-content\/uploads\/2025\/03\/img_26091_c60e0781c0b0e61b8cb313eb72d53776_1-300x300.jpg","brands":[],"_links":{"self":[{"href":"https:\/\/glotomania.com\/pt-pt\/wp-json\/wp\/v2\/product\/390363","targetHints":{"allow":["GET"]}}],"collection":[{"href":"https:\/\/glotomania.com\/pt-pt\/wp-json\/wp\/v2\/product"}],"about":[{"href":"https:\/\/glotomania.com\/pt-pt\/wp-json\/wp\/v2\/types\/product"}],"replies":[{"embeddable":true,"href":"https:\/\/glotomania.com\/pt-pt\/wp-json\/wp\/v2\/comments?post=390363"}],"wp:featuredmedia":[{"embeddable":true,"href":"https:\/\/glotomania.com\/pt-pt\/wp-json\/wp\/v2\/media\/55179"}],"wp:attachment":[{"href":"https:\/\/glotomania.com\/pt-pt\/wp-json\/wp\/v2\/media?parent=390363"}],"wp:term":[{"taxonomy":"pwb-brand","embeddable":true,"href":"https:\/\/glotomania.com\/pt-pt\/wp-json\/wp\/v2\/pwb-brand?post=390363"},{"taxonomy":"product_brand","embeddable":true,"href":"https:\/\/glotomania.com\/pt-pt\/wp-json\/wp\/v2\/product_brand?post=390363"},{"taxonomy":"product_cat","embeddable":true,"href":"https:\/\/glotomania.com\/pt-pt\/wp-json\/wp\/v2\/product_cat?post=390363"},{"taxonomy":"product_tag","embeddable":true,"href":"https:\/\/glotomania.com\/pt-pt\/wp-json\/wp\/v2\/product_tag?post=390363"}],"curies":[{"name":"wp","href":"https:\/\/api.w.org\/{rel}","templated":true}]}}