{"id":390364,"date":"2025-09-02T11:03:14","date_gmt":"2025-09-02T11:03:14","guid":{"rendered":"https:\/\/glotomania.com\/p\/set-cortadores-doble-cara-wilton-estrellas-2\/"},"modified":"2026-03-11T02:17:28","modified_gmt":"2026-03-11T02:17:28","slug":"set-cortadores-doble-cara-wilton-estrellas-2","status":"publish","type":"product","link":"https:\/\/glotomania.com\/pt-pt\/p\/set-cortadores-doble-cara-wilton-estrellas-2\/","title":{"rendered":"Conjunto De Cortadores Duplo Lado Wilton &#8211; Estrelas"},"content":{"rendered":"<p>&nbsp;<\/p>\n<p><span style=\"font-size:14px\"><span style=\"color:#000000\">Cada cortador &eacute; feito de metal colorido, tornando-o f&aacute;cil de identificar, e empilha-se para uma arruma&ccedil;&atilde;o compacta. Dispon&iacute;vel em seis tamanhos graduados.<\/span><\/span><\/p>\n<p><span style=\"font-size:14px\"><span style=\"color:#000000\">Esta cole&ccedil;&atilde;o de cortadores de estrelas oferece um lado com <strong>uma borda lisa e um lado com uma borda texturizada<\/strong> para o dobro da divers&atilde;o na decora&ccedil;&atilde;o. Basta estender o fondant e pressionar o cortador uniformemente na forma desejada.&nbsp;<\/span><\/span><\/p>\n<p><span style=\"font-size:14px\"><span style=\"color:#000000\">Recomenda-se a lavagem &agrave; m&atilde;o com &aacute;gua morna e sab&atilde;o.<\/span><\/span><\/p>\n<p><span style=\"font-size:14px\"><span style=\"color:#000000\"><strong>Dimens&otilde;es aproximadas: <\/strong>2,4 &#8211; 3,2 &#8211; 4,1 &#8211; 5 &#8211; 6 &#8211; 7,3 cm.<\/span><\/span><\/p>\n","protected":false},"excerpt":{"rendered":"<p>Crie bonitas estrelas de fondant e biscoitos com este pr\u00e1tico conjunto de cortadores de dois lados, com um lado liso e um lado texturado, proporcionando op\u00e7\u00f5es criativas para efeitos de camadas \u00fanicos.<\/p>\n","protected":false},"featured_media":55177,"comment_status":"open","ping_status":"closed","template":"","meta":{"_acf_changed":false},"pwb-brand":[],"product_brand":[],"product_cat":[1788,3199,2907,2920,3087,1849,1866,1767],"product_tag":[],"class_list":{"0":"post-390364","1":"product","2":"type-product","3":"status-publish","4":"has-post-thumbnail","6":"product_cat-cortadores-de-cobre","7":"product_cat-cortadores-de-metal","8":"product_cat-festas","9":"product_cat-natal-2","10":"product_cat-ordem-e-armazenamento","11":"product_cat-fiestas","12":"product_cat-navidad","13":"product_cat-utensilios","15":"first","16":"instock","17":"taxable","18":"shipping-taxable","19":"purchasable","20":"product-type-simple"},"acf":[],"df_price":5.75,"df_sale_price":"","df_regular_price":5.75,"df_image_link":"https:\/\/glotomania.com\/wp-content\/uploads\/2025\/03\/img_26093_c0075b5f6dfc02f1d0b75e9a41bfa2e9_1-300x300.jpg","brands":[],"_links":{"self":[{"href":"https:\/\/glotomania.com\/pt-pt\/wp-json\/wp\/v2\/product\/390364","targetHints":{"allow":["GET"]}}],"collection":[{"href":"https:\/\/glotomania.com\/pt-pt\/wp-json\/wp\/v2\/product"}],"about":[{"href":"https:\/\/glotomania.com\/pt-pt\/wp-json\/wp\/v2\/types\/product"}],"replies":[{"embeddable":true,"href":"https:\/\/glotomania.com\/pt-pt\/wp-json\/wp\/v2\/comments?post=390364"}],"wp:featuredmedia":[{"embeddable":true,"href":"https:\/\/glotomania.com\/pt-pt\/wp-json\/wp\/v2\/media\/55177"}],"wp:attachment":[{"href":"https:\/\/glotomania.com\/pt-pt\/wp-json\/wp\/v2\/media?parent=390364"}],"wp:term":[{"taxonomy":"pwb-brand","embeddable":true,"href":"https:\/\/glotomania.com\/pt-pt\/wp-json\/wp\/v2\/pwb-brand?post=390364"},{"taxonomy":"product_brand","embeddable":true,"href":"https:\/\/glotomania.com\/pt-pt\/wp-json\/wp\/v2\/product_brand?post=390364"},{"taxonomy":"product_cat","embeddable":true,"href":"https:\/\/glotomania.com\/pt-pt\/wp-json\/wp\/v2\/product_cat?post=390364"},{"taxonomy":"product_tag","embeddable":true,"href":"https:\/\/glotomania.com\/pt-pt\/wp-json\/wp\/v2\/product_tag?post=390364"}],"curies":[{"name":"wp","href":"https:\/\/api.w.org\/{rel}","templated":true}]}}