{"id":390367,"date":"2025-09-02T11:03:17","date_gmt":"2025-09-02T11:03:17","guid":{"rendered":"https:\/\/glotomania.com\/p\/manga-pastelera-uso-multiple-wilton-25-cm-2\/"},"modified":"2026-03-11T02:17:35","modified_gmt":"2026-03-11T02:17:35","slug":"manga-pastelera-uso-multiple-wilton-25-cm-2","status":"publish","type":"product","link":"https:\/\/glotomania.com\/pt-pt\/p\/manga-pastelera-uso-multiple-wilton-25-cm-2\/","title":{"rendered":"Saco De Pasteleiro Multiusos Wilton &#8211; 25 Cm"},"content":{"rendered":"<p>&nbsp;<\/p>\n<p><span><span style=\"font-size: 14px\">Material de revestimento para repelir a gordura.&nbsp;<\/span><\/span><\/p>\n<p><span><span style=\"font-size: 14px\"><strong>Medidas:&nbsp;<\/strong>25 cm.<\/span><\/span><\/p>\n<p><span><em><span style=\"font-size: 14px\">Lav&aacute;vel em &aacute;gua quente e na m&aacute;quina de lavar lou&ccedil;a.<\/span><\/em><\/span><\/p>\n","protected":false},"excerpt":{"rendered":"<p>Saco pasteleiero Wilton multiusos. Leve, resistente e feito de poli\u00e9ster flex\u00edvel, permanece flex\u00edvel.<\/p>\n","protected":false},"featured_media":55168,"comment_status":"open","ping_status":"closed","template":"","meta":{"_acf_changed":false},"pwb-brand":[],"product_brand":[],"product_cat":[3106,3087,3126,1820,1883,1767],"product_tag":[],"class_list":{"0":"post-390367","1":"product","2":"type-product","3":"status-publish","4":"has-post-thumbnail","6":"product_cat-basicos-de-pastelaria","7":"product_cat-ordem-e-armazenamento","8":"product_cat-sacos-de-pasteleiro-e-acessorios-2","9":"product_cat-basicos","10":"product_cat-mangas-pasteleras","11":"product_cat-utensilios","13":"first","14":"instock","15":"taxable","16":"shipping-taxable","17":"purchasable","18":"product-type-simple"},"acf":[],"df_price":5.85,"df_sale_price":"","df_regular_price":5.85,"df_image_link":"https:\/\/glotomania.com\/wp-content\/uploads\/2025\/03\/img_26107_beba3dd24faae5556fd9d80b38bedcb4_1-300x300.jpg","brands":[],"_links":{"self":[{"href":"https:\/\/glotomania.com\/pt-pt\/wp-json\/wp\/v2\/product\/390367","targetHints":{"allow":["GET"]}}],"collection":[{"href":"https:\/\/glotomania.com\/pt-pt\/wp-json\/wp\/v2\/product"}],"about":[{"href":"https:\/\/glotomania.com\/pt-pt\/wp-json\/wp\/v2\/types\/product"}],"replies":[{"embeddable":true,"href":"https:\/\/glotomania.com\/pt-pt\/wp-json\/wp\/v2\/comments?post=390367"}],"wp:featuredmedia":[{"embeddable":true,"href":"https:\/\/glotomania.com\/pt-pt\/wp-json\/wp\/v2\/media\/55168"}],"wp:attachment":[{"href":"https:\/\/glotomania.com\/pt-pt\/wp-json\/wp\/v2\/media?parent=390367"}],"wp:term":[{"taxonomy":"pwb-brand","embeddable":true,"href":"https:\/\/glotomania.com\/pt-pt\/wp-json\/wp\/v2\/pwb-brand?post=390367"},{"taxonomy":"product_brand","embeddable":true,"href":"https:\/\/glotomania.com\/pt-pt\/wp-json\/wp\/v2\/product_brand?post=390367"},{"taxonomy":"product_cat","embeddable":true,"href":"https:\/\/glotomania.com\/pt-pt\/wp-json\/wp\/v2\/product_cat?post=390367"},{"taxonomy":"product_tag","embeddable":true,"href":"https:\/\/glotomania.com\/pt-pt\/wp-json\/wp\/v2\/product_tag?post=390367"}],"curies":[{"name":"wp","href":"https:\/\/api.w.org\/{rel}","templated":true}]}}