{"id":390371,"date":"2025-09-02T11:03:20","date_gmt":"2025-09-02T11:03:20","guid":{"rendered":"https:\/\/glotomania.com\/p\/molde-rectangular-performance-pans-wilton-40-x-10-cm-2\/"},"modified":"2026-03-11T02:17:44","modified_gmt":"2026-03-11T02:17:44","slug":"molde-rectangular-performance-pans-wilton-40-x-10-cm-2","status":"publish","type":"product","link":"https:\/\/glotomania.com\/pt-pt\/p\/molde-rectangular-performance-pans-wilton-40-x-10-cm-2\/","title":{"rendered":"Molde Rectangular &#8220;performance Pans&#8221; Wilton &#8211; 40 X 10 Cm"},"content":{"rendered":"<p>&nbsp;<\/p>\n<p><span style=\"font-size:14px\"><span style=\"color:#000000\">Com as Performance Pans&reg;, pode fazer mais em menos tempo, ideal para bolos grandes, p&atilde;es, p&atilde;es de banana,&#8230; e muito mais! e muito mais! A distribui&ccedil;&atilde;o homog&eacute;nea do calor ajuda a reduzir os restos de comida na frigideira.<\/span><\/span><\/p>\n<p><span style=\"font-size:14px\"><span style=\"color:#000000\">Fabricada em alum&iacute;nio anodizado, resistente &agrave; ferrugem e sem produtos qu&iacute;micos. Especialmente concebido para durar anos de utiliza&ccedil;&atilde;o.<\/span><\/span><\/p>\n<p><span style=\"font-size:14px\"><span style=\"color:#000000\"><strong>Dimens&otilde;es aproximadas: <\/strong>40 x 10 cm &#8211; profundidade 10 cm.<\/span><\/span><\/p>\n<p><span style=\"font-size:14px\"><span style=\"color:#000000\"><strong>Conselhos de conserva&ccedil;&atilde;o<\/strong><strong>:<\/strong><\/span><\/span><\/p>\n<ul>\n<li><span style=\"font-size:14px\"><span style=\"color:#000000\">Lavar &agrave; m&atilde;o com &aacute;gua morna e sab&atilde;o antes e depois de cada utiliza&ccedil;&atilde;o. Enxaguar e secar bem com um pano macio.<\/span><\/span><\/li>\n<li><span style=\"font-size:14px\"><span style=\"color:#000000\">N&atilde;o pode ser lavado na m&aacute;quina de lavar lou&ccedil;a e os utens&iacute;lios de metal devem ser evitados (opte por silicone ou madeira).<\/span><\/span><\/li>\n<li><span style=\"font-size:14px\"><span style=\"color:#000000\">O contacto com alguns alimentos &aacute;cidos pode manchar o molde, mas as manchas ou riscos ocasionais n&atilde;o afectam o seu desempenho.<\/span><\/span><\/li>\n<\/ul>\n<p><span style=\"font-size:14px\"><span style=\"color:#000000\"><strong>Modo de utiliza&ccedil;&atilde;o:<\/strong><\/span><\/span><\/p>\n<ul>\n<li><span style=\"font-size:14px\"><span style=\"color:#000000\">Pr&eacute;-aque&ccedil;a o forno de acordo com as instru&ccedil;&otilde;es da receita.<\/span><\/span><\/li>\n<li><span style=\"font-size:14px\"><span style=\"color:#000000\">Preparar o interior da forma com papel vegetal ou com um spray de liberta&ccedil;&atilde;o.<\/span><\/span><\/li>\n<li><span style=\"font-size:14px\"><span style=\"color:#000000\">Coza de acordo com as instru&ccedil;&otilde;es da sua receita favorita. Para dourar uniformemente, certifique-se de que coze apenas na grelha superior do forno.<\/span><\/span><\/li>\n<\/ul>\n","protected":false},"excerpt":{"rendered":"<p>Fabricado em alum\u00ednio anodizado, resistente \u00e0 oxida\u00e7\u00e3o e isento de produtos qu\u00edmicos, garante um aquecimento uniforme e constante para resultados excepcionais dos nossos p\u00e3es.<\/p>\n","protected":false},"featured_media":55158,"comment_status":"open","ping_status":"closed","template":"","meta":{"_acf_changed":false},"pwb-brand":[],"product_brand":[],"product_cat":[3217,3214,3087,1802,1801,1805,1767],"product_tag":[],"class_list":{"0":"post-390371","1":"product","2":"type-product","3":"status-publish","4":"has-post-thumbnail","6":"product_cat-moldes-de-formas-especiais","7":"product_cat-moldes-de-pastelaria","8":"product_cat-ordem-e-armazenamento","9":"product_cat-moldes-metal","10":"product_cat-moldes","11":"product_cat-moldes-rectangulares","12":"product_cat-utensilios","14":"first","15":"instock","16":"taxable","17":"shipping-taxable","18":"purchasable","19":"product-type-simple"},"acf":[],"df_price":16.95,"df_sale_price":"","df_regular_price":16.95,"df_image_link":"https:\/\/glotomania.com\/wp-content\/uploads\/2025\/03\/img_26118_359023dfc258b9179bd7cf4ba94ec0c8_1-300x300.jpg","brands":[],"_links":{"self":[{"href":"https:\/\/glotomania.com\/pt-pt\/wp-json\/wp\/v2\/product\/390371","targetHints":{"allow":["GET"]}}],"collection":[{"href":"https:\/\/glotomania.com\/pt-pt\/wp-json\/wp\/v2\/product"}],"about":[{"href":"https:\/\/glotomania.com\/pt-pt\/wp-json\/wp\/v2\/types\/product"}],"replies":[{"embeddable":true,"href":"https:\/\/glotomania.com\/pt-pt\/wp-json\/wp\/v2\/comments?post=390371"}],"wp:featuredmedia":[{"embeddable":true,"href":"https:\/\/glotomania.com\/pt-pt\/wp-json\/wp\/v2\/media\/55158"}],"wp:attachment":[{"href":"https:\/\/glotomania.com\/pt-pt\/wp-json\/wp\/v2\/media?parent=390371"}],"wp:term":[{"taxonomy":"pwb-brand","embeddable":true,"href":"https:\/\/glotomania.com\/pt-pt\/wp-json\/wp\/v2\/pwb-brand?post=390371"},{"taxonomy":"product_brand","embeddable":true,"href":"https:\/\/glotomania.com\/pt-pt\/wp-json\/wp\/v2\/product_brand?post=390371"},{"taxonomy":"product_cat","embeddable":true,"href":"https:\/\/glotomania.com\/pt-pt\/wp-json\/wp\/v2\/product_cat?post=390371"},{"taxonomy":"product_tag","embeddable":true,"href":"https:\/\/glotomania.com\/pt-pt\/wp-json\/wp\/v2\/product_tag?post=390371"}],"curies":[{"name":"wp","href":"https:\/\/api.w.org\/{rel}","templated":true}]}}