{"id":390372,"date":"2025-09-02T11:03:21","date_gmt":"2025-09-02T11:03:21","guid":{"rendered":"https:\/\/glotomania.com\/p\/juego-32-piezas-para-castillos-wilton-2\/"},"modified":"2026-03-11T02:17:46","modified_gmt":"2026-03-11T02:17:46","slug":"juego-32-piezas-para-castillos-wilton-2","status":"publish","type":"product","link":"https:\/\/glotomania.com\/pt-pt\/p\/juego-32-piezas-para-castillos-wilton-2\/","title":{"rendered":"Conjunto De Castelo De 32 Pe\u00c7as &#8211; Wilton"},"content":{"rendered":"<p>&nbsp;<\/p>\n<p><span style=\"font-size:14px\"><span style=\"color:#000000\">D&ecirc; um toque de fantasia &agrave;s suas sobremesas e surpreenda todos com as suas capacidades de decora&ccedil;&atilde;o.<\/span><\/span><\/p>\n<p><span style=\"font-size:14px\"><span style=\"color:#000000\">O conjunto inclui tr&ecirc;s tamanhos de torres finamente detalhadas, cada uma com um topo amov&iacute;vel. Al&eacute;m disso, inclui seis janelas, uma porta de entrada e um telhado &#8211; tudo o que precisa para dar vida &agrave;s suas cria&ccedil;&otilde;es.<\/span><\/span><\/p>\n<p><span style=\"font-size:14px\"><span style=\"color:#000000\"><strong>Dimens&otilde;es aproximadas das pe&ccedil;as:<\/strong> &Oslash; 6 cm &#8211; Comprimento 21,5 &#8211; 17,2 &#8211; 15,8 cm (as medidas n&atilde;o incluem as pontas do castelo).<\/span><\/span><\/p>\n","protected":false},"excerpt":{"rendered":"<p>Transforme os seus bolos de v\u00e1rias camadas em castelos m\u00e1gicos com este encantador conjunto decorativo de 32 pe\u00e7as.<\/p>\n","protected":false},"featured_media":55170,"comment_status":"open","ping_status":"closed","template":"","meta":{"_acf_changed":false},"pwb-brand":[],"product_brand":[],"product_cat":[2908,2911,2907,3087,3227,1812,1862,1885,1849,1767],"product_tag":[],"class_list":{"0":"post-390372","1":"product","2":"type-product","3":"status-publish","4":"has-post-thumbnail","6":"product_cat-batizados","7":"product_cat-comunhoes","8":"product_cat-festas","9":"product_cat-ordem-e-armazenamento","10":"product_cat-pilares-e-structuras","11":"product_cat-pilares-y-estructuras","12":"product_cat-comuniones","13":"product_cat-bautizos","14":"product_cat-fiestas","15":"product_cat-utensilios","17":"first","18":"instock","19":"taxable","20":"shipping-taxable","21":"purchasable","22":"product-type-simple"},"acf":[],"df_price":18.5,"df_sale_price":"","df_regular_price":18.5,"df_image_link":"https:\/\/glotomania.com\/wp-content\/uploads\/2025\/03\/img_26120_3439f218238e00329ec523efccad0c2a_1-300x300.jpg","brands":[],"_links":{"self":[{"href":"https:\/\/glotomania.com\/pt-pt\/wp-json\/wp\/v2\/product\/390372","targetHints":{"allow":["GET"]}}],"collection":[{"href":"https:\/\/glotomania.com\/pt-pt\/wp-json\/wp\/v2\/product"}],"about":[{"href":"https:\/\/glotomania.com\/pt-pt\/wp-json\/wp\/v2\/types\/product"}],"replies":[{"embeddable":true,"href":"https:\/\/glotomania.com\/pt-pt\/wp-json\/wp\/v2\/comments?post=390372"}],"wp:featuredmedia":[{"embeddable":true,"href":"https:\/\/glotomania.com\/pt-pt\/wp-json\/wp\/v2\/media\/55170"}],"wp:attachment":[{"href":"https:\/\/glotomania.com\/pt-pt\/wp-json\/wp\/v2\/media?parent=390372"}],"wp:term":[{"taxonomy":"pwb-brand","embeddable":true,"href":"https:\/\/glotomania.com\/pt-pt\/wp-json\/wp\/v2\/pwb-brand?post=390372"},{"taxonomy":"product_brand","embeddable":true,"href":"https:\/\/glotomania.com\/pt-pt\/wp-json\/wp\/v2\/product_brand?post=390372"},{"taxonomy":"product_cat","embeddable":true,"href":"https:\/\/glotomania.com\/pt-pt\/wp-json\/wp\/v2\/product_cat?post=390372"},{"taxonomy":"product_tag","embeddable":true,"href":"https:\/\/glotomania.com\/pt-pt\/wp-json\/wp\/v2\/product_tag?post=390372"}],"curies":[{"name":"wp","href":"https:\/\/api.w.org\/{rel}","templated":true}]}}