{"id":390374,"date":"2025-09-02T11:03:22","date_gmt":"2025-09-02T11:03:22","guid":{"rendered":"https:\/\/glotomania.com\/p\/bolsas-para-dulces-de-colores-wilton-2\/"},"modified":"2026-03-11T02:17:51","modified_gmt":"2026-03-11T02:17:51","slug":"bolsas-para-dulces-de-colores-wilton-2","status":"publish","type":"product","link":"https:\/\/glotomania.com\/pt-pt\/p\/bolsas-para-dulces-de-colores-wilton-2\/","title":{"rendered":"Sacos De Doces Coloridos &#8211; Wilton"},"content":{"rendered":"<p>&nbsp;<\/p>\n<p><span style=\"font-size:14px\"><span style=\"color:#000000\">Fant&aacute;stico conjunto de sacos coloridos, com 6 op&ccedil;&otilde;es de cores vibrantes: <strong>amarelo<\/strong>, <strong>laranja<\/strong>, <strong>vermelho<\/strong>, <strong>roxo<\/strong>, <strong>azul<\/strong> e <strong>verde<\/strong>.<\/span><\/span><\/p>\n<p><span style=\"font-size:14px\"><span style=\"color:#000000\">Fabricados em pl&aacute;stico de qualidade alimentar.<\/span><\/span><\/p>\n<p><span style=\"font-size:14px\"><span style=\"color:#000000\"><strong>Dimens&otilde;es aproximadas: <\/strong>10 x 5 x 24 cm.<\/span><\/span><\/p>\n<p><em><span style=\"font-size:14px\"><span style=\"color:#000000\">A embalagem inclui 30 sacos e 30 fitas (5 de cada cor).<\/span><\/span><\/em><\/p>\n","protected":false},"excerpt":{"rendered":"<p>Cada embalagem inclui 30 sacos e 30 la\u00e7os, com 6 op\u00e7\u00f5es de cores vibrantes, perfeitos para festas, eventos ou como um presente especial.<\/p>\n","protected":false},"featured_media":55167,"comment_status":"open","ping_status":"closed","template":"","meta":{"_acf_changed":false},"pwb-brand":[],"product_brand":[],"product_cat":[2907,3087,2921,3149,3153,2006,2005,1849,1858,1767],"product_tag":[],"class_list":{"0":"post-390374","1":"product","2":"type-product","3":"status-publish","4":"has-post-thumbnail","6":"product_cat-festas","7":"product_cat-ordem-e-armazenamento","8":"product_cat-pascoa","9":"product_cat-sacos-de-pastelaria-2","10":"product_cat-sacos-para-doces-2","11":"product_cat-bolsas-dulces","12":"product_cat-bolsas","13":"product_cat-fiestas","14":"product_cat-pascua","15":"product_cat-utensilios","17":"first","18":"instock","19":"taxable","20":"shipping-taxable","21":"purchasable","22":"product-type-simple"},"acf":[],"df_price":3.15,"df_sale_price":"","df_regular_price":3.15,"df_image_link":"https:\/\/glotomania.com\/wp-content\/uploads\/2025\/03\/img_26129_534fdb21b4da9655732dd7691020f850_1-300x300.jpg","brands":[],"_links":{"self":[{"href":"https:\/\/glotomania.com\/pt-pt\/wp-json\/wp\/v2\/product\/390374","targetHints":{"allow":["GET"]}}],"collection":[{"href":"https:\/\/glotomania.com\/pt-pt\/wp-json\/wp\/v2\/product"}],"about":[{"href":"https:\/\/glotomania.com\/pt-pt\/wp-json\/wp\/v2\/types\/product"}],"replies":[{"embeddable":true,"href":"https:\/\/glotomania.com\/pt-pt\/wp-json\/wp\/v2\/comments?post=390374"}],"wp:featuredmedia":[{"embeddable":true,"href":"https:\/\/glotomania.com\/pt-pt\/wp-json\/wp\/v2\/media\/55167"}],"wp:attachment":[{"href":"https:\/\/glotomania.com\/pt-pt\/wp-json\/wp\/v2\/media?parent=390374"}],"wp:term":[{"taxonomy":"pwb-brand","embeddable":true,"href":"https:\/\/glotomania.com\/pt-pt\/wp-json\/wp\/v2\/pwb-brand?post=390374"},{"taxonomy":"product_brand","embeddable":true,"href":"https:\/\/glotomania.com\/pt-pt\/wp-json\/wp\/v2\/product_brand?post=390374"},{"taxonomy":"product_cat","embeddable":true,"href":"https:\/\/glotomania.com\/pt-pt\/wp-json\/wp\/v2\/product_cat?post=390374"},{"taxonomy":"product_tag","embeddable":true,"href":"https:\/\/glotomania.com\/pt-pt\/wp-json\/wp\/v2\/product_tag?post=390374"}],"curies":[{"name":"wp","href":"https:\/\/api.w.org\/{rel}","templated":true}]}}