{"id":390378,"date":"2025-09-02T11:03:45","date_gmt":"2025-09-02T11:03:45","guid":{"rendered":"https:\/\/glotomania.com\/p\/preparado-funcakes-para-cupcakes-4-kg-2\/"},"modified":"2026-04-28T00:17:27","modified_gmt":"2026-04-28T00:17:27","slug":"preparado-funcakes-para-cupcakes-4-kg-2","status":"publish","type":"product","link":"https:\/\/glotomania.com\/pt-pt\/p\/preparado-funcakes-para-cupcakes-4-kg-2\/","title":{"rendered":"Prepara\u00c7\u00c3o De Funcakes Para Cupcakes 4 Kg"},"content":{"rendered":"<p>&nbsp;<\/p>\n<p><span style=\"color:#000000\"><span style=\"font-size: 14px\"><strong>Modo de prepara&ccedil;&atilde;o:<\/strong><br \/>\nCertifique-se de que todos os ingredientes est&atilde;o &agrave; temperatura ambiente. Aquecer o forno a 180&deg;C (forno de convec&ccedil;&atilde;o, 160&deg;C).<\/span><\/span><\/p>\n<p><span style=\"color:#000000\"><span style=\"font-size: 14px\"><strong>Para 20-24 cupcakes,&nbsp;<\/strong>bater 500 g da mistura, 250 g de manteiga e 5 ovos (tamanho M, aproximadamente 250 g) durante 4 minutos a baixa velocidade, at&eacute; obter uma massa lisa.<br \/>\nDistribuir c&aacute;psulas de papel numa lata de muffin e verter a massa com uma colher sobre os bolinhos (cerca de meio caminho para cima). Cozer os cupcakes no forno pr&eacute;-aquecido durante aproximadamente 18 minutos.&nbsp;<\/span><\/span><\/p>\n<p><span style=\"color:#000000\"><span style=\"font-size: 14px\"><strong>Para mini cupcakes:<\/strong>&nbsp;Com 500 g da mistura de cupcakes pode fazer aproximadamente 40-48 mini cupcakes. Cozer os mini cupcakes durante aproximadamente 12-15 minutos.&nbsp;<\/span><\/span><\/p>\n<p><span style=\"color:#000000\"><span style=\"font-size: 14px\"><strong>Bolo de ameixa (25 cm):&nbsp;<\/strong>Cozer o bolo a 150-160&deg;C (forno de convec&ccedil;&atilde;o) durante aproximadamente 60-70 minutos. Dica: Adicionar um toque de sal e\/ou um sabor, por exemplo, lim&atilde;o ou laranja.<\/span><\/span><\/p>\n","protected":false},"excerpt":{"rendered":"<p>Com a prepara\u00e7\u00e3o de Funcakes, em apenas 25 minutos, obter\u00e1 cupcakes deliciosos e fofos!<\/p>\n","protected":false},"featured_media":62151,"comment_status":"open","ping_status":"closed","template":"","meta":{"_acf_changed":false},"pwb-brand":[],"product_brand":[],"product_cat":[2996,2997,2997,3054,3054,2996],"product_tag":[],"class_list":{"0":"post-390378","1":"product","2":"type-product","3":"status-publish","4":"has-post-thumbnail","6":"product_cat-produtos-vegetarianos","7":"product_cat-halal","9":"product_cat-preparados-de-pastelaria-2","13":"first","14":"instock","15":"taxable","16":"shipping-taxable","17":"purchasable","18":"product-type-simple"},"acf":[],"df_price":15.37,"df_sale_price":15.37,"df_regular_price":21.96,"df_image_link":"https:\/\/glotomania.com\/wp-content\/uploads\/2025\/03\/img_26188_d2a44e80ad06ade60ac2fc5d4e71dc80_1-300x300.jpg","brands":[],"_links":{"self":[{"href":"https:\/\/glotomania.com\/pt-pt\/wp-json\/wp\/v2\/product\/390378","targetHints":{"allow":["GET"]}}],"collection":[{"href":"https:\/\/glotomania.com\/pt-pt\/wp-json\/wp\/v2\/product"}],"about":[{"href":"https:\/\/glotomania.com\/pt-pt\/wp-json\/wp\/v2\/types\/product"}],"replies":[{"embeddable":true,"href":"https:\/\/glotomania.com\/pt-pt\/wp-json\/wp\/v2\/comments?post=390378"}],"wp:featuredmedia":[{"embeddable":true,"href":"https:\/\/glotomania.com\/pt-pt\/wp-json\/wp\/v2\/media\/62151"}],"wp:attachment":[{"href":"https:\/\/glotomania.com\/pt-pt\/wp-json\/wp\/v2\/media?parent=390378"}],"wp:term":[{"taxonomy":"pwb-brand","embeddable":true,"href":"https:\/\/glotomania.com\/pt-pt\/wp-json\/wp\/v2\/pwb-brand?post=390378"},{"taxonomy":"product_brand","embeddable":true,"href":"https:\/\/glotomania.com\/pt-pt\/wp-json\/wp\/v2\/product_brand?post=390378"},{"taxonomy":"product_cat","embeddable":true,"href":"https:\/\/glotomania.com\/pt-pt\/wp-json\/wp\/v2\/product_cat?post=390378"},{"taxonomy":"product_tag","embeddable":true,"href":"https:\/\/glotomania.com\/pt-pt\/wp-json\/wp\/v2\/product_tag?post=390378"}],"curies":[{"name":"wp","href":"https:\/\/api.w.org\/{rel}","templated":true}]}}