{"id":390379,"date":"2025-09-02T11:03:47","date_gmt":"2025-09-02T11:03:47","guid":{"rendered":"https:\/\/glotomania.com\/p\/topper-para-tarta-dorado-dekora-mi-primera-comunion-2\/"},"modified":"2026-03-31T09:47:28","modified_gmt":"2026-03-31T09:47:28","slug":"topper-para-tarta-dorado-dekora-mi-primera-comunion-2","status":"publish","type":"product","link":"https:\/\/glotomania.com\/pt-pt\/p\/topper-para-tarta-dorado-dekora-mi-primera-comunion-2\/","title":{"rendered":"Topo De Bolo Dourado Dekora &#8211; &#8220;mi Primera Comunion&#8221;"},"content":{"rendered":"<p>&nbsp;<\/p>\n<p><span style=\"color:#000000\"><span style=\"font-size:14px\">Figura n&atilde;o comest&iacute;vel, deve ser retirada antes de comer o bolo.&nbsp;<br \/>\nProduto em pl&aacute;stico, PVC, com excelente acabamento.<\/span><\/span><\/p>\n<p><em><span style=\"color:#000000\"><span style=\"font-size:14px\">Regulamento<strong> (UE) 1935\/2004: <\/strong>materiais e objectos destinados a entrar em contacto direto com os alimentos.<\/span><\/span><\/em><\/p>\n<p><span style=\"color:#000000\"><span style=\"font-size:14px\"><strong>Medidas:<\/strong> 16 x 9,5 cm.<\/span><\/span><\/p>\n<p>&nbsp;<\/p>\n<p><span style=\"color:#000000\"><span style=\"font-size:14px\"><strong>Armazenamento: <\/strong>&eacute; essencial mant&ecirc;-lo na sua embalagem e caixa originais durante o armazenamento.<\/span><\/span><\/p>\n","protected":false},"excerpt":{"rendered":"<p>Elegante e bela decora\u00e7\u00e3o dourada para coroar os nossos bolos de comunh\u00e3o dando-lhes um toque distinto.<\/p>\n","protected":false},"featured_media":62138,"comment_status":"open","ping_status":"closed","template":"","meta":{"_acf_changed":false},"pwb-brand":[],"product_brand":[],"product_cat":[2911,3200,3200,2907,3087,2911,2907,3208,3208,3087],"product_tag":[],"class_list":{"0":"post-390379","1":"product","2":"type-product","3":"status-publish","4":"has-post-thumbnail","6":"product_cat-comunhoes","7":"product_cat-decoracoes-nao-comestiveis","9":"product_cat-festas","10":"product_cat-ordem-e-armazenamento","13":"product_cat-toppers-para-bolos","17":"first","18":"instock","19":"taxable","20":"shipping-taxable","21":"purchasable","22":"product-type-simple"},"acf":[],"df_price":2.1,"df_sale_price":"","df_regular_price":2.1,"df_image_link":"https:\/\/glotomania.com\/wp-content\/uploads\/2025\/04\/img_26215_e1754d0bd9ef196a55c96dfb244fe644_1-300x300.jpg","brands":[],"_links":{"self":[{"href":"https:\/\/glotomania.com\/pt-pt\/wp-json\/wp\/v2\/product\/390379","targetHints":{"allow":["GET"]}}],"collection":[{"href":"https:\/\/glotomania.com\/pt-pt\/wp-json\/wp\/v2\/product"}],"about":[{"href":"https:\/\/glotomania.com\/pt-pt\/wp-json\/wp\/v2\/types\/product"}],"replies":[{"embeddable":true,"href":"https:\/\/glotomania.com\/pt-pt\/wp-json\/wp\/v2\/comments?post=390379"}],"wp:featuredmedia":[{"embeddable":true,"href":"https:\/\/glotomania.com\/pt-pt\/wp-json\/wp\/v2\/media\/62138"}],"wp:attachment":[{"href":"https:\/\/glotomania.com\/pt-pt\/wp-json\/wp\/v2\/media?parent=390379"}],"wp:term":[{"taxonomy":"pwb-brand","embeddable":true,"href":"https:\/\/glotomania.com\/pt-pt\/wp-json\/wp\/v2\/pwb-brand?post=390379"},{"taxonomy":"product_brand","embeddable":true,"href":"https:\/\/glotomania.com\/pt-pt\/wp-json\/wp\/v2\/product_brand?post=390379"},{"taxonomy":"product_cat","embeddable":true,"href":"https:\/\/glotomania.com\/pt-pt\/wp-json\/wp\/v2\/product_cat?post=390379"},{"taxonomy":"product_tag","embeddable":true,"href":"https:\/\/glotomania.com\/pt-pt\/wp-json\/wp\/v2\/product_tag?post=390379"}],"curies":[{"name":"wp","href":"https:\/\/api.w.org\/{rel}","templated":true}]}}