{"id":390380,"date":"2025-09-02T11:03:48","date_gmt":"2025-09-02T11:03:48","guid":{"rendered":"https:\/\/glotomania.com\/p\/topper-para-tarta-negro-dekora-happy-easter-2\/"},"modified":"2026-03-11T04:02:34","modified_gmt":"2026-03-11T04:02:34","slug":"topper-para-tarta-negro-dekora-happy-easter-2","status":"publish","type":"product","link":"https:\/\/glotomania.com\/pt-pt\/p\/topper-para-tarta-negro-dekora-happy-easter-2\/","title":{"rendered":"Topo De Bolo Preto Dekora &#8211; \u201chappy Easter\u201d"},"content":{"rendered":"<p>&nbsp;<\/p>\n<p><span style=\"color:#000000\"><span style=\"font-size:14px\">Figura n&atilde;o comest&iacute;vel, deve ser retirada antes de comer o bolo.&nbsp;<br \/>\nProduto em pl&aacute;stico, PVC, com excelente acabamento.<\/span><\/span><\/p>\n<p><em><span style=\"color:#000000\"><span style=\"font-size:14px\">Regulamento<strong> (UE) 1935\/2004:<\/strong> materiais e objectos destinados a entrar em contacto direto com os alimentos.<\/span><\/span><\/em><\/p>\n<p><span style=\"color:#000000\"><span style=\"font-size:14px\"><strong>Medidas: <\/strong>16,5 x 10,5 cm.<\/span><\/span><\/p>\n<p>&nbsp;<\/p>\n<p><span style=\"color:#000000\"><span style=\"font-size:14px\"><strong>Armazenamento<\/strong>: &eacute; essencial mant&ecirc;-lo na sua embalagem e caixa originais durante o armazenamento.<\/span><\/span><\/p>\n","protected":false},"excerpt":{"rendered":"<p>Decora\u00e7\u00e3o dourada elegante e bonita para coroar os nossos bolos e doces da P\u00e1scoa e da primavera.<\/p>\n","protected":false},"featured_media":62169,"comment_status":"open","ping_status":"closed","template":"","meta":{"_acf_changed":false},"pwb-brand":[],"product_brand":[],"product_cat":[3200,2907,3087,2921,3208,1792,1849,1858,1793,1767],"product_tag":[],"class_list":{"0":"post-390380","1":"product","2":"type-product","3":"status-publish","4":"has-post-thumbnail","6":"product_cat-decoracoes-nao-comestiveis","7":"product_cat-festas","8":"product_cat-ordem-e-armazenamento","9":"product_cat-pascoa","10":"product_cat-toppers-para-bolos","11":"product_cat-decoracion-no-comestible","12":"product_cat-fiestas","13":"product_cat-pascua","14":"product_cat-toppers","15":"product_cat-utensilios","17":"first","18":"instock","19":"taxable","20":"shipping-taxable","21":"purchasable","22":"product-type-simple"},"acf":[],"df_price":2.15,"df_sale_price":"","df_regular_price":2.15,"df_image_link":"https:\/\/glotomania.com\/wp-content\/uploads\/2025\/04\/img_26218_ce872a725759ac79e935e053adc57aed_1-300x300.jpg","brands":[],"_links":{"self":[{"href":"https:\/\/glotomania.com\/pt-pt\/wp-json\/wp\/v2\/product\/390380","targetHints":{"allow":["GET"]}}],"collection":[{"href":"https:\/\/glotomania.com\/pt-pt\/wp-json\/wp\/v2\/product"}],"about":[{"href":"https:\/\/glotomania.com\/pt-pt\/wp-json\/wp\/v2\/types\/product"}],"replies":[{"embeddable":true,"href":"https:\/\/glotomania.com\/pt-pt\/wp-json\/wp\/v2\/comments?post=390380"}],"wp:featuredmedia":[{"embeddable":true,"href":"https:\/\/glotomania.com\/pt-pt\/wp-json\/wp\/v2\/media\/62169"}],"wp:attachment":[{"href":"https:\/\/glotomania.com\/pt-pt\/wp-json\/wp\/v2\/media?parent=390380"}],"wp:term":[{"taxonomy":"pwb-brand","embeddable":true,"href":"https:\/\/glotomania.com\/pt-pt\/wp-json\/wp\/v2\/pwb-brand?post=390380"},{"taxonomy":"product_brand","embeddable":true,"href":"https:\/\/glotomania.com\/pt-pt\/wp-json\/wp\/v2\/product_brand?post=390380"},{"taxonomy":"product_cat","embeddable":true,"href":"https:\/\/glotomania.com\/pt-pt\/wp-json\/wp\/v2\/product_cat?post=390380"},{"taxonomy":"product_tag","embeddable":true,"href":"https:\/\/glotomania.com\/pt-pt\/wp-json\/wp\/v2\/product_tag?post=390380"}],"curies":[{"name":"wp","href":"https:\/\/api.w.org\/{rel}","templated":true}]}}