{"id":390382,"date":"2025-09-02T11:03:50","date_gmt":"2025-09-02T11:03:50","guid":{"rendered":"https:\/\/glotomania.com\/p\/set-6-espatulas-acrilicas-scrapers-alisadores-de-contornos-2\/"},"modified":"2026-04-13T22:59:42","modified_gmt":"2026-04-13T22:59:42","slug":"set-6-espatulas-acrilicas-scrapers-alisadores-de-contornos-2","status":"publish","type":"product","link":"https:\/\/glotomania.com\/pt-pt\/p\/set-6-espatulas-acrilicas-scrapers-alisadores-de-contornos-2\/","title":{"rendered":"Conjunto 6 Esp\u00c1tulas Acr\u00cdlicas &#8211; Raspadores Para Alisar Contornos"},"content":{"rendered":"<p>&nbsp;<\/p>\n<p><span style=\"font-size:14px\">O design sem pega permite uma utiliza&ccedil;&atilde;o vers&aacute;til, ideal para trabalhar com bolos altos. Controla facilmente o &acirc;ngulo para obter um acabamento perfeito na parte superior e inferior das suas cria&ccedil;&otilde;es.<\/span><\/p>\n<p><span style=\"font-size:14px\">Fabricado em acr&iacute;lico fundido e cortado a laser com precis&atilde;o. F&aacute;cil de limpar com um pano h&uacute;mido, recomenda-se uma limpeza completa se n&atilde;o for utilizado durante muito tempo.<\/span><\/p>\n<p><span style=\"font-size:14px\">Ideal para desenhar linhas bonitas em cremes, mousses, compotas, glac&ecirc;s&#8230;&nbsp;<\/span><\/p>\n<p><span style=\"font-size:14px\"><strong>Dimens&otilde;es aproximadas: <\/strong>Comprimento 24 cm &#8211; Largura 10 cm &#8211; Espessura 2 mm.<\/span><\/p>\n<p><em><span style=\"font-size:14px\">Est&atilde;o cobertas por uma pel&iacute;cula protetora para evitar riscos e p&oacute;, que deve ser retirada antes da utiliza&ccedil;&atilde;o.<\/span><\/em><\/p>\n","protected":false},"excerpt":{"rendered":"<p>Inclui 6 esp\u00e1tulas de acr\u00edlico com 11 padr\u00f5es diferentes, perfeitas para acabamentos perfeitos nos nossos bolos de creme.<\/p>\n","protected":false},"featured_media":62200,"comment_status":"open","ping_status":"closed","template":"","meta":{"_acf_changed":false,"_joinchat":[]},"pwb-brand":[],"product_brand":[],"product_cat":[3106,3120,3087,1820,1943,1767],"product_tag":[],"class_list":{"0":"post-390382","1":"product","2":"type-product","3":"status-publish","4":"has-post-thumbnail","6":"product_cat-basicos-de-pastelaria","7":"product_cat-espatulas-e-alisadores-2","8":"product_cat-ordem-e-armazenamento","9":"product_cat-basicos","10":"product_cat-espatulas-y-alisadores","11":"product_cat-utensilios","13":"first","14":"instock","15":"taxable","16":"shipping-taxable","17":"purchasable","18":"product-type-simple"},"acf":[],"df_price":10.95,"df_sale_price":"","df_regular_price":10.95,"df_image_link":"https:\/\/glotomania.com\/wp-content\/uploads\/2025\/04\/img_26226_2d7fe53038a388dce12e6b2d2a7bffc3_1-300x300.jpg","brands":[],"_links":{"self":[{"href":"https:\/\/glotomania.com\/pt-pt\/wp-json\/wp\/v2\/product\/390382","targetHints":{"allow":["GET"]}}],"collection":[{"href":"https:\/\/glotomania.com\/pt-pt\/wp-json\/wp\/v2\/product"}],"about":[{"href":"https:\/\/glotomania.com\/pt-pt\/wp-json\/wp\/v2\/types\/product"}],"replies":[{"embeddable":true,"href":"https:\/\/glotomania.com\/pt-pt\/wp-json\/wp\/v2\/comments?post=390382"}],"wp:featuredmedia":[{"embeddable":true,"href":"https:\/\/glotomania.com\/pt-pt\/wp-json\/wp\/v2\/media\/62200"}],"wp:attachment":[{"href":"https:\/\/glotomania.com\/pt-pt\/wp-json\/wp\/v2\/media?parent=390382"}],"wp:term":[{"taxonomy":"pwb-brand","embeddable":true,"href":"https:\/\/glotomania.com\/pt-pt\/wp-json\/wp\/v2\/pwb-brand?post=390382"},{"taxonomy":"product_brand","embeddable":true,"href":"https:\/\/glotomania.com\/pt-pt\/wp-json\/wp\/v2\/product_brand?post=390382"},{"taxonomy":"product_cat","embeddable":true,"href":"https:\/\/glotomania.com\/pt-pt\/wp-json\/wp\/v2\/product_cat?post=390382"},{"taxonomy":"product_tag","embeddable":true,"href":"https:\/\/glotomania.com\/pt-pt\/wp-json\/wp\/v2\/product_tag?post=390382"}],"curies":[{"name":"wp","href":"https:\/\/api.w.org\/{rel}","templated":true}]}}