{"id":390384,"date":"2025-09-02T11:03:52","date_gmt":"2025-09-02T11:03:52","guid":{"rendered":"https:\/\/glotomania.com\/p\/velas-cumpleanos-wilton-numeros-de-colores-2\/"},"modified":"2026-03-15T04:10:59","modified_gmt":"2026-03-15T04:10:59","slug":"velas-cumpleanos-wilton-numeros-de-colores-2","status":"publish","type":"product","link":"https:\/\/glotomania.com\/pt-pt\/p\/velas-cumpleanos-wilton-numeros-de-colores-2\/","title":{"rendered":"Velas De Anivers\u00c1rio Wilton &#8211; N\u00dameros De Cores"},"content":{"rendered":"<p>&nbsp;<\/p>\n<p><span style=\"font-size:14px\"><span style=\"color:#000000\">Inclui os n&uacute;meros de 0 a 9 para que os possa personalizar livremente para qualquer anivers&aacute;rio ou anivers&aacute;rio.<\/span><\/span><\/p>\n<p><span style=\"font-size:14px\"><span style=\"color:#000000\"><strong>Dimens&otilde;es aproximadas: <\/strong>altura 7,5 cm.<\/span><\/span><\/p>\n<p><span style=\"font-size:14px\"><span style=\"color:#000000\"><em>Lembre-se de nunca deixar as velas sem vigil&acirc;ncia e de as manter afastadas das crian&ccedil;as e dos animais de estima&ccedil;&atilde;o para garantir uma celebra&ccedil;&atilde;o segura e divertida.<\/em><\/span><\/span><\/p>\n","protected":false},"excerpt":{"rendered":"<p>Torne cada anivers\u00e1rio ainda mais especial com este divertido conjunto de 10 velas, com um design colorido e alegre, perfeito para celebra\u00e7\u00f5es de todas as idades.<\/p>\n","protected":false},"featured_media":62173,"comment_status":"open","ping_status":"closed","template":"","meta":{"_acf_changed":false},"pwb-brand":[],"product_brand":[],"product_cat":[3200,2907,3087,3210,3209,1792,1849,1767,1797,1795],"product_tag":[],"class_list":{"0":"post-390384","1":"product","2":"type-product","3":"status-publish","4":"has-post-thumbnail","6":"product_cat-decoracoes-nao-comestiveis","7":"product_cat-festas","8":"product_cat-ordem-e-armazenamento","9":"product_cat-velas-de-numeros","10":"product_cat-velas-para-bolos","11":"product_cat-decoracion-no-comestible","12":"product_cat-fiestas","13":"product_cat-utensilios","14":"product_cat-velas-numeros","15":"product_cat-velas","17":"first","18":"instock","19":"taxable","20":"shipping-taxable","21":"purchasable","22":"product-type-simple"},"acf":[],"df_price":3.55,"df_sale_price":"","df_regular_price":3.55,"df_image_link":"https:\/\/glotomania.com\/wp-content\/uploads\/2025\/04\/img_26244_016b59fb7dfacf38c70e70ff23097f61_1-300x300.jpg","brands":[],"_links":{"self":[{"href":"https:\/\/glotomania.com\/pt-pt\/wp-json\/wp\/v2\/product\/390384","targetHints":{"allow":["GET"]}}],"collection":[{"href":"https:\/\/glotomania.com\/pt-pt\/wp-json\/wp\/v2\/product"}],"about":[{"href":"https:\/\/glotomania.com\/pt-pt\/wp-json\/wp\/v2\/types\/product"}],"replies":[{"embeddable":true,"href":"https:\/\/glotomania.com\/pt-pt\/wp-json\/wp\/v2\/comments?post=390384"}],"wp:featuredmedia":[{"embeddable":true,"href":"https:\/\/glotomania.com\/pt-pt\/wp-json\/wp\/v2\/media\/62173"}],"wp:attachment":[{"href":"https:\/\/glotomania.com\/pt-pt\/wp-json\/wp\/v2\/media?parent=390384"}],"wp:term":[{"taxonomy":"pwb-brand","embeddable":true,"href":"https:\/\/glotomania.com\/pt-pt\/wp-json\/wp\/v2\/pwb-brand?post=390384"},{"taxonomy":"product_brand","embeddable":true,"href":"https:\/\/glotomania.com\/pt-pt\/wp-json\/wp\/v2\/product_brand?post=390384"},{"taxonomy":"product_cat","embeddable":true,"href":"https:\/\/glotomania.com\/pt-pt\/wp-json\/wp\/v2\/product_cat?post=390384"},{"taxonomy":"product_tag","embeddable":true,"href":"https:\/\/glotomania.com\/pt-pt\/wp-json\/wp\/v2\/product_tag?post=390384"}],"curies":[{"name":"wp","href":"https:\/\/api.w.org\/{rel}","templated":true}]}}