{"id":390386,"date":"2025-09-02T11:03:54","date_gmt":"2025-09-02T11:03:54","guid":{"rendered":"https:\/\/glotomania.com\/p\/sprinkles-3d-funcakes-baby-bliss-70-g-2\/"},"modified":"2026-04-14T16:34:22","modified_gmt":"2026-04-14T16:34:22","slug":"sprinkles-3d-funcakes-baby-bliss-70-g-2","status":"publish","type":"product","link":"https:\/\/glotomania.com\/pt-pt\/p\/sprinkles-3d-funcakes-baby-bliss-70-g-2\/","title":{"rendered":"Sprinkles 3d Funcakes &#8211; Baby Bliss (70 G)"},"content":{"rendered":"<p>&nbsp;<\/p>\n<p><span style=\"font-size:14px\"><span style=\"color:#000000\">A mistura de decora&ccedil;&otilde;es inclui figuras 3D (p&eacute;s, bot&otilde;es, la&ccedil;os, garrafas, cora&ccedil;&otilde;es), fatos de beb&eacute;, estrelas, p&eacute;rolas, nonpareils, mimosas e paus de a&ccedil;&uacute;car XL.<\/span><\/span><\/p>\n","protected":false},"excerpt":{"rendered":"<p>Ador\u00e1veis \u200b\u200bdecora\u00e7\u00f5es de a\u00e7\u00facar com impressionantes elementos 3D garantem um efeito visual divertido e deslumbrante nas nossas sobremesas para baptizados, festas do beb\u00e9 e revela\u00e7\u00e3o do sexo.<\/p>\n","protected":false},"featured_media":62184,"comment_status":"open","ping_status":"closed","template":"","meta":{"_acf_changed":false},"pwb-brand":[],"product_brand":[],"product_cat":[2908,1839,1840,2979,2982,1832,2907,1845,2996,1885,1849,3001],"product_tag":[],"class_list":{"0":"post-390386","1":"product","2":"type-product","3":"status-publish","4":"has-post-thumbnail","6":"product_cat-batizados","7":"product_cat-decoracion-comestible","8":"product_cat-decoraciones-azucar-comestibles","9":"product_cat-decoracoes-comestiveis-2","10":"product_cat-decoracoes-de-acucar","11":"product_cat-diestas-especiales","12":"product_cat-festas","13":"product_cat-dieta-sin-e-171","14":"product_cat-produtos-vegetarianos","15":"product_cat-bautizos","16":"product_cat-fiestas","17":"product_cat-sem-e-171-2","19":"first","20":"instock","21":"taxable","22":"shipping-taxable","23":"purchasable","24":"product-type-simple"},"acf":[],"df_price":5.5,"df_sale_price":"","df_regular_price":5.5,"df_image_link":"https:\/\/glotomania.com\/wp-content\/uploads\/2025\/04\/img_26286_e77c4d26ec409f6fa7d1ff104f61389f_1-300x300.jpg","brands":[],"_links":{"self":[{"href":"https:\/\/glotomania.com\/pt-pt\/wp-json\/wp\/v2\/product\/390386","targetHints":{"allow":["GET"]}}],"collection":[{"href":"https:\/\/glotomania.com\/pt-pt\/wp-json\/wp\/v2\/product"}],"about":[{"href":"https:\/\/glotomania.com\/pt-pt\/wp-json\/wp\/v2\/types\/product"}],"replies":[{"embeddable":true,"href":"https:\/\/glotomania.com\/pt-pt\/wp-json\/wp\/v2\/comments?post=390386"}],"wp:featuredmedia":[{"embeddable":true,"href":"https:\/\/glotomania.com\/pt-pt\/wp-json\/wp\/v2\/media\/62184"}],"wp:attachment":[{"href":"https:\/\/glotomania.com\/pt-pt\/wp-json\/wp\/v2\/media?parent=390386"}],"wp:term":[{"taxonomy":"pwb-brand","embeddable":true,"href":"https:\/\/glotomania.com\/pt-pt\/wp-json\/wp\/v2\/pwb-brand?post=390386"},{"taxonomy":"product_brand","embeddable":true,"href":"https:\/\/glotomania.com\/pt-pt\/wp-json\/wp\/v2\/product_brand?post=390386"},{"taxonomy":"product_cat","embeddable":true,"href":"https:\/\/glotomania.com\/pt-pt\/wp-json\/wp\/v2\/product_cat?post=390386"},{"taxonomy":"product_tag","embeddable":true,"href":"https:\/\/glotomania.com\/pt-pt\/wp-json\/wp\/v2\/product_tag?post=390386"}],"curies":[{"name":"wp","href":"https:\/\/api.w.org\/{rel}","templated":true}]}}