{"id":390393,"date":"2025-09-02T11:04:03","date_gmt":"2025-09-02T11:04:03","guid":{"rendered":"https:\/\/glotomania.com\/p\/sprinkles-3d-funcakes-princess-charming-70-g-2\/"},"modified":"2026-03-11T04:02:56","modified_gmt":"2026-03-11T04:02:56","slug":"sprinkles-3d-funcakes-princess-charming-70-g-2","status":"publish","type":"product","link":"https:\/\/glotomania.com\/pt-pt\/p\/sprinkles-3d-funcakes-princess-charming-70-g-2\/","title":{"rendered":"Sprinkles 3d Funcakes &#8211; Princess Charming (70 G)"},"content":{"rendered":"<p>&nbsp;<\/p>\n<p><span style=\"font-size:14px\"><span style=\"color:#000000\">A mistura de decora&ccedil;&otilde;es inclui figuras 3D (coroas, cora&ccedil;&otilde;es e la&ccedil;os), bolas, p&eacute;rolas, nonpareils, estrelas, vestidos de princesa, fichas planas e paus de a&ccedil;&uacute;car XL.<\/span><\/span><\/p>\n","protected":false},"excerpt":{"rendered":"<p>Ador\u00e1veis \u200b\u200bdecora\u00e7\u00f5es de a\u00e7\u00facar com impressionantes elementos 3D garantem um efeito visual divertido e deslumbrante nas nossas sobremesas com tema de princesa.<\/p>\n","protected":false},"featured_media":62190,"comment_status":"open","ping_status":"closed","template":"","meta":{"_acf_changed":false},"pwb-brand":[],"product_brand":[],"product_cat":[2908,2911,2979,2982,2907,2996,3001,1839,1840,1832,1845,1862,1885,1849],"product_tag":[],"class_list":{"0":"post-390393","1":"product","2":"type-product","3":"status-publish","4":"has-post-thumbnail","6":"product_cat-batizados","7":"product_cat-comunhoes","8":"product_cat-decoracoes-comestiveis-2","9":"product_cat-decoracoes-de-acucar","10":"product_cat-festas","11":"product_cat-produtos-vegetarianos","12":"product_cat-sem-e-171-2","13":"product_cat-decoracion-comestible","14":"product_cat-decoraciones-azucar-comestibles","15":"product_cat-diestas-especiales","16":"product_cat-dieta-sin-e-171","17":"product_cat-comuniones","18":"product_cat-bautizos","19":"product_cat-fiestas","21":"first","22":"instock","23":"taxable","24":"shipping-taxable","25":"purchasable","26":"product-type-simple"},"acf":[],"df_price":5.5,"df_sale_price":"","df_regular_price":5.5,"df_image_link":"https:\/\/glotomania.com\/wp-content\/uploads\/2025\/04\/img_26316_19c6d0a467a0d942b879bd756bb76a8b_1-300x300.jpg","brands":[],"_links":{"self":[{"href":"https:\/\/glotomania.com\/pt-pt\/wp-json\/wp\/v2\/product\/390393","targetHints":{"allow":["GET"]}}],"collection":[{"href":"https:\/\/glotomania.com\/pt-pt\/wp-json\/wp\/v2\/product"}],"about":[{"href":"https:\/\/glotomania.com\/pt-pt\/wp-json\/wp\/v2\/types\/product"}],"replies":[{"embeddable":true,"href":"https:\/\/glotomania.com\/pt-pt\/wp-json\/wp\/v2\/comments?post=390393"}],"wp:featuredmedia":[{"embeddable":true,"href":"https:\/\/glotomania.com\/pt-pt\/wp-json\/wp\/v2\/media\/62190"}],"wp:attachment":[{"href":"https:\/\/glotomania.com\/pt-pt\/wp-json\/wp\/v2\/media?parent=390393"}],"wp:term":[{"taxonomy":"pwb-brand","embeddable":true,"href":"https:\/\/glotomania.com\/pt-pt\/wp-json\/wp\/v2\/pwb-brand?post=390393"},{"taxonomy":"product_brand","embeddable":true,"href":"https:\/\/glotomania.com\/pt-pt\/wp-json\/wp\/v2\/product_brand?post=390393"},{"taxonomy":"product_cat","embeddable":true,"href":"https:\/\/glotomania.com\/pt-pt\/wp-json\/wp\/v2\/product_cat?post=390393"},{"taxonomy":"product_tag","embeddable":true,"href":"https:\/\/glotomania.com\/pt-pt\/wp-json\/wp\/v2\/product_tag?post=390393"}],"curies":[{"name":"wp","href":"https:\/\/api.w.org\/{rel}","templated":true}]}}