{"id":390395,"date":"2025-09-02T11:04:05","date_gmt":"2025-09-02T11:04:05","guid":{"rendered":"https:\/\/glotomania.com\/p\/sprinkles-3d-funcakes-secret-valentine-70-g-2\/"},"modified":"2026-03-11T04:03:00","modified_gmt":"2026-03-11T04:03:00","slug":"sprinkles-3d-funcakes-secret-valentine-70-g-2","status":"publish","type":"product","link":"https:\/\/glotomania.com\/pt-pt\/p\/sprinkles-3d-funcakes-secret-valentine-70-g-2\/","title":{"rendered":"Sprinkles 3d Funcakes &#8211; Secret Valentine (70 G)"},"content":{"rendered":"<p>&nbsp;<\/p>\n<p><span style=\"font-size:14px\"><span style=\"color:#000000\">A mistura de decora&ccedil;&otilde;es inclui figuras 3D (l&aacute;bios e cora&ccedil;&otilde;es), bolas, p&eacute;rolas, nonpareils, mimosas, estrelas, cora&ccedil;&otilde;es, chips planos e paus de a&ccedil;&uacute;car.<\/span><\/span><\/p>\n","protected":false},"excerpt":{"rendered":"<p>Ador\u00e1veis \u200b\u200bdecora\u00e7\u00f5es de a\u00e7\u00facar com impressionantes elementos 3D garantem um efeito visual divertido e deslumbrante nas nossas sobremesas do Dia dos Namorados.<\/p>\n","protected":false},"featured_media":62192,"comment_status":"open","ping_status":"closed","template":"","meta":{"_acf_changed":false},"pwb-brand":[],"product_brand":[],"product_cat":[2979,2982,2907,2996,2924,3001,1852,1839,1840,1832,1845,1849],"product_tag":[],"class_list":{"0":"post-390395","1":"product","2":"type-product","3":"status-publish","4":"has-post-thumbnail","6":"product_cat-decoracoes-comestiveis-2","7":"product_cat-decoracoes-de-acucar","8":"product_cat-festas","9":"product_cat-produtos-vegetarianos","10":"product_cat-sao-valentim-2","11":"product_cat-sem-e-171-2","12":"product_cat-san-valentin","13":"product_cat-decoracion-comestible","14":"product_cat-decoraciones-azucar-comestibles","15":"product_cat-diestas-especiales","16":"product_cat-dieta-sin-e-171","17":"product_cat-fiestas","19":"first","20":"instock","21":"taxable","22":"shipping-taxable","23":"purchasable","24":"product-type-simple"},"acf":[],"df_price":5.5,"df_sale_price":"","df_regular_price":5.5,"df_image_link":"https:\/\/glotomania.com\/wp-content\/uploads\/2025\/04\/img_26325_df8e60740429fbb9aae466b2d3b8d029_1-300x300.jpg","brands":[],"_links":{"self":[{"href":"https:\/\/glotomania.com\/pt-pt\/wp-json\/wp\/v2\/product\/390395","targetHints":{"allow":["GET"]}}],"collection":[{"href":"https:\/\/glotomania.com\/pt-pt\/wp-json\/wp\/v2\/product"}],"about":[{"href":"https:\/\/glotomania.com\/pt-pt\/wp-json\/wp\/v2\/types\/product"}],"replies":[{"embeddable":true,"href":"https:\/\/glotomania.com\/pt-pt\/wp-json\/wp\/v2\/comments?post=390395"}],"wp:featuredmedia":[{"embeddable":true,"href":"https:\/\/glotomania.com\/pt-pt\/wp-json\/wp\/v2\/media\/62192"}],"wp:attachment":[{"href":"https:\/\/glotomania.com\/pt-pt\/wp-json\/wp\/v2\/media?parent=390395"}],"wp:term":[{"taxonomy":"pwb-brand","embeddable":true,"href":"https:\/\/glotomania.com\/pt-pt\/wp-json\/wp\/v2\/pwb-brand?post=390395"},{"taxonomy":"product_brand","embeddable":true,"href":"https:\/\/glotomania.com\/pt-pt\/wp-json\/wp\/v2\/product_brand?post=390395"},{"taxonomy":"product_cat","embeddable":true,"href":"https:\/\/glotomania.com\/pt-pt\/wp-json\/wp\/v2\/product_cat?post=390395"},{"taxonomy":"product_tag","embeddable":true,"href":"https:\/\/glotomania.com\/pt-pt\/wp-json\/wp\/v2\/product_tag?post=390395"}],"curies":[{"name":"wp","href":"https:\/\/api.w.org\/{rel}","templated":true}]}}