{"id":390397,"date":"2025-09-02T11:04:07","date_gmt":"2025-09-02T11:04:07","guid":{"rendered":"https:\/\/glotomania.com\/p\/emulsionante-liquido-multifuncional-funcakes-500-ml-2\/"},"modified":"2026-03-11T04:03:04","modified_gmt":"2026-03-11T04:03:04","slug":"emulsionante-liquido-multifuncional-funcakes-500-ml-2","status":"publish","type":"product","link":"https:\/\/glotomania.com\/pt-pt\/p\/emulsionante-liquido-multifuncional-funcakes-500-ml-2\/","title":{"rendered":"Emulsionante L\u00cdquido Multifuncional Funcakes &#8211; 500 Ml"},"content":{"rendered":"<p>&nbsp;<\/p>\n<p><span style=\"font-size:14px\"><span style=\"color:#000000\">Desfrutar&aacute; de um prazo de validade mais longo e de uma maior qualidade em todas as suas prepara&ccedil;&otilde;es de pastelaria, incluindo donuts, scones, bolos, cupcakes, biscoitos,&#8230; e muito mais!&nbsp;<\/span><\/span><\/p>\n<p><span style=\"font-size:14px\"><span style=\"color:#000000\">Ao adicionar o <strong>Baking Elixir<\/strong> &agrave;s suas cria&ccedil;&otilde;es, n&atilde;o s&oacute; duplicar&aacute; a sua frescura e dura&ccedil;&atilde;o, como o far&aacute; sem necessidade de conservantes. As suas <strong>propriedades humectantes<\/strong> optimizam a reten&ccedil;&atilde;o da humidade, minimizando a atividade da &aacute;gua e protegendo os seus produtos da deteriora&ccedil;&atilde;o. Tamb&eacute;m ajuda a <strong>preservar os sabores<\/strong>, garantindo que o sabor das suas cria&ccedil;&otilde;es se mantenha delicioso durante dias.<\/span><\/span><\/p>\n<p><span style=\"font-size:14px\"><span style=\"color:#000000\">Ideal para quem produz grandes quantidades de bolos, permite-lhe cozer tudo de uma s&oacute; vez e t&ecirc;-lo pronto para qualquer evento, <strong>prolongando o seu prazo de validade de dias para semanas<\/strong>. Se oferecer bolos por encomenda, este ingrediente tornar-se-&aacute; essencial para garantir que cada encomenda chega nas melhores condi&ccedil;&otilde;es.&nbsp;<\/span><\/span><\/p>\n<p><span style=\"font-size:14px\"><span style=\"color:#000000\"><strong>Modo de utiliza&ccedil;&atilde;o:<\/strong><\/span><\/span><\/p>\n<ul>\n<li><span style=\"font-size:14px\"><span style=\"color:#000000\">Adicionar 10 &#8211; 15 g de Baking Elixir por kg de massa e cozer como habitualmente.<\/span><\/span><\/li>\n<li><span style=\"font-size:14px\"><span style=\"color:#000000\">Para obter melhores resultados, se a sua receita necessitar de &aacute;gua, considere reduzir a quantidade de &aacute;gua em 20-30%, uma vez que o Baking Elixir tamb&eacute;m cont&eacute;m &aacute;gua.<\/span><\/span><\/li>\n<li><span style=\"font-size:14px\"><span style=\"color:#000000\"><strong>Dose m&aacute;xima recomendada: <\/strong>10 &#8211; 15 g\/kg.<\/span><\/span><\/li>\n<\/ul>\n","protected":false},"excerpt":{"rendered":"<p>&#8220;Baking Elixir&#8221;, especificamente concebido para melhorar a qualidade dos produtos de pastelaria, protegendo as suas cria\u00e7\u00f5es do bolor, da secura e das fissuras, garantindo que permanecem leves, h\u00famidas e deliciosas.<\/p>\n","protected":false},"featured_media":62195,"comment_status":"open","ping_status":"closed","template":"","meta":{"_acf_changed":false},"pwb-brand":[],"product_brand":[],"product_cat":[3020,2997,3018,2996,1959,1832,1901,1844],"product_tag":[],"class_list":{"0":"post-390397","1":"product","2":"type-product","3":"status-publish","4":"has-post-thumbnail","6":"product_cat-aditivos-e-melhoradores","7":"product_cat-halal","8":"product_cat-ingredientes-de-pastelaria-2","9":"product_cat-produtos-vegetarianos","10":"product_cat-aditivos","11":"product_cat-diestas-especiales","12":"product_cat-dieta-halal","13":"product_cat-ingredientes-reposteria","15":"first","16":"instock","17":"taxable","18":"shipping-taxable","19":"purchasable","20":"product-type-simple"},"acf":[],"df_price":16.37,"df_sale_price":"","df_regular_price":16.37,"df_image_link":"https:\/\/glotomania.com\/wp-content\/uploads\/2025\/04\/img_26332_d917bb84a9aff19ac19f43d9d8b7d1d6_1-300x300.jpg","brands":[],"_links":{"self":[{"href":"https:\/\/glotomania.com\/pt-pt\/wp-json\/wp\/v2\/product\/390397","targetHints":{"allow":["GET"]}}],"collection":[{"href":"https:\/\/glotomania.com\/pt-pt\/wp-json\/wp\/v2\/product"}],"about":[{"href":"https:\/\/glotomania.com\/pt-pt\/wp-json\/wp\/v2\/types\/product"}],"replies":[{"embeddable":true,"href":"https:\/\/glotomania.com\/pt-pt\/wp-json\/wp\/v2\/comments?post=390397"}],"wp:featuredmedia":[{"embeddable":true,"href":"https:\/\/glotomania.com\/pt-pt\/wp-json\/wp\/v2\/media\/62195"}],"wp:attachment":[{"href":"https:\/\/glotomania.com\/pt-pt\/wp-json\/wp\/v2\/media?parent=390397"}],"wp:term":[{"taxonomy":"pwb-brand","embeddable":true,"href":"https:\/\/glotomania.com\/pt-pt\/wp-json\/wp\/v2\/pwb-brand?post=390397"},{"taxonomy":"product_brand","embeddable":true,"href":"https:\/\/glotomania.com\/pt-pt\/wp-json\/wp\/v2\/product_brand?post=390397"},{"taxonomy":"product_cat","embeddable":true,"href":"https:\/\/glotomania.com\/pt-pt\/wp-json\/wp\/v2\/product_cat?post=390397"},{"taxonomy":"product_tag","embeddable":true,"href":"https:\/\/glotomania.com\/pt-pt\/wp-json\/wp\/v2\/product_tag?post=390397"}],"curies":[{"name":"wp","href":"https:\/\/api.w.org\/{rel}","templated":true}]}}