{"id":390398,"date":"2025-09-02T11:04:08","date_gmt":"2025-09-02T11:04:08","guid":{"rendered":"https:\/\/glotomania.com\/p\/emulsionante-en-gel-funcakes-500-g-2\/"},"modified":"2026-04-21T05:46:16","modified_gmt":"2026-04-21T05:46:16","slug":"emulsionante-en-gel-funcakes-500-g-2","status":"publish","type":"product","link":"https:\/\/glotomania.com\/pt-pt\/p\/emulsionante-en-gel-funcakes-500-g-2\/","title":{"rendered":"Emulsionante Em Gel Funcakes &#8211; 500 G"},"content":{"rendered":"<p>&nbsp;<\/p>\n<p><span style=\"font-size:14px\"><span style=\"color:#000000\">O <strong>Gel Aperfei&ccedil;oador de Bolos<\/strong> &eacute; uma mistura de emulsionantes em gel inactivados que <strong>garantem um desempenho &oacute;timo na mistura dos seus ingredientes<\/strong>. Este gel incolor facilita a mistura e a dispers&atilde;o das mol&eacute;culas de ar nas suas receitas, resultando em bolos com uma apar&ecirc;ncia impressionante e um volume excecional, bem como uma suavidade e consist&ecirc;ncia inigual&aacute;veis.<\/span><\/span><\/p>\n<p><span style=\"font-size:14px\"><span style=\"color:#000000\">O seu <strong>efeito estabilizador<\/strong> permite que os pasteleiros de todos os n&iacute;veis desfrutem de uma cozedura sem problemas e de resultados sempre consistentes. Perfeito para bolos de esponja, muffins, queques, scones, brownies&#8230; e muito mais! e muito mais!<\/span><\/span><\/p>\n<p><span style=\"font-size:14px\"><span style=\"color:#000000\">Garante sempre resultados consistentes. Est&aacute; a planear fazer 10 bolos num dia? Com este gel, obter&aacute; sempre a mesma qualidade em cada um deles. Quando ativado, pode reduzir o tempo de mistura em 50%, permitindo-lhe produzir a mesma quantidade de receitas em metade do tempo.<\/span><\/span><\/p>\n<p><span style=\"font-size:14px\"><span style=\"color:#000000\"><strong>Efeitos da utiliza&ccedil;&atilde;o do gel de aperfei&ccedil;oamento:<\/strong><\/span><\/span><\/p>\n<ul>\n<li><span style=\"font-size:14px\"><span style=\"color:#000000\">P&atilde;o de l&oacute; de grande volume.<\/span><\/span><\/li>\n<li><span style=\"font-size:14px\"><span style=\"color:#000000\">Textura delicada e atractiva.<\/span><\/span><\/li>\n<li><span style=\"font-size:14px\"><span style=\"color:#000000\">Cozedura uniforme.<\/span><\/span><\/li>\n<li><span style=\"font-size:14px\"><span style=\"color:#000000\">Melhor liberta&ccedil;&atilde;o do sabor.<\/span><\/span><\/li>\n<li><span style=\"font-size:14px\"><span style=\"color:#000000\">Suavidade superior.<\/span><\/span><\/li>\n<li><span style=\"font-size:14px\"><span style=\"color:#000000\">Frescura prolongada.<\/span><\/span><\/li>\n<li><span style=\"font-size:14px\"><span style=\"color:#000000\">Estrutura mais robusta.<\/span><\/span><\/li>\n<\/ul>\n<p><span style=\"font-size:14px\"><span style=\"color:#000000\"><strong>Modo de utiliza&ccedil;&atilde;o:&nbsp;<\/strong><\/span><\/span><\/p>\n<ul>\n<li><span style=\"font-size:14px\"><span style=\"color:#000000\">Adicionar 5 &#8211; 15 g de Cake Perfector Gel por kg de massa.<\/span><\/span><\/li>\n<li><span style=\"font-size:14px\"><span style=\"color:#000000\"><strong>Dose m&aacute;xima recomendada: <\/strong>5 &#8211; 15 g\/kg.<\/span><\/span><\/li>\n<li><span style=\"font-size:14px\"><span style=\"color:#000000\">Tamb&eacute;m combina perfeitamente com o FunCakes Baking Elixir, permitindo-lhe tirar o m&aacute;ximo partido dos benef&iacute;cios de ambos os produtos. Basta adicionar ambos &agrave;s suas receitas seguindo as instru&ccedil;&otilde;es da embalagem e cozer como faria normalmente, sem qualquer esfor&ccedil;o adicional.<\/span><\/span><\/li>\n<\/ul>\n","protected":false},"excerpt":{"rendered":"<p>Gel aperfei\u00e7oador de bolos, um produto concebido para melhorar a textura, o volume e a consist\u00eancia das suas cria\u00e7\u00f5es.<\/p>\n","protected":false},"featured_media":62196,"comment_status":"open","ping_status":"closed","template":"","meta":{"_acf_changed":false},"pwb-brand":[],"product_brand":[],"product_cat":[3020,1959,1832,2997,3018,1901,1844,2996],"product_tag":[],"class_list":{"0":"post-390398","1":"product","2":"type-product","3":"status-publish","4":"has-post-thumbnail","6":"product_cat-aditivos-e-melhoradores","7":"product_cat-aditivos","8":"product_cat-diestas-especiales","9":"product_cat-halal","10":"product_cat-ingredientes-de-pastelaria-2","11":"product_cat-dieta-halal","12":"product_cat-ingredientes-reposteria","13":"product_cat-produtos-vegetarianos","15":"first","16":"instock","17":"taxable","18":"shipping-taxable","19":"purchasable","20":"product-type-simple"},"acf":[],"df_price":15.5,"df_sale_price":"","df_regular_price":15.5,"df_image_link":"https:\/\/glotomania.com\/wp-content\/uploads\/2025\/04\/img_26333_8b89829b16525656bf831ee3791f1f7b_1-300x300.jpg","brands":[],"_links":{"self":[{"href":"https:\/\/glotomania.com\/pt-pt\/wp-json\/wp\/v2\/product\/390398","targetHints":{"allow":["GET"]}}],"collection":[{"href":"https:\/\/glotomania.com\/pt-pt\/wp-json\/wp\/v2\/product"}],"about":[{"href":"https:\/\/glotomania.com\/pt-pt\/wp-json\/wp\/v2\/types\/product"}],"replies":[{"embeddable":true,"href":"https:\/\/glotomania.com\/pt-pt\/wp-json\/wp\/v2\/comments?post=390398"}],"wp:featuredmedia":[{"embeddable":true,"href":"https:\/\/glotomania.com\/pt-pt\/wp-json\/wp\/v2\/media\/62196"}],"wp:attachment":[{"href":"https:\/\/glotomania.com\/pt-pt\/wp-json\/wp\/v2\/media?parent=390398"}],"wp:term":[{"taxonomy":"pwb-brand","embeddable":true,"href":"https:\/\/glotomania.com\/pt-pt\/wp-json\/wp\/v2\/pwb-brand?post=390398"},{"taxonomy":"product_brand","embeddable":true,"href":"https:\/\/glotomania.com\/pt-pt\/wp-json\/wp\/v2\/product_brand?post=390398"},{"taxonomy":"product_cat","embeddable":true,"href":"https:\/\/glotomania.com\/pt-pt\/wp-json\/wp\/v2\/product_cat?post=390398"},{"taxonomy":"product_tag","embeddable":true,"href":"https:\/\/glotomania.com\/pt-pt\/wp-json\/wp\/v2\/product_tag?post=390398"}],"curies":[{"name":"wp","href":"https:\/\/api.w.org\/{rel}","templated":true}]}}