{"id":390400,"date":"2025-09-02T11:04:10","date_gmt":"2025-09-02T11:04:10","guid":{"rendered":"https:\/\/glotomania.com\/p\/boquilla-6b-wilton-estrella-abierta-2\/"},"modified":"2026-04-28T12:03:24","modified_gmt":"2026-04-28T12:03:24","slug":"boquilla-6b-wilton-estrella-abierta-2","status":"publish","type":"product","link":"https:\/\/glotomania.com\/pt-pt\/p\/boquilla-6b-wilton-estrella-abierta-2\/","title":{"rendered":"Bico #6b Wilton &#8211; Estrela Aberta"},"content":{"rendered":"<p>&nbsp;<\/p>\n<p><span style=\"font-size:14px\"><span style=\"color:#000000\"><strong>Tamanho aproximado:<\/strong> &Oslash; 1,2 cm.<\/span><\/span><\/p>\n<p><span style=\"font-size:14px\"><span style=\"color:#000000\">Pode ser lavado na m&aacute;quina de lavar lou&ccedil;a.<\/span><\/span><\/p>\n<p><span style=\"font-size:14px\"><span style=\"color:#000000\"><em>Para utilizar em combina&ccedil;&atilde;o com um adaptador grande.<\/em><\/span><\/span><\/p>\n","protected":false},"excerpt":{"rendered":"<p>Bico de metal Wilton para a produ\u00e7\u00e3o de t\u00e9cnicas em estrela, gotas de flores, bordos serrilhados.<\/p>\n","protected":false},"featured_media":62156,"comment_status":"open","ping_status":"closed","template":"","meta":{"_acf_changed":false},"pwb-brand":[],"product_brand":[],"product_cat":[1770,3087,3157,1767],"product_tag":[],"class_list":{"0":"post-390400","1":"product","2":"type-product","3":"status-publish","4":"has-post-thumbnail","6":"product_cat-boquilas","7":"product_cat-ordem-e-armazenamento","8":"product_cat-sets-de-bicos","9":"product_cat-utensilios","11":"first","12":"outofstock","13":"taxable","14":"shipping-taxable","15":"purchasable","16":"product-type-simple"},"acf":[],"df_price":2.3,"df_sale_price":"","df_regular_price":2.3,"df_image_link":"https:\/\/glotomania.com\/wp-content\/uploads\/2025\/04\/img_26339_b54aee984293cf56b0a6fc05c3671d2b_1-300x300.jpg","brands":[],"_links":{"self":[{"href":"https:\/\/glotomania.com\/pt-pt\/wp-json\/wp\/v2\/product\/390400","targetHints":{"allow":["GET"]}}],"collection":[{"href":"https:\/\/glotomania.com\/pt-pt\/wp-json\/wp\/v2\/product"}],"about":[{"href":"https:\/\/glotomania.com\/pt-pt\/wp-json\/wp\/v2\/types\/product"}],"replies":[{"embeddable":true,"href":"https:\/\/glotomania.com\/pt-pt\/wp-json\/wp\/v2\/comments?post=390400"}],"wp:featuredmedia":[{"embeddable":true,"href":"https:\/\/glotomania.com\/pt-pt\/wp-json\/wp\/v2\/media\/62156"}],"wp:attachment":[{"href":"https:\/\/glotomania.com\/pt-pt\/wp-json\/wp\/v2\/media?parent=390400"}],"wp:term":[{"taxonomy":"pwb-brand","embeddable":true,"href":"https:\/\/glotomania.com\/pt-pt\/wp-json\/wp\/v2\/pwb-brand?post=390400"},{"taxonomy":"product_brand","embeddable":true,"href":"https:\/\/glotomania.com\/pt-pt\/wp-json\/wp\/v2\/product_brand?post=390400"},{"taxonomy":"product_cat","embeddable":true,"href":"https:\/\/glotomania.com\/pt-pt\/wp-json\/wp\/v2\/product_cat?post=390400"},{"taxonomy":"product_tag","embeddable":true,"href":"https:\/\/glotomania.com\/pt-pt\/wp-json\/wp\/v2\/product_tag?post=390400"}],"curies":[{"name":"wp","href":"https:\/\/api.w.org\/{rel}","templated":true}]}}