{"id":390403,"date":"2025-09-02T11:04:11","date_gmt":"2025-09-02T11:04:11","guid":{"rendered":"https:\/\/glotomania.com\/p\/molde-de-acero-para-2-panes-patisse-38-x-17-cm-2\/"},"modified":"2026-04-19T00:04:21","modified_gmt":"2026-04-19T00:04:21","slug":"molde-de-acero-para-2-panes-patisse-38-x-17-cm-2","status":"publish","type":"product","link":"https:\/\/glotomania.com\/pt-pt\/p\/molde-de-acero-para-2-panes-patisse-38-x-17-cm-2\/","title":{"rendered":"Molde De A\u00c7o Patisse Para 2 P\u00c3es &#8211; 38 X 17 Cm"},"content":{"rendered":"<p>&nbsp;<\/p>\n<p><span style=\"font-size:14px\"><span style=\"color:#000000\">Fabricado em a&ccedil;o alimentar de 0,60 mm de espessura com um revestimento antiaderente para uma desmoldagem f&aacute;cil. Resiste a temperaturas at&eacute; 230&deg;C.<\/span><\/span><\/p>\n<p><span style=\"font-size:14px\"><span style=\"color:#000000\">Os orif&iacute;cios da forma permitem uma &oacute;ptima circula&ccedil;&atilde;o do calor para uma cozedura uniforme.<\/span><\/span><\/p>\n<p><span style=\"font-size:14px\"><span style=\"color:#000000\">Para prolongar a vida &uacute;til da forma, recomenda-se que seja lavada &agrave; m&atilde;o.<\/span><\/span><\/p>\n<p><span style=\"font-size:14px\"><span style=\"color:#000000\"><strong>Dimens&otilde;es aproximadas:<\/strong> 38 x 17 cm.<\/span><\/span><\/p>\n","protected":false},"excerpt":{"rendered":"<p>A forma &#8220;Silver-Top&#8221; Patisse, ideal para fazer as suas pr\u00f3prias baguetes de forma f\u00e1cil e eficiente, foi concebida para cozer dois p\u00e3es de uma s\u00f3 vez.<\/p>\n","protected":false},"featured_media":62164,"comment_status":"open","ping_status":"closed","template":"","meta":{"_acf_changed":false},"pwb-brand":[],"product_brand":[],"product_cat":[3217,3214,3219,3087,1802,1801,1807,1767],"product_tag":[],"class_list":{"0":"post-390403","1":"product","2":"type-product","3":"status-publish","4":"has-post-thumbnail","6":"product_cat-moldes-de-formas-especiais","7":"product_cat-moldes-de-pastelaria","8":"product_cat-moldes-multi-porcoes","9":"product_cat-ordem-e-armazenamento","10":"product_cat-moldes-metal","11":"product_cat-moldes","12":"product_cat-moldes-multiporciones","13":"product_cat-utensilios","15":"first","16":"instock","17":"taxable","18":"shipping-taxable","19":"purchasable","20":"product-type-simple"},"acf":[],"df_price":8.57,"df_sale_price":8.57,"df_regular_price":12.25,"df_image_link":"https:\/\/glotomania.com\/wp-content\/uploads\/2025\/04\/img_26349_a13d0c63bf523a58d690495c1420bcd3_1-300x300.jpg","brands":[],"_links":{"self":[{"href":"https:\/\/glotomania.com\/pt-pt\/wp-json\/wp\/v2\/product\/390403","targetHints":{"allow":["GET"]}}],"collection":[{"href":"https:\/\/glotomania.com\/pt-pt\/wp-json\/wp\/v2\/product"}],"about":[{"href":"https:\/\/glotomania.com\/pt-pt\/wp-json\/wp\/v2\/types\/product"}],"replies":[{"embeddable":true,"href":"https:\/\/glotomania.com\/pt-pt\/wp-json\/wp\/v2\/comments?post=390403"}],"wp:featuredmedia":[{"embeddable":true,"href":"https:\/\/glotomania.com\/pt-pt\/wp-json\/wp\/v2\/media\/62164"}],"wp:attachment":[{"href":"https:\/\/glotomania.com\/pt-pt\/wp-json\/wp\/v2\/media?parent=390403"}],"wp:term":[{"taxonomy":"pwb-brand","embeddable":true,"href":"https:\/\/glotomania.com\/pt-pt\/wp-json\/wp\/v2\/pwb-brand?post=390403"},{"taxonomy":"product_brand","embeddable":true,"href":"https:\/\/glotomania.com\/pt-pt\/wp-json\/wp\/v2\/product_brand?post=390403"},{"taxonomy":"product_cat","embeddable":true,"href":"https:\/\/glotomania.com\/pt-pt\/wp-json\/wp\/v2\/product_cat?post=390403"},{"taxonomy":"product_tag","embeddable":true,"href":"https:\/\/glotomania.com\/pt-pt\/wp-json\/wp\/v2\/product_tag?post=390403"}],"curies":[{"name":"wp","href":"https:\/\/api.w.org\/{rel}","templated":true}]}}