{"id":390406,"date":"2025-09-02T11:04:13","date_gmt":"2025-09-02T11:04:13","guid":{"rendered":"https:\/\/glotomania.com\/p\/molde-de-acero-ajustable-para-pan-patisse-20-35-cm-2\/"},"modified":"2026-04-19T00:04:22","modified_gmt":"2026-04-19T00:04:22","slug":"molde-de-acero-ajustable-para-pan-patisse-20-35-cm-2","status":"publish","type":"product","link":"https:\/\/glotomania.com\/pt-pt\/p\/molde-de-acero-ajustable-para-pan-patisse-20-35-cm-2\/","title":{"rendered":"Molde De A\u00c7o Ajust\u00c1vel Para P\u00c3o Patisse (20 &#8211; 35 Cm)"},"content":{"rendered":"<p>&nbsp;<\/p>\n<p><span style=\"font-size:14px\"><span style=\"color:#000000\">Fabricado em a&ccedil;o de qualidade alimentar com revestimento antiaderente. Suporta temperaturas de cozedura at&eacute; 230&deg;C durante longos per&iacute;odos de tempo e at&eacute; 250&deg;C durante curtos per&iacute;odos de tempo.<\/span><\/span><\/p>\n<p><span style=\"font-size:14px\"><span style=\"color:#000000\">N&atilde;o pode ser lavado na m&aacute;quina de lavar lou&ccedil;a, recomenda-se a lavagem &agrave; m&atilde;o.<\/span><\/span><\/p>\n<p><span style=\"font-size:14px\"><span style=\"color:#000000\"><strong>Dimens&otilde;es aproximadas:<\/strong> 20 &#8211; 35 x 9 x 9 x 12,5 cm.<\/span><\/span><\/p>\n","protected":false},"excerpt":{"rendered":"<p>Molde Patisse &#8220;Silver-top&#8221;, facilmente ajust\u00e1vel de 20 a 35 cm de comprimento, ideal para fazer p\u00e3es deliciosos e perfeitos.<\/p>\n","protected":false},"featured_media":62162,"comment_status":"open","ping_status":"closed","template":"","meta":{"_acf_changed":false},"pwb-brand":[],"product_brand":[],"product_cat":[3217,1802,3214,1801,1805,3087,1767],"product_tag":[],"class_list":{"0":"post-390406","1":"product","2":"type-product","3":"status-publish","4":"has-post-thumbnail","6":"product_cat-moldes-de-formas-especiais","7":"product_cat-moldes-metal","8":"product_cat-moldes-de-pastelaria","9":"product_cat-moldes","10":"product_cat-moldes-rectangulares","11":"product_cat-ordem-e-armazenamento","12":"product_cat-utensilios","14":"first","15":"instock","16":"taxable","17":"shipping-taxable","18":"purchasable","19":"product-type-simple"},"acf":[],"df_price":13.65,"df_sale_price":13.65,"df_regular_price":19.51,"df_image_link":"https:\/\/glotomania.com\/wp-content\/uploads\/2025\/04\/img_26354_273e9cf6bb952d93da2d9a3049e7fe18_1-300x300.jpg","brands":[],"_links":{"self":[{"href":"https:\/\/glotomania.com\/pt-pt\/wp-json\/wp\/v2\/product\/390406","targetHints":{"allow":["GET"]}}],"collection":[{"href":"https:\/\/glotomania.com\/pt-pt\/wp-json\/wp\/v2\/product"}],"about":[{"href":"https:\/\/glotomania.com\/pt-pt\/wp-json\/wp\/v2\/types\/product"}],"replies":[{"embeddable":true,"href":"https:\/\/glotomania.com\/pt-pt\/wp-json\/wp\/v2\/comments?post=390406"}],"wp:featuredmedia":[{"embeddable":true,"href":"https:\/\/glotomania.com\/pt-pt\/wp-json\/wp\/v2\/media\/62162"}],"wp:attachment":[{"href":"https:\/\/glotomania.com\/pt-pt\/wp-json\/wp\/v2\/media?parent=390406"}],"wp:term":[{"taxonomy":"pwb-brand","embeddable":true,"href":"https:\/\/glotomania.com\/pt-pt\/wp-json\/wp\/v2\/pwb-brand?post=390406"},{"taxonomy":"product_brand","embeddable":true,"href":"https:\/\/glotomania.com\/pt-pt\/wp-json\/wp\/v2\/product_brand?post=390406"},{"taxonomy":"product_cat","embeddable":true,"href":"https:\/\/glotomania.com\/pt-pt\/wp-json\/wp\/v2\/product_cat?post=390406"},{"taxonomy":"product_tag","embeddable":true,"href":"https:\/\/glotomania.com\/pt-pt\/wp-json\/wp\/v2\/product_tag?post=390406"}],"curies":[{"name":"wp","href":"https:\/\/api.w.org\/{rel}","templated":true}]}}