{"id":390407,"date":"2025-09-02T11:04:14","date_gmt":"2025-09-02T11:04:14","guid":{"rendered":"https:\/\/glotomania.com\/p\/bandeja-para-hornear-perforada-ajustable-patisse-38-x-35-cm-2\/"},"modified":"2026-03-11T04:03:24","modified_gmt":"2026-03-11T04:03:24","slug":"bandeja-para-hornear-perforada-ajustable-patisse-38-x-35-cm-2","status":"publish","type":"product","link":"https:\/\/glotomania.com\/pt-pt\/p\/bandeja-para-hornear-perforada-ajustable-patisse-38-x-35-cm-2\/","title":{"rendered":"Tabuleiro Perfurado Ajust\u00c1vel Patisse &#8211; 38 X 35 Cm"},"content":{"rendered":"<p>&nbsp;<\/p>\n<p><span style=\"font-size:14px\"><span style=\"color:#000000\">O seu design perfurado permite uma <strong>distribui&ccedil;&atilde;o uniforme do calor<\/strong>, garantindo uma cozedura perfeita e evitando bordos queimados e massas salientes. &Eacute; tamb&eacute;m ideal para cozer p&atilde;es, baguetes e todos os tipos de massa fermentada, gra&ccedil;as &agrave; sua <strong>excelente condutividade t&eacute;rmica<\/strong>.<\/span><\/span><\/p>\n<p><span style=\"font-size:14px\"><span style=\"color:#000000\">Fabricada em metal de qualidade alimentar com um revestimento antiaderente de dupla camada, esta frigideira &eacute; muito resistente. Suporta temperaturas at&eacute; 230&deg;C.<\/span><\/span><\/p>\n<p><span style=\"font-size:14px\"><span style=\"color:#000000\">Recomenda-se a lavagem manual com &aacute;gua e sab&atilde;o para prolongar a sua vida &uacute;til, uma vez que a m&aacute;quina de lavar loi&ccedil;a pode ser agressiva com o tempo.<\/span><\/span><\/p>\n<p><span style=\"font-size:14px\"><span style=\"color:#000000\"><strong>Dimens&otilde;es aproximadas: <\/strong>38 x 35 cm.<\/span><\/span><\/p>\n","protected":false},"excerpt":{"rendered":"<p>O tabuleiro de a\u00e7o perfurado &#8220;Silver-top&#8221; da Patisse assegura uma distribui\u00e7\u00e3o uniforme do calor para que os nossos produtos de pastelaria sejam cozinhados na perfei\u00e7\u00e3o.<\/p>\n","protected":false},"featured_media":62205,"comment_status":"open","ping_status":"closed","template":"","meta":{"_acf_changed":false},"pwb-brand":[],"product_brand":[],"product_cat":[1892,3106,1820,3087,3112,1767],"product_tag":[],"class_list":{"0":"post-390407","1":"product","2":"type-product","3":"status-publish","4":"has-post-thumbnail","6":"product_cat-bandejas-horno","7":"product_cat-basicos-de-pastelaria","8":"product_cat-basicos","9":"product_cat-ordem-e-armazenamento","10":"product_cat-tabuleiros-e-acessorios-2","11":"product_cat-utensilios","13":"first","14":"instock","15":"taxable","16":"shipping-taxable","17":"purchasable","18":"product-type-simple"},"acf":[],"df_price":29.95,"df_sale_price":"","df_regular_price":29.95,"df_image_link":"https:\/\/glotomania.com\/wp-content\/uploads\/2025\/04\/img_26355_ff32015b4e04b55c95278c6d110de589_1-300x300.jpg","brands":[],"_links":{"self":[{"href":"https:\/\/glotomania.com\/pt-pt\/wp-json\/wp\/v2\/product\/390407","targetHints":{"allow":["GET"]}}],"collection":[{"href":"https:\/\/glotomania.com\/pt-pt\/wp-json\/wp\/v2\/product"}],"about":[{"href":"https:\/\/glotomania.com\/pt-pt\/wp-json\/wp\/v2\/types\/product"}],"replies":[{"embeddable":true,"href":"https:\/\/glotomania.com\/pt-pt\/wp-json\/wp\/v2\/comments?post=390407"}],"wp:featuredmedia":[{"embeddable":true,"href":"https:\/\/glotomania.com\/pt-pt\/wp-json\/wp\/v2\/media\/62205"}],"wp:attachment":[{"href":"https:\/\/glotomania.com\/pt-pt\/wp-json\/wp\/v2\/media?parent=390407"}],"wp:term":[{"taxonomy":"pwb-brand","embeddable":true,"href":"https:\/\/glotomania.com\/pt-pt\/wp-json\/wp\/v2\/pwb-brand?post=390407"},{"taxonomy":"product_brand","embeddable":true,"href":"https:\/\/glotomania.com\/pt-pt\/wp-json\/wp\/v2\/product_brand?post=390407"},{"taxonomy":"product_cat","embeddable":true,"href":"https:\/\/glotomania.com\/pt-pt\/wp-json\/wp\/v2\/product_cat?post=390407"},{"taxonomy":"product_tag","embeddable":true,"href":"https:\/\/glotomania.com\/pt-pt\/wp-json\/wp\/v2\/product_tag?post=390407"}],"curies":[{"name":"wp","href":"https:\/\/api.w.org\/{rel}","templated":true}]}}