{"id":390408,"date":"2025-09-02T11:04:14","date_gmt":"2025-09-02T11:04:14","guid":{"rendered":"https:\/\/glotomania.com\/p\/toppers-para-tarta-scrapcooking-futbol-2\/"},"modified":"2026-04-27T00:21:23","modified_gmt":"2026-04-27T00:21:23","slug":"toppers-para-tarta-scrapcooking-futbol-2","status":"publish","type":"product","link":"https:\/\/glotomania.com\/pt-pt\/p\/toppers-para-tarta-scrapcooking-futbol-2\/","title":{"rendered":"Topos De Bolo Scrapcooking &#8211; Futebol"},"content":{"rendered":"<p>&nbsp;<\/p>\n<p><span style=\"font-size:14px\"><span style=\"color:#000000\">Inclui 5 desenhos: sapato, bola, trof&eacute;u, baliza e camisola.<\/span><\/span><\/p>\n<p><span style=\"font-size:14px\"><span style=\"color:#000000\">Fabricado em papel com pauzinho de madeira de qualidade alimentar.<\/span><\/span><\/p>\n<p><span style=\"font-size:14px\"><span style=\"color:#000000\"><em>Este produto n&atilde;o est&aacute; dispon&iacute;vel para a B&eacute;lgica, Fran&ccedil;a e Su&iacute;&ccedil;a.<\/em><\/span><\/span><\/p>\n","protected":false},"excerpt":{"rendered":"<p>Incluindo 5 topos perfeitos para anivers\u00e1rios, eventos desportivos ou festas tem\u00e1ticas, estas decora\u00e7\u00f5es dar\u00e3o um toque especial aos seus bolos, cupcakes,&#8230; e muito mais!<\/p>\n","protected":false},"featured_media":62202,"comment_status":"open","ping_status":"closed","template":"","meta":{"_acf_changed":false},"pwb-brand":[],"product_brand":[],"product_cat":[2911,3200,2916,2907,3087,3208,1792,1862,1951,1849,1793,1767],"product_tag":[],"class_list":{"0":"post-390408","1":"product","2":"type-product","3":"status-publish","4":"has-post-thumbnail","6":"product_cat-comunhoes","7":"product_cat-decoracoes-nao-comestiveis","8":"product_cat-dia-dos-pais-2","9":"product_cat-festas","10":"product_cat-ordem-e-armazenamento","11":"product_cat-toppers-para-bolos","12":"product_cat-decoracion-no-comestible","13":"product_cat-comuniones","14":"product_cat-dia-del-padre","15":"product_cat-fiestas","16":"product_cat-toppers","17":"product_cat-utensilios","19":"first","20":"instock","21":"taxable","22":"shipping-taxable","23":"purchasable","24":"product-type-simple"},"acf":[],"df_price":5.95,"df_sale_price":4.16,"df_regular_price":5.95,"df_image_link":"https:\/\/glotomania.com\/wp-content\/uploads\/2025\/04\/img_26356_9c67e8d81c127ce0fefc6b783499ab6f_1-300x300.jpg","brands":[],"_links":{"self":[{"href":"https:\/\/glotomania.com\/pt-pt\/wp-json\/wp\/v2\/product\/390408","targetHints":{"allow":["GET"]}}],"collection":[{"href":"https:\/\/glotomania.com\/pt-pt\/wp-json\/wp\/v2\/product"}],"about":[{"href":"https:\/\/glotomania.com\/pt-pt\/wp-json\/wp\/v2\/types\/product"}],"replies":[{"embeddable":true,"href":"https:\/\/glotomania.com\/pt-pt\/wp-json\/wp\/v2\/comments?post=390408"}],"wp:featuredmedia":[{"embeddable":true,"href":"https:\/\/glotomania.com\/pt-pt\/wp-json\/wp\/v2\/media\/62202"}],"wp:attachment":[{"href":"https:\/\/glotomania.com\/pt-pt\/wp-json\/wp\/v2\/media?parent=390408"}],"wp:term":[{"taxonomy":"pwb-brand","embeddable":true,"href":"https:\/\/glotomania.com\/pt-pt\/wp-json\/wp\/v2\/pwb-brand?post=390408"},{"taxonomy":"product_brand","embeddable":true,"href":"https:\/\/glotomania.com\/pt-pt\/wp-json\/wp\/v2\/product_brand?post=390408"},{"taxonomy":"product_cat","embeddable":true,"href":"https:\/\/glotomania.com\/pt-pt\/wp-json\/wp\/v2\/product_cat?post=390408"},{"taxonomy":"product_tag","embeddable":true,"href":"https:\/\/glotomania.com\/pt-pt\/wp-json\/wp\/v2\/product_tag?post=390408"}],"curies":[{"name":"wp","href":"https:\/\/api.w.org\/{rel}","templated":true}]}}