{"id":390410,"date":"2025-09-02T11:04:16","date_gmt":"2025-09-02T11:04:16","guid":{"rendered":"https:\/\/glotomania.com\/p\/toppers-para-tarta-scrapcooking-tenis-2\/"},"modified":"2026-04-28T00:17:30","modified_gmt":"2026-04-28T00:17:30","slug":"toppers-para-tarta-scrapcooking-tenis-2","status":"publish","type":"product","link":"https:\/\/glotomania.com\/pt-pt\/p\/toppers-para-tarta-scrapcooking-tenis-2\/","title":{"rendered":"Topos De Bolo Scrapcooking &#8211; T\u00c9nis"},"content":{"rendered":"<p>&nbsp;<\/p>\n<p><span style=\"font-size:14px\"><span style=\"color:#000000\">Inclui 5 desenhos: raquete, bola, trof&eacute;u, rede e p&oacute;lo.\u200b<\/span><\/span><\/p>\n<p><span style=\"font-size:14px\"><span style=\"color:#000000\">Fabricado em papel com pauzinho de madeira de qualidade alimentar.<\/span><\/span><\/p>\n<p><span style=\"font-size:14px\"><span style=\"color:#000000\"><em>Este produto n&atilde;o est&aacute; dispon&iacute;vel para a B&eacute;lgica, Fran&ccedil;a e Su&iacute;&ccedil;a.<\/em><\/span><\/span><\/p>\n","protected":false},"excerpt":{"rendered":"<p>Incluindo 5 topos perfeitos para anivers\u00e1rios, eventos desportivos ou festas tem\u00e1ticas, estas decora\u00e7\u00f5es dar\u00e3o um toque especial aos seus bolos, cupcakes,&#8230; e muito mais!<\/p>\n","protected":false},"featured_media":62172,"comment_status":"open","ping_status":"closed","template":"","meta":{"_acf_changed":false},"pwb-brand":[],"product_brand":[],"product_cat":[3200,2907,3087,3208,1792,1849,1793,1767],"product_tag":[],"class_list":{"0":"post-390410","1":"product","2":"type-product","3":"status-publish","4":"has-post-thumbnail","6":"product_cat-decoracoes-nao-comestiveis","7":"product_cat-festas","8":"product_cat-ordem-e-armazenamento","9":"product_cat-toppers-para-bolos","10":"product_cat-decoracion-no-comestible","11":"product_cat-fiestas","12":"product_cat-toppers","13":"product_cat-utensilios","15":"first","16":"instock","17":"taxable","18":"shipping-taxable","19":"purchasable","20":"product-type-simple"},"acf":[],"df_price":4.16,"df_sale_price":4.16,"df_regular_price":5.95,"df_image_link":"https:\/\/glotomania.com\/wp-content\/uploads\/2025\/04\/img_26362_ab72bd47a5853751150baeeaba2d4f65_1-300x300.jpg","brands":[],"_links":{"self":[{"href":"https:\/\/glotomania.com\/pt-pt\/wp-json\/wp\/v2\/product\/390410","targetHints":{"allow":["GET"]}}],"collection":[{"href":"https:\/\/glotomania.com\/pt-pt\/wp-json\/wp\/v2\/product"}],"about":[{"href":"https:\/\/glotomania.com\/pt-pt\/wp-json\/wp\/v2\/types\/product"}],"replies":[{"embeddable":true,"href":"https:\/\/glotomania.com\/pt-pt\/wp-json\/wp\/v2\/comments?post=390410"}],"wp:featuredmedia":[{"embeddable":true,"href":"https:\/\/glotomania.com\/pt-pt\/wp-json\/wp\/v2\/media\/62172"}],"wp:attachment":[{"href":"https:\/\/glotomania.com\/pt-pt\/wp-json\/wp\/v2\/media?parent=390410"}],"wp:term":[{"taxonomy":"pwb-brand","embeddable":true,"href":"https:\/\/glotomania.com\/pt-pt\/wp-json\/wp\/v2\/pwb-brand?post=390410"},{"taxonomy":"product_brand","embeddable":true,"href":"https:\/\/glotomania.com\/pt-pt\/wp-json\/wp\/v2\/product_brand?post=390410"},{"taxonomy":"product_cat","embeddable":true,"href":"https:\/\/glotomania.com\/pt-pt\/wp-json\/wp\/v2\/product_cat?post=390410"},{"taxonomy":"product_tag","embeddable":true,"href":"https:\/\/glotomania.com\/pt-pt\/wp-json\/wp\/v2\/product_tag?post=390410"}],"curies":[{"name":"wp","href":"https:\/\/api.w.org\/{rel}","templated":true}]}}