{"id":390412,"date":"2025-09-02T11:04:18","date_gmt":"2025-09-02T11:04:18","guid":{"rendered":"https:\/\/glotomania.com\/p\/set-cupcakes-arcoiris-scrapcooking-2\/"},"modified":"2026-03-11T04:03:35","modified_gmt":"2026-03-11T04:03:35","slug":"set-cupcakes-arcoiris-scrapcooking-2","status":"publish","type":"product","link":"https:\/\/glotomania.com\/pt-pt\/p\/set-cupcakes-arcoiris-scrapcooking-2\/","title":{"rendered":"Conjunto Cupcakes Arco-\u00cdris Scrapcooking"},"content":{"rendered":"<p>&nbsp;<\/p>\n<p><span style=\"color:#000000\"><span style=\"font-size:14px\">Com esta mistura Scrapcooking pode fazer cerca de <strong>40 cupcakes arco-&iacute;ris<\/strong> de forma r&aacute;pida e f&aacute;cil.<\/span><\/span><\/p>\n<p><span style=\"color:#000000\"><span style=\"font-size:14px\">O conjunto inclui:<\/span><\/span><\/p>\n<ul>\n<li><span style=\"color:#000000\"><span style=\"font-size:14px\">4 frascos de fermento em p&oacute; colorido: perfeito para obter os gradientes vibrantes que deseja.<\/span><\/span><\/li>\n<li><span style=\"color:#000000\"><span style=\"font-size:14px\">Cerca de 40 formas de cupcake brancas: ideais para cozer e apresentar os seus cupcakes de forma elegante.<\/span><\/span><\/li>\n<li><span style=\"color:#000000\"><span style=\"font-size:14px\">1 colher de medida de madeira: facilita a medi&ccedil;&atilde;o exacta dos ingredientes.<\/span><\/span><\/li>\n<li><span style=\"color:#000000\"><span style=\"font-size:14px\">Folha de receitas para resultados perfeitos.<\/span><\/span><\/li>\n<\/ul>\n<p><span style=\"color:#000000\"><span style=\"font-size:14px\"><strong>Dose m&aacute;xima recomendada <\/strong>(isolada ou em mistura): 10 g\/kg.<\/span><\/span><\/p>\n<p><span style=\"color:#000000\"><span style=\"font-size:14px\"><em>Este produto n&atilde;o est&aacute; dispon&iacute;vel para a B&eacute;lgica, Fran&ccedil;a e Su&iacute;&ccedil;a.<\/em><\/span><\/span><\/p>\n","protected":false},"excerpt":{"rendered":"<p>Prepare cupcakes arco-\u00edris em casa com o kit Rainbow Cupcake da Scrapcooking! Este conjunto completo e divertido inclui tudo o que precisa para fazer cria\u00e7\u00f5es culin\u00e1rias coloridas e deliciosas.<\/p>\n","protected":false},"featured_media":62129,"comment_status":"open","ping_status":"closed","template":"","meta":{"_acf_changed":false},"pwb-brand":[],"product_brand":[],"product_cat":[3106,1820,3191,2009,3193,2010,3118,1935,1832,1845,3087,3054,1854,2996,3001,1767],"product_tag":[],"class_list":{"0":"post-390412","1":"product","2":"type-product","3":"status-publish","4":"has-post-thumbnail","6":"product_cat-basicos-de-pastelaria","7":"product_cat-basicos","8":"product_cat-capacillos-de-papel-2","9":"product_cat-capsulas","10":"product_cat-capsulas-para-cupcakes-2","11":"product_cat-capsulas-cupcakes","12":"product_cat-colheres-2","13":"product_cat-cucharas","14":"product_cat-diestas-especiales","15":"product_cat-dieta-sin-e-171","16":"product_cat-ordem-e-armazenamento","17":"product_cat-preparados-de-pastelaria-2","18":"product_cat-preparados","19":"product_cat-produtos-vegetarianos","20":"product_cat-sem-e-171-2","21":"product_cat-utensilios","23":"first","24":"instock","25":"taxable","26":"shipping-taxable","27":"purchasable","28":"product-type-simple"},"acf":[],"df_price":13.95,"df_sale_price":"","df_regular_price":13.95,"df_image_link":"https:\/\/glotomania.com\/wp-content\/uploads\/2025\/04\/img_26369_233a58c2577959ad7841c14c236e234a_1-300x300.jpg","brands":[],"_links":{"self":[{"href":"https:\/\/glotomania.com\/pt-pt\/wp-json\/wp\/v2\/product\/390412","targetHints":{"allow":["GET"]}}],"collection":[{"href":"https:\/\/glotomania.com\/pt-pt\/wp-json\/wp\/v2\/product"}],"about":[{"href":"https:\/\/glotomania.com\/pt-pt\/wp-json\/wp\/v2\/types\/product"}],"replies":[{"embeddable":true,"href":"https:\/\/glotomania.com\/pt-pt\/wp-json\/wp\/v2\/comments?post=390412"}],"wp:featuredmedia":[{"embeddable":true,"href":"https:\/\/glotomania.com\/pt-pt\/wp-json\/wp\/v2\/media\/62129"}],"wp:attachment":[{"href":"https:\/\/glotomania.com\/pt-pt\/wp-json\/wp\/v2\/media?parent=390412"}],"wp:term":[{"taxonomy":"pwb-brand","embeddable":true,"href":"https:\/\/glotomania.com\/pt-pt\/wp-json\/wp\/v2\/pwb-brand?post=390412"},{"taxonomy":"product_brand","embeddable":true,"href":"https:\/\/glotomania.com\/pt-pt\/wp-json\/wp\/v2\/product_brand?post=390412"},{"taxonomy":"product_cat","embeddable":true,"href":"https:\/\/glotomania.com\/pt-pt\/wp-json\/wp\/v2\/product_cat?post=390412"},{"taxonomy":"product_tag","embeddable":true,"href":"https:\/\/glotomania.com\/pt-pt\/wp-json\/wp\/v2\/product_tag?post=390412"}],"curies":[{"name":"wp","href":"https:\/\/api.w.org\/{rel}","templated":true}]}}