{"id":390414,"date":"2025-09-02T11:04:19","date_gmt":"2025-09-02T11:04:19","guid":{"rendered":"https:\/\/glotomania.com\/p\/molde-silicona-3d-scrapcooking-galletas-finger-2\/"},"modified":"2026-04-19T00:04:24","modified_gmt":"2026-04-19T00:04:24","slug":"molde-silicona-3d-scrapcooking-galletas-finger-2","status":"publish","type":"product","link":"https:\/\/glotomania.com\/pt-pt\/p\/molde-silicona-3d-scrapcooking-galletas-finger-2\/","title":{"rendered":"Molde De Silicone 3d Scrapcooking &#8211; Bolachas &#8220;finger&#8221;"},"content":{"rendered":"<p>&nbsp;<\/p>\n<p><span style=\"font-size:14px\"><span style=\"color:#000000\">Feito de <strong>silicone de platina de qualidade 100% profissional<\/strong>, seguro para alimentos. Material ultra-flex&iacute;vel e anti-aderente.<\/span><\/span><\/p>\n<p><span style=\"font-size:14px\"><span style=\"color:#000000\">Adequado para utiliza&ccedil;&atilde;o no forno, micro-ondas, frigor&iacute;fico e congelador (temperaturas de -20&deg;C a + 230&deg;C). Tamb&eacute;m adequado para a m&aacute;quina de lavar lou&ccedil;a, fornos el&eacute;ctricos e convencionais.<\/span><\/span><\/p>\n<p><span style=\"font-size:14px\"><span style=\"color:#000000\">Precau&ccedil;&otilde;es de utiliza&ccedil;&atilde;o:&nbsp;<\/span><\/span><\/p>\n<ul>\n<li><span style=\"font-size:14px\"><span style=\"color:#000000\">N&atilde;o colocar o molde em contacto direto com uma chama ou numa placa de aquecimento el&eacute;ctrica.&nbsp;<\/span><\/span><\/li>\n<li><span style=\"font-size:14px\"><span style=\"color:#000000\">N&atilde;o utilizar ferramentas com arestas vivas sobre o molde.&nbsp;<\/span><\/span><\/li>\n<li><span style=\"font-size:14px\"><span style=\"color:#000000\">N&atilde;o colocar o molde no forno sem que todas as cavidades estejam cheias (encher as cavidades vazias com &aacute;gua).<\/span><\/span><\/li>\n<\/ul>\n<p><span style=\"font-size:14px\"><span style=\"color:#000000\"><strong>Dimens&otilde;es aproximadas: <\/strong><u>Molde<\/u> 29,7 x 17,5 x 17,5 x 1,8 cm &#8211; <u>Biscoitos<\/u> 9 x 3,8 x 1,5 cm.<\/span><\/span><\/p>\n<p><span style=\"font-size:14px\"><span style=\"color:#000000\"><em>Este produto n&atilde;o est&aacute; dispon&iacute;vel para a B&eacute;lgica, Fran&ccedil;a e Su&iacute;&ccedil;a.<\/em><\/span><\/span><\/p>\n","protected":false},"excerpt":{"rendered":"<p>Este molde flex\u00edvel e f\u00e1cil de utilizar tem 7 cavidades, ideais para uma grande variedade de prepara\u00e7\u00f5es: biscoitos recheados, financiers, receitas de fruta, chocolates,&#8230; e muito mais!<\/p>\n","protected":false},"featured_media":62182,"comment_status":"open","ping_status":"closed","template":"","meta":{"_acf_changed":false},"pwb-brand":[],"product_brand":[],"product_cat":[3214,3214,3222,3222,3087,3231,3231,3087],"product_tag":[],"class_list":{"0":"post-390414","1":"product","2":"type-product","3":"status-publish","4":"has-post-thumbnail","6":"product_cat-moldes-de-pastelaria","8":"product_cat-moldes-de-silicone","10":"product_cat-ordem-e-armazenamento","11":"product_cat-utensilios-para-bolachas","15":"first","16":"instock","17":"taxable","18":"shipping-taxable","19":"purchasable","20":"product-type-simple"},"acf":[],"df_price":16.27,"df_sale_price":16.27,"df_regular_price":23.26,"df_image_link":"https:\/\/glotomania.com\/wp-content\/uploads\/2025\/04\/img_26372_4e5590e855a7d7383b40e4ac76cb9ce1_1-300x300.jpg","brands":[],"_links":{"self":[{"href":"https:\/\/glotomania.com\/pt-pt\/wp-json\/wp\/v2\/product\/390414","targetHints":{"allow":["GET"]}}],"collection":[{"href":"https:\/\/glotomania.com\/pt-pt\/wp-json\/wp\/v2\/product"}],"about":[{"href":"https:\/\/glotomania.com\/pt-pt\/wp-json\/wp\/v2\/types\/product"}],"replies":[{"embeddable":true,"href":"https:\/\/glotomania.com\/pt-pt\/wp-json\/wp\/v2\/comments?post=390414"}],"wp:featuredmedia":[{"embeddable":true,"href":"https:\/\/glotomania.com\/pt-pt\/wp-json\/wp\/v2\/media\/62182"}],"wp:attachment":[{"href":"https:\/\/glotomania.com\/pt-pt\/wp-json\/wp\/v2\/media?parent=390414"}],"wp:term":[{"taxonomy":"pwb-brand","embeddable":true,"href":"https:\/\/glotomania.com\/pt-pt\/wp-json\/wp\/v2\/pwb-brand?post=390414"},{"taxonomy":"product_brand","embeddable":true,"href":"https:\/\/glotomania.com\/pt-pt\/wp-json\/wp\/v2\/product_brand?post=390414"},{"taxonomy":"product_cat","embeddable":true,"href":"https:\/\/glotomania.com\/pt-pt\/wp-json\/wp\/v2\/product_cat?post=390414"},{"taxonomy":"product_tag","embeddable":true,"href":"https:\/\/glotomania.com\/pt-pt\/wp-json\/wp\/v2\/product_tag?post=390414"}],"curies":[{"name":"wp","href":"https:\/\/api.w.org\/{rel}","templated":true}]}}