{"id":390416,"date":"2025-09-02T11:04:21","date_gmt":"2025-09-02T11:04:21","guid":{"rendered":"https:\/\/glotomania.com\/p\/24-mangas-pasteleras-desechables-30-cm-2\/"},"modified":"2026-04-17T10:08:15","modified_gmt":"2026-04-17T10:08:15","slug":"24-mangas-pasteleras-desechables-30-cm-2","status":"publish","type":"product","link":"https:\/\/glotomania.com\/pt-pt\/p\/24-mangas-pasteleras-desechables-30-cm-2\/","title":{"rendered":"24 Sacos De Pasteleiro Descartaveis &#8211; 30 Cm"},"content":{"rendered":"<p>&nbsp;<\/p>\n<p><span><span style=\"font-size: 14px\">Realizado a partir de um&nbsp;<strong>filme especial co-extrudido<\/strong>&nbsp;constitu&iacute;do por 3 camadas diferentes:<\/span><\/span><\/p>\n<ul>\n<li><span><span style=\"font-size: 14px\">Camada exterior &#8211; superf&iacute;cie mais &aacute;spera, adequada para o manuseamento do saco.<\/span><\/span><\/li>\n<li><span><span style=\"font-size: 14px\">Camada interm&eacute;dia &#8211; proporciona uma for&ccedil;a inigual&aacute;vel e actua como uma &quot;barreira&quot; entre as camadas externas e internas.<\/span><\/span><\/li>\n<li><span><span style=\"font-size: 14px\">Camada interior &#8211; com uma pel&iacute;cula muito mais escorregadia para facilitar o deslizamento e liberta&ccedil;&atilde;o do composto.<\/span><\/span><\/li>\n<\/ul>\n<p><span><span style=\"font-size: 14px\">Tem uma<u>&nbsp;junta de veda&ccedil;&atilde;o dupla<\/u>, o que a torna altamente resistente.&nbsp;<\/span><\/span><\/p>\n<p><span><span style=\"font-size: 14px\">Fabricado em&nbsp;<strong>polietileno&nbsp;<\/strong>coextrudido de baixa densidade, adequado para uso alimentar.<\/span><\/span><\/p>\n<p><span><span style=\"font-size: 14px\"><strong>Medidas<\/strong>: Comprimento 30 cm.<\/span><\/span><\/p>\n","protected":false},"excerpt":{"rendered":"<p>Inclui 24 sacos de pastelaria transparentes feitos de material multi-camadas 100% recicl\u00e1vel. Altamente resistente gra\u00e7as \u00e0 sua dupla veda\u00e7\u00e3o.<\/p>\n","protected":false},"featured_media":63762,"comment_status":"open","ping_status":"closed","template":"","meta":{"_acf_changed":false},"pwb-brand":[],"product_brand":[],"product_cat":[3106,3087,3126,1820,1883,1767],"product_tag":[],"class_list":{"0":"post-390416","1":"product","2":"type-product","3":"status-publish","4":"has-post-thumbnail","6":"product_cat-basicos-de-pastelaria","7":"product_cat-ordem-e-armazenamento","8":"product_cat-sacos-de-pasteleiro-e-acessorios-2","9":"product_cat-basicos","10":"product_cat-mangas-pasteleras","11":"product_cat-utensilios","13":"first","14":"instock","15":"taxable","16":"shipping-taxable","17":"purchasable","18":"product-type-simple"},"acf":[],"df_price":5.5,"df_sale_price":"","df_regular_price":5.5,"df_image_link":"https:\/\/glotomania.com\/wp-content\/uploads\/2025\/04\/img_26413_97445b91d0f8eac8a8b44abe5ca2e39a_1-300x300.jpg","brands":[],"_links":{"self":[{"href":"https:\/\/glotomania.com\/pt-pt\/wp-json\/wp\/v2\/product\/390416","targetHints":{"allow":["GET"]}}],"collection":[{"href":"https:\/\/glotomania.com\/pt-pt\/wp-json\/wp\/v2\/product"}],"about":[{"href":"https:\/\/glotomania.com\/pt-pt\/wp-json\/wp\/v2\/types\/product"}],"replies":[{"embeddable":true,"href":"https:\/\/glotomania.com\/pt-pt\/wp-json\/wp\/v2\/comments?post=390416"}],"wp:featuredmedia":[{"embeddable":true,"href":"https:\/\/glotomania.com\/pt-pt\/wp-json\/wp\/v2\/media\/63762"}],"wp:attachment":[{"href":"https:\/\/glotomania.com\/pt-pt\/wp-json\/wp\/v2\/media?parent=390416"}],"wp:term":[{"taxonomy":"pwb-brand","embeddable":true,"href":"https:\/\/glotomania.com\/pt-pt\/wp-json\/wp\/v2\/pwb-brand?post=390416"},{"taxonomy":"product_brand","embeddable":true,"href":"https:\/\/glotomania.com\/pt-pt\/wp-json\/wp\/v2\/product_brand?post=390416"},{"taxonomy":"product_cat","embeddable":true,"href":"https:\/\/glotomania.com\/pt-pt\/wp-json\/wp\/v2\/product_cat?post=390416"},{"taxonomy":"product_tag","embeddable":true,"href":"https:\/\/glotomania.com\/pt-pt\/wp-json\/wp\/v2\/product_tag?post=390416"}],"curies":[{"name":"wp","href":"https:\/\/api.w.org\/{rel}","templated":true}]}}