{"id":390419,"date":"2025-09-02T11:04:23","date_gmt":"2025-09-02T11:04:23","guid":{"rendered":"https:\/\/glotomania.com\/p\/expositor-para-tienda-colorantes-colour-mill-2\/"},"modified":"2026-03-11T04:03:56","modified_gmt":"2026-03-11T04:03:56","slug":"expositor-para-tienda-colorantes-colour-mill-2","status":"publish","type":"product","link":"https:\/\/glotomania.com\/pt-pt\/p\/expositor-para-tienda-colorantes-colour-mill-2\/","title":{"rendered":"Expositor Para Loja De Corantes Colour Mill"},"content":{"rendered":"<p>&nbsp;<\/p>\n<p><span style=\"color:#000000\"><span style=\"font-size:14px\">Capte a aten&ccedil;&atilde;o dos clientes e realce a qualidade dos produtos Colour Mill com este expositor, que n&atilde;o s&oacute; aumenta a visibilidade dos seus produtos, como tamb&eacute;m lhe permite apresentar a sua gama de corantes de uma forma organizada e acess&iacute;vel.&nbsp;<\/span><\/span><\/p>\n<p><span style=\"color:#000000\"><span style=\"font-size:14px\">Fabricado em cart&atilde;o de alta qualidade e resistente.<\/span><\/span><\/p>\n<p><span style=\"color:#000000\"><span style=\"font-size:14px\"><strong>Dimens&otilde;es aproximadas:<\/strong> com cabe&ccedil;alho 31 x 22 x 22 x 25 cm &#8211; sem cabe&ccedil;alho 31 x 22 x 15 cm.<\/span><\/span><\/p>\n","protected":false},"excerpt":{"rendered":"<p>O expositor de venda a retalho Colour Mill, a solu\u00e7\u00e3o ideal para expor com estilo todos os fant\u00e1sticos corantes alimentares da marca.<\/p>\n","protected":false},"featured_media":63787,"comment_status":"open","ping_status":"closed","template":"","meta":{"_acf_changed":false},"pwb-brand":[],"product_brand":[],"product_cat":[3089,3087,1923,1767],"product_tag":[],"class_list":{"0":"post-390419","1":"product","2":"type-product","3":"status-publish","4":"has-post-thumbnail","6":"product_cat-acessorios-para-lojas-2","7":"product_cat-ordem-e-armazenamento","8":"product_cat-accesorios-para-tiendas","9":"product_cat-utensilios","11":"first","12":"instock","13":"taxable","14":"shipping-taxable","15":"purchasable","16":"product-type-simple"},"acf":[],"df_price":4.95,"df_sale_price":"","df_regular_price":4.95,"df_image_link":"https:\/\/glotomania.com\/wp-content\/uploads\/2025\/04\/img_26418_e8d2430d9c669dc046046b1996ab9eef_1-300x300.jpg","brands":[],"_links":{"self":[{"href":"https:\/\/glotomania.com\/pt-pt\/wp-json\/wp\/v2\/product\/390419","targetHints":{"allow":["GET"]}}],"collection":[{"href":"https:\/\/glotomania.com\/pt-pt\/wp-json\/wp\/v2\/product"}],"about":[{"href":"https:\/\/glotomania.com\/pt-pt\/wp-json\/wp\/v2\/types\/product"}],"replies":[{"embeddable":true,"href":"https:\/\/glotomania.com\/pt-pt\/wp-json\/wp\/v2\/comments?post=390419"}],"wp:featuredmedia":[{"embeddable":true,"href":"https:\/\/glotomania.com\/pt-pt\/wp-json\/wp\/v2\/media\/63787"}],"wp:attachment":[{"href":"https:\/\/glotomania.com\/pt-pt\/wp-json\/wp\/v2\/media?parent=390419"}],"wp:term":[{"taxonomy":"pwb-brand","embeddable":true,"href":"https:\/\/glotomania.com\/pt-pt\/wp-json\/wp\/v2\/pwb-brand?post=390419"},{"taxonomy":"product_brand","embeddable":true,"href":"https:\/\/glotomania.com\/pt-pt\/wp-json\/wp\/v2\/product_brand?post=390419"},{"taxonomy":"product_cat","embeddable":true,"href":"https:\/\/glotomania.com\/pt-pt\/wp-json\/wp\/v2\/product_cat?post=390419"},{"taxonomy":"product_tag","embeddable":true,"href":"https:\/\/glotomania.com\/pt-pt\/wp-json\/wp\/v2\/product_tag?post=390419"}],"curies":[{"name":"wp","href":"https:\/\/api.w.org\/{rel}","templated":true}]}}