{"id":390426,"date":"2025-09-02T11:04:33","date_gmt":"2025-09-02T11:04:33","guid":{"rendered":"https:\/\/glotomania.com\/p\/aro-de-madera-automontable-para-horno-o-16-cm-2\/"},"modified":"2026-03-12T12:47:26","modified_gmt":"2026-03-12T12:47:26","slug":"aro-de-madera-automontable-para-horno-o-16-cm-2","status":"publish","type":"product","link":"https:\/\/glotomania.com\/pt-pt\/p\/aro-de-madera-automontable-para-horno-o-16-cm-2\/","title":{"rendered":"Aro De Madeira Para Forno Auto-mont\u00c1vel &#8211; \u00d8 16 Cm"},"content":{"rendered":"<p>&nbsp;<\/p>\n<p><span style=\"font-size: 14px\"><span>O seu aspeto natural e sofisticado dar&aacute; um toque especial aos seus pratos, enquanto a resist&ecirc;ncia da&nbsp;<strong>madeira de choupo<\/strong>&nbsp;garante durabilidade e qualidade.<\/span><\/span><\/p>\n<p><span style=\"font-size: 14px\"><span>Ideal para cozer bolos irresist&iacute;veis, criar queijos artesanais &uacute;nicos ou apresentar tapas, saladas e sobremesas individuais com um toque r&uacute;stico.<\/span><\/span><\/p>\n<p><span style=\"font-size: 14px\"><span>Perfeito para cozer, suporta temperaturas&nbsp;<strong>at&eacute; 220&ordm;C<\/strong>&nbsp;durante 20 minutos.<\/span><\/span><\/p>\n<p><span style=\"font-size: 14px\"><span><strong>Dimens&otilde;es aproximadas:<\/strong>&nbsp;&Oslash; 16 cm &#8211; Largura 3,5 cm.<\/span><\/span><\/p>\n<p><em><span style=\"font-size: 14px\"><span>Recomenda-se manter o produto embalado num saco de pl&aacute;stico at&eacute; &agrave; sua utiliza&ccedil;&atilde;o.<\/span><\/span><\/em><\/p>\n","protected":false},"excerpt":{"rendered":"<p>Anel de madeira vers\u00e1til, adequado para cozer, perfeito para uma variedade de aplica\u00e7\u00f5es. O seu design de auto-montagem torna-o f\u00e1cil de montar, poupando tempo e esfor\u00e7o na cozinha.<\/p>\n","protected":false},"featured_media":63774,"comment_status":"open","ping_status":"closed","template":"","meta":{"_acf_changed":false},"pwb-brand":[],"product_brand":[],"product_cat":[1892,3106,1820,3216,1956,3214,1801,3087,3112,1767],"product_tag":[],"class_list":{"0":"post-390426","1":"product","2":"type-product","3":"status-publish","4":"has-post-thumbnail","6":"product_cat-bandejas-horno","7":"product_cat-basicos-de-pastelaria","8":"product_cat-basicos","9":"product_cat-moldes-de-madeira","10":"product_cat-moldes-madera","11":"product_cat-moldes-de-pastelaria","12":"product_cat-moldes","13":"product_cat-ordem-e-armazenamento","14":"product_cat-tabuleiros-e-acessorios-2","15":"product_cat-utensilios","17":"first","18":"instock","19":"taxable","20":"shipping-taxable","21":"purchasable","22":"product-type-simple"},"acf":[],"df_price":1.85,"df_sale_price":"","df_regular_price":1.85,"df_image_link":"https:\/\/glotomania.com\/wp-content\/uploads\/2025\/04\/img_26457_2b7c4b76fc91c0c670d8c3aaa7aefabb_1-300x300.jpg","brands":[],"_links":{"self":[{"href":"https:\/\/glotomania.com\/pt-pt\/wp-json\/wp\/v2\/product\/390426","targetHints":{"allow":["GET"]}}],"collection":[{"href":"https:\/\/glotomania.com\/pt-pt\/wp-json\/wp\/v2\/product"}],"about":[{"href":"https:\/\/glotomania.com\/pt-pt\/wp-json\/wp\/v2\/types\/product"}],"replies":[{"embeddable":true,"href":"https:\/\/glotomania.com\/pt-pt\/wp-json\/wp\/v2\/comments?post=390426"}],"wp:featuredmedia":[{"embeddable":true,"href":"https:\/\/glotomania.com\/pt-pt\/wp-json\/wp\/v2\/media\/63774"}],"wp:attachment":[{"href":"https:\/\/glotomania.com\/pt-pt\/wp-json\/wp\/v2\/media?parent=390426"}],"wp:term":[{"taxonomy":"pwb-brand","embeddable":true,"href":"https:\/\/glotomania.com\/pt-pt\/wp-json\/wp\/v2\/pwb-brand?post=390426"},{"taxonomy":"product_brand","embeddable":true,"href":"https:\/\/glotomania.com\/pt-pt\/wp-json\/wp\/v2\/product_brand?post=390426"},{"taxonomy":"product_cat","embeddable":true,"href":"https:\/\/glotomania.com\/pt-pt\/wp-json\/wp\/v2\/product_cat?post=390426"},{"taxonomy":"product_tag","embeddable":true,"href":"https:\/\/glotomania.com\/pt-pt\/wp-json\/wp\/v2\/product_tag?post=390426"}],"curies":[{"name":"wp","href":"https:\/\/api.w.org\/{rel}","templated":true}]}}