{"id":390431,"date":"2025-09-02T11:04:38","date_gmt":"2025-09-02T11:04:38","guid":{"rendered":"https:\/\/glotomania.com\/p\/boquilla-16-wilton-estrella-abierta-cardada-2\/"},"modified":"2026-03-11T04:04:20","modified_gmt":"2026-03-11T04:04:20","slug":"boquilla-16-wilton-estrella-abierta-cardada-2","status":"publish","type":"product","link":"https:\/\/glotomania.com\/pt-pt\/p\/boquilla-16-wilton-estrella-abierta-cardada-2\/","title":{"rendered":"Bico #16 Wilton &#8211; Estrela Aberta Cardado"},"content":{"rendered":"<p>&nbsp;<\/p>\n<p><span style=\"color:#000000\"><span style=\"font-size:14px\"><strong>Tamanho aproximado:<\/strong> &Oslash; 0,5 cm.<\/span><\/span><\/p>\n<p><span style=\"color:#000000\"><span style=\"font-size:14px\">Pode ser lavado na m&aacute;quina de lavar lou&ccedil;a.<\/span><\/span><\/p>\n<p><em><span style=\"color:#000000\"><span style=\"font-size:14px\">Para utilizar em combina&ccedil;&atilde;o com um adaptador de tamanho normal.<\/span><\/span><\/em><\/p>\n","protected":false},"excerpt":{"rendered":"<p>Bico de metal Wilton para a produ\u00e7\u00e3o de t\u00e9cnicas de estrela, gota de flor e borda serrilhada.<\/p>\n","protected":false},"featured_media":63775,"comment_status":"open","ping_status":"closed","template":"","meta":{"_acf_changed":false},"pwb-brand":[],"product_brand":[],"product_cat":[1770,3087,3157,1767],"product_tag":[],"class_list":{"0":"post-390431","1":"product","2":"type-product","3":"status-publish","4":"has-post-thumbnail","6":"product_cat-boquilas","7":"product_cat-ordem-e-armazenamento","8":"product_cat-sets-de-bicos","9":"product_cat-utensilios","11":"first","12":"instock","13":"taxable","14":"shipping-taxable","15":"purchasable","16":"product-type-simple"},"acf":[],"df_price":1.6,"df_sale_price":"","df_regular_price":1.6,"df_image_link":"https:\/\/glotomania.com\/wp-content\/uploads\/2025\/04\/img_26479_e6b7f1d3b61aec66eac6406de74810b6_1-300x300.jpg","brands":[],"_links":{"self":[{"href":"https:\/\/glotomania.com\/pt-pt\/wp-json\/wp\/v2\/product\/390431","targetHints":{"allow":["GET"]}}],"collection":[{"href":"https:\/\/glotomania.com\/pt-pt\/wp-json\/wp\/v2\/product"}],"about":[{"href":"https:\/\/glotomania.com\/pt-pt\/wp-json\/wp\/v2\/types\/product"}],"replies":[{"embeddable":true,"href":"https:\/\/glotomania.com\/pt-pt\/wp-json\/wp\/v2\/comments?post=390431"}],"wp:featuredmedia":[{"embeddable":true,"href":"https:\/\/glotomania.com\/pt-pt\/wp-json\/wp\/v2\/media\/63775"}],"wp:attachment":[{"href":"https:\/\/glotomania.com\/pt-pt\/wp-json\/wp\/v2\/media?parent=390431"}],"wp:term":[{"taxonomy":"pwb-brand","embeddable":true,"href":"https:\/\/glotomania.com\/pt-pt\/wp-json\/wp\/v2\/pwb-brand?post=390431"},{"taxonomy":"product_brand","embeddable":true,"href":"https:\/\/glotomania.com\/pt-pt\/wp-json\/wp\/v2\/product_brand?post=390431"},{"taxonomy":"product_cat","embeddable":true,"href":"https:\/\/glotomania.com\/pt-pt\/wp-json\/wp\/v2\/product_cat?post=390431"},{"taxonomy":"product_tag","embeddable":true,"href":"https:\/\/glotomania.com\/pt-pt\/wp-json\/wp\/v2\/product_tag?post=390431"}],"curies":[{"name":"wp","href":"https:\/\/api.w.org\/{rel}","templated":true}]}}