{"id":390432,"date":"2025-09-02T11:04:39","date_gmt":"2025-09-02T11:04:39","guid":{"rendered":"https:\/\/glotomania.com\/p\/set-adaptador-para-boquilla-grande-colorswirl-wilton-tricolor-2\/"},"modified":"2026-03-11T04:04:22","modified_gmt":"2026-03-11T04:04:22","slug":"set-adaptador-para-boquilla-grande-colorswirl-wilton-tricolor-2","status":"publish","type":"product","link":"https:\/\/glotomania.com\/pt-pt\/p\/set-adaptador-para-boquilla-grande-colorswirl-wilton-tricolor-2\/","title":{"rendered":"Conjunto De Adaptadores Para Bicos Grandes &#8220;colorswirl&#8221; Wilton &#8211; Tricolor"},"content":{"rendered":"<p>&nbsp;<\/p>\n<p><span style=\"font-size:14px\"><span style=\"color:#000000\">O <strong>adaptador ColorSwirl Tri-Colour<\/strong> combina os tr&ecirc;s orif&iacute;cios de sa&iacute;da num s&oacute;, na ponta do seu bico, permitindo-lhe decorar bolos, cupcakes e outras sobremesas com uma explos&atilde;o instant&acirc;nea de cor.<\/span><\/span><\/p>\n<p><span style=\"font-size:14px\"><span style=\"color:#000000\">O adaptador inclui tr&ecirc;s adaptadores que encaixam perfeitamente no anel, mantendo tudo no lugar enquanto decora. Troque de bicos diferentes sem complica&ccedil;&otilde;es e experimente v&aacute;rios designs, tudo isto sem ter de mudar de saco de pasteleiro de creme de manteiga.&nbsp;<\/span><\/span><\/p>\n<p><span style=\"font-size:14px\"><span style=\"color:#000000\">Compat&iacute;vel com:<\/span><\/span><\/p>\n<ul>\n<li><span style=\"color:#000000\"><span style=\"font-size:14px\">Bicos <a href=\"https:\/\/www.pastkolor.pt\/bico-1m-wilton--estrela-aberta-p-10-55-17580-o-0\/\" target=\"_blank\" rel=\"nofollow noopener\">1M<\/a>, <a href=\"https:\/\/www.pastkolor.pt\/bico-2d-wilton--flor-de-gota-p-10-55-17627-o-1\/\" target=\"_blank\" rel=\"nofollow noopener\">2D<\/a>, <a href=\"https:\/\/www.pastkolor.pt\/bico-6b-wilton--estrela-aberta-p-10-55-23615-o-0\/\" target=\"_blank\" rel=\"nofollow noopener\">6B<\/a>, <a href=\"https:\/\/www.pastkolor.pt\/bico-4b-wilton--estrela-aberta-p-10-55-17518-o-0\/\" target=\"_blank\" rel=\"nofollow noopener\">4B<\/a>.<\/span><\/span><\/li>\n<li><span style=\"font-size:14px\"><span style=\"color:#000000\"><a href=\"https:\/\/www.pastkolor.pt\/set-de-bicos-extra-grandes-wilton-p-10-55-17591-o-3\/\" target=\"_blank\" rel=\"nofollow noopener\">Conjunto de bicos extra grandes<\/a> (1M, 2D, 2A).&nbsp;<\/span><\/span><\/li>\n<li><span style=\"font-size:14px\"><span style=\"color:#000000\">Ideal para utilizar com sacos de pasteleiro descart&aacute;veis com 40 cm de comprimento.<\/span><\/span><\/li>\n<\/ul>\n","protected":false},"excerpt":{"rendered":"<p>Este engenhoso adaptador permite-lhe executar fant\u00e1sticos desenhos de buttercream multicoloridos com um \u00fanico movimento. Basta inserir as mangas no adaptador e fix\u00e1-las com o anel de fixa\u00e7\u00e3o inclu\u00eddo.<\/p>\n","protected":false},"featured_media":63804,"comment_status":"open","ping_status":"closed","template":"","meta":{"_acf_changed":false},"pwb-brand":[],"product_brand":[],"product_cat":[1770,3087,3157,1767],"product_tag":[],"class_list":{"0":"post-390432","1":"product","2":"type-product","3":"status-publish","4":"has-post-thumbnail","6":"product_cat-boquilas","7":"product_cat-ordem-e-armazenamento","8":"product_cat-sets-de-bicos","9":"product_cat-utensilios","11":"first","12":"instock","13":"taxable","14":"shipping-taxable","15":"purchasable","16":"product-type-simple"},"acf":[],"df_price":4.5,"df_sale_price":"","df_regular_price":4.5,"df_image_link":"https:\/\/glotomania.com\/wp-content\/uploads\/2025\/04\/img_26482_c58950c78e7ff5517ebb2ea207f913d8_1-300x300.jpg","brands":[],"_links":{"self":[{"href":"https:\/\/glotomania.com\/pt-pt\/wp-json\/wp\/v2\/product\/390432","targetHints":{"allow":["GET"]}}],"collection":[{"href":"https:\/\/glotomania.com\/pt-pt\/wp-json\/wp\/v2\/product"}],"about":[{"href":"https:\/\/glotomania.com\/pt-pt\/wp-json\/wp\/v2\/types\/product"}],"replies":[{"embeddable":true,"href":"https:\/\/glotomania.com\/pt-pt\/wp-json\/wp\/v2\/comments?post=390432"}],"wp:featuredmedia":[{"embeddable":true,"href":"https:\/\/glotomania.com\/pt-pt\/wp-json\/wp\/v2\/media\/63804"}],"wp:attachment":[{"href":"https:\/\/glotomania.com\/pt-pt\/wp-json\/wp\/v2\/media?parent=390432"}],"wp:term":[{"taxonomy":"pwb-brand","embeddable":true,"href":"https:\/\/glotomania.com\/pt-pt\/wp-json\/wp\/v2\/pwb-brand?post=390432"},{"taxonomy":"product_brand","embeddable":true,"href":"https:\/\/glotomania.com\/pt-pt\/wp-json\/wp\/v2\/product_brand?post=390432"},{"taxonomy":"product_cat","embeddable":true,"href":"https:\/\/glotomania.com\/pt-pt\/wp-json\/wp\/v2\/product_cat?post=390432"},{"taxonomy":"product_tag","embeddable":true,"href":"https:\/\/glotomania.com\/pt-pt\/wp-json\/wp\/v2\/product_tag?post=390432"}],"curies":[{"name":"wp","href":"https:\/\/api.w.org\/{rel}","templated":true}]}}