{"id":390434,"date":"2025-09-02T11:04:41","date_gmt":"2025-09-02T11:04:41","guid":{"rendered":"https:\/\/glotomania.com\/p\/set-10-cajas-para-tarta-4-alturas-ajustables-30-cm-2\/"},"modified":"2026-03-11T04:04:25","modified_gmt":"2026-03-11T04:04:25","slug":"set-10-cajas-para-tarta-4-alturas-ajustables-30-cm-2","status":"publish","type":"product","link":"https:\/\/glotomania.com\/pt-pt\/p\/set-10-cajas-para-tarta-4-alturas-ajustables-30-cm-2\/","title":{"rendered":"Conjunto De 10 Caixas Para Bolos &#8211; 4 Alturas Ajust\u00c1veis &#8211; 30 Cm"},"content":{"rendered":"<p>&nbsp;<\/p>\n<p><span style=\"font-size:14px\"><span style=\"color:#000000\">A caixa &eacute; composta por duas partes (base e tampa) e &eacute; enviada desmontada para evitar danos durante o transporte.<\/span><\/span><\/p>\n<p><span style=\"font-size:14px\"><span style=\"color:#000000\">Feita em cart&atilde;o resistente, pr&oacute;prio para alimentos.<\/span><\/span><\/p>\n<p><span style=\"font-size:14px\"><span style=\"color:#000000\"><strong>Dimens&otilde;es aproximadas: 30 x 30 cm &#8211; Alturas:<\/strong> 20 \/ 22 \/ 26,5 \/ 30 cm.<\/span><\/span><\/p>\n<p><span style=\"font-size:14px\"><em><span style=\"color:#000000\">Vendida em embalagens de 10 unidades, protegidas por pl&aacute;stico bolha.<\/span><\/em><\/span><\/p><\/p>\n","protected":false},"excerpt":{"rendered":"<p>Inclui 10 caixas brancas de qualidade profissional feitas de cart\u00e3o resistente, ideais para o cuidado e transporte das suas cria\u00e7\u00f5es.<\/p>\n","protected":false},"featured_media":63768,"comment_status":"open","ping_status":"closed","template":"","meta":{"_acf_changed":false},"pwb-brand":[],"product_brand":[],"product_cat":[3158,3178,3180,1931,1782,1783,3087,1767],"product_tag":[],"class_list":{"0":"post-390434","1":"product","2":"type-product","3":"status-publish","4":"has-post-thumbnail","6":"product_cat-caixas-de-pastelaria","7":"product_cat-caixas-para-bolos-2","8":"product_cat-caixas-regulaveis-em-altura","9":"product_cat-cajas-altura-ajustable","10":"product_cat-cajas","11":"product_cat-cajas-tartas","12":"product_cat-ordem-e-armazenamento","13":"product_cat-utensilios","15":"first","16":"outofstock","17":"taxable","18":"shipping-taxable","19":"purchasable","20":"product-type-simple"},"acf":[],"df_price":21.3,"df_sale_price":"","df_regular_price":21.3,"df_image_link":"https:\/\/glotomania.com\/wp-content\/uploads\/2025\/04\/img_26487_af355529b6077c84078ed62e5e14e31e_1-300x300.jpg","brands":[],"_links":{"self":[{"href":"https:\/\/glotomania.com\/pt-pt\/wp-json\/wp\/v2\/product\/390434","targetHints":{"allow":["GET"]}}],"collection":[{"href":"https:\/\/glotomania.com\/pt-pt\/wp-json\/wp\/v2\/product"}],"about":[{"href":"https:\/\/glotomania.com\/pt-pt\/wp-json\/wp\/v2\/types\/product"}],"replies":[{"embeddable":true,"href":"https:\/\/glotomania.com\/pt-pt\/wp-json\/wp\/v2\/comments?post=390434"}],"wp:featuredmedia":[{"embeddable":true,"href":"https:\/\/glotomania.com\/pt-pt\/wp-json\/wp\/v2\/media\/63768"}],"wp:attachment":[{"href":"https:\/\/glotomania.com\/pt-pt\/wp-json\/wp\/v2\/media?parent=390434"}],"wp:term":[{"taxonomy":"pwb-brand","embeddable":true,"href":"https:\/\/glotomania.com\/pt-pt\/wp-json\/wp\/v2\/pwb-brand?post=390434"},{"taxonomy":"product_brand","embeddable":true,"href":"https:\/\/glotomania.com\/pt-pt\/wp-json\/wp\/v2\/product_brand?post=390434"},{"taxonomy":"product_cat","embeddable":true,"href":"https:\/\/glotomania.com\/pt-pt\/wp-json\/wp\/v2\/product_cat?post=390434"},{"taxonomy":"product_tag","embeddable":true,"href":"https:\/\/glotomania.com\/pt-pt\/wp-json\/wp\/v2\/product_tag?post=390434"}],"curies":[{"name":"wp","href":"https:\/\/api.w.org\/{rel}","templated":true}]}}