{"id":390440,"date":"2025-09-02T11:04:46","date_gmt":"2025-09-02T11:04:46","guid":{"rendered":"https:\/\/glotomania.com\/p\/set-boquillas-para-flores-wilton-2\/"},"modified":"2026-04-24T17:05:26","modified_gmt":"2026-04-24T17:05:26","slug":"set-boquillas-para-flores-wilton-2","status":"publish","type":"product","link":"https:\/\/glotomania.com\/pt-pt\/p\/set-boquillas-para-flores-wilton-2\/","title":{"rendered":"Conjunto De Bicos De Flores Wilton"},"content":{"rendered":"<p>&nbsp;<\/p>\n<p><span style=\"font-size:14px\"><span style=\"color:#000000\">Este conjunto &eacute; composto pelos seguintes bicos Wilton:<\/span><\/span><\/p>\n<ul>\n<li><span style=\"font-size:14px\"><span style=\"color:#000000\"><strong>Bicos #102 e #104 p&eacute;tala: <\/strong>Ideal para fazer p&eacute;talas, la&ccedil;os, drapeados,&#8230;&nbsp;<\/span><\/span><\/li>\n<li><span style=\"font-size:14px\"><span style=\"color:#000000\"><strong>Bico #224 flor em gota: <\/strong>para fazer t&eacute;cnicas de flor em gota.<\/span><\/span><\/li>\n<li><span style=\"font-size:14px\"><span style=\"color:#000000\"><strong>Bico #352 folha: <\/strong>para a produ&ccedil;&atilde;o de folhas realistas, mas tamb&eacute;m para criar, por exemplo, conchas.&nbsp;<\/span><\/span><\/li>\n<\/ul>\n<p><span style=\"font-size:14px\"><span style=\"color:#000000\">Antes da primeira utiliza&ccedil;&atilde;o e ap&oacute;s cada utiliza&ccedil;&atilde;o, lavar &agrave; m&atilde;o com &aacute;gua morna e sab&atilde;o. Enxag&uacute;e e deixe secar. Os bicos tamb&eacute;m podem ser lavados na m&aacute;quina de lavar loi&ccedil;a.<\/span><\/span><\/p>\n","protected":false},"excerpt":{"rendered":"<p>Inclui 4 bicos Wilton (#102, #104, #224, #352), perfeitos para fazer decora\u00e7\u00f5es florais nas nossas cria\u00e7\u00f5es.<\/p>\n","protected":false},"featured_media":63809,"comment_status":"open","ping_status":"closed","template":"","meta":{"_acf_changed":false},"pwb-brand":[],"product_brand":[],"product_cat":[3087,3157,1770,1767],"product_tag":[],"class_list":{"0":"post-390440","1":"product","2":"type-product","3":"status-publish","4":"has-post-thumbnail","6":"product_cat-ordem-e-armazenamento","7":"product_cat-sets-de-bicos","8":"product_cat-boquilas","9":"product_cat-utensilios","11":"first","12":"instock","13":"taxable","14":"shipping-taxable","15":"purchasable","16":"product-type-simple"},"acf":[],"df_price":4.95,"df_sale_price":"","df_regular_price":4.95,"df_image_link":"https:\/\/glotomania.com\/wp-content\/uploads\/2025\/05\/img_26504_64b0d925f3cc193794ae1b6743beede6_1-300x300.jpg","brands":[],"_links":{"self":[{"href":"https:\/\/glotomania.com\/pt-pt\/wp-json\/wp\/v2\/product\/390440","targetHints":{"allow":["GET"]}}],"collection":[{"href":"https:\/\/glotomania.com\/pt-pt\/wp-json\/wp\/v2\/product"}],"about":[{"href":"https:\/\/glotomania.com\/pt-pt\/wp-json\/wp\/v2\/types\/product"}],"replies":[{"embeddable":true,"href":"https:\/\/glotomania.com\/pt-pt\/wp-json\/wp\/v2\/comments?post=390440"}],"wp:featuredmedia":[{"embeddable":true,"href":"https:\/\/glotomania.com\/pt-pt\/wp-json\/wp\/v2\/media\/63809"}],"wp:attachment":[{"href":"https:\/\/glotomania.com\/pt-pt\/wp-json\/wp\/v2\/media?parent=390440"}],"wp:term":[{"taxonomy":"pwb-brand","embeddable":true,"href":"https:\/\/glotomania.com\/pt-pt\/wp-json\/wp\/v2\/pwb-brand?post=390440"},{"taxonomy":"product_brand","embeddable":true,"href":"https:\/\/glotomania.com\/pt-pt\/wp-json\/wp\/v2\/product_brand?post=390440"},{"taxonomy":"product_cat","embeddable":true,"href":"https:\/\/glotomania.com\/pt-pt\/wp-json\/wp\/v2\/product_cat?post=390440"},{"taxonomy":"product_tag","embeddable":true,"href":"https:\/\/glotomania.com\/pt-pt\/wp-json\/wp\/v2\/product_tag?post=390440"}],"curies":[{"name":"wp","href":"https:\/\/api.w.org\/{rel}","templated":true}]}}