{"id":390441,"date":"2025-09-02T11:04:47","date_gmt":"2025-09-02T11:04:47","guid":{"rendered":"https:\/\/glotomania.com\/p\/set-boquillas-grandes-wilton-2\/"},"modified":"2026-03-11T04:04:38","modified_gmt":"2026-03-11T04:04:38","slug":"set-boquillas-grandes-wilton-2","status":"publish","type":"product","link":"https:\/\/glotomania.com\/pt-pt\/p\/set-boquillas-grandes-wilton-2\/","title":{"rendered":"Conjunto De Bicos Grandes Wilton"},"content":{"rendered":"<p>&nbsp;<\/p>\n<p><span style=\"color:#000000\"><span style=\"font-size:14px\">Este conjunto &eacute; composto pelos seguintes bicos Wilton:<\/span><\/span><\/p>\n<ul>\n<li><span style=\"color:#000000\"><span style=\"font-size:14px\"><strong>Bicos redondos #10 e #12:<\/strong> para fazer la&ccedil;os, letras, bolas, p&eacute;rolas, rendas,&#8230;<\/span><\/span><\/li>\n<li><strong style=\"font-size: 14px\">Bicos&nbsp;<\/strong><span style=\"color:#000000\"><span style=\"font-size:14px\"><strong>#21 e #32 estrela aberta:<\/strong> para criar t&eacute;cnicas de estrela, flores soltas e bordas serrilhadas.<\/span><\/span><\/li>\n<\/ul>\n<p><span style=\"color:#000000\"><span style=\"font-size:14px\">Antes da primeira utiliza&ccedil;&atilde;o e ap&oacute;s cada utiliza&ccedil;&atilde;o, lave &agrave; m&atilde;o com &aacute;gua morna e sab&atilde;o. Enxague e deixe secar.<\/span><\/span><\/p>\n<p><em><span style=\"color:#000000\"><span style=\"font-size:14px\">Utilizar em conjunto com um adaptador grande.<\/span><\/span><\/em><\/p>\n","protected":false},"excerpt":{"rendered":"<p>Inclui 4 bicos Wilton grandes (#10 e #12 redondos &#8211; #21 e #32 estrela aberta), perfeitos para criar decora\u00e7\u00f5es elegantes e apelativas nas nossas cria\u00e7\u00f5es.<\/p>\n","protected":false},"featured_media":63810,"comment_status":"open","ping_status":"closed","template":"","meta":{"_acf_changed":false},"pwb-brand":[],"product_brand":[],"product_cat":[3087,3157,1770,1767],"product_tag":[],"class_list":{"0":"post-390441","1":"product","2":"type-product","3":"status-publish","4":"has-post-thumbnail","6":"product_cat-ordem-e-armazenamento","7":"product_cat-sets-de-bicos","8":"product_cat-boquilas","9":"product_cat-utensilios","11":"first","12":"instock","13":"taxable","14":"shipping-taxable","15":"purchasable","16":"product-type-simple"},"acf":[],"df_price":4.95,"df_sale_price":"","df_regular_price":4.95,"df_image_link":"https:\/\/glotomania.com\/wp-content\/uploads\/2025\/05\/img_26507_cc1133346000356b7d1a57513ac0a2ae_1-300x300.jpg","brands":[],"_links":{"self":[{"href":"https:\/\/glotomania.com\/pt-pt\/wp-json\/wp\/v2\/product\/390441","targetHints":{"allow":["GET"]}}],"collection":[{"href":"https:\/\/glotomania.com\/pt-pt\/wp-json\/wp\/v2\/product"}],"about":[{"href":"https:\/\/glotomania.com\/pt-pt\/wp-json\/wp\/v2\/types\/product"}],"replies":[{"embeddable":true,"href":"https:\/\/glotomania.com\/pt-pt\/wp-json\/wp\/v2\/comments?post=390441"}],"wp:featuredmedia":[{"embeddable":true,"href":"https:\/\/glotomania.com\/pt-pt\/wp-json\/wp\/v2\/media\/63810"}],"wp:attachment":[{"href":"https:\/\/glotomania.com\/pt-pt\/wp-json\/wp\/v2\/media?parent=390441"}],"wp:term":[{"taxonomy":"pwb-brand","embeddable":true,"href":"https:\/\/glotomania.com\/pt-pt\/wp-json\/wp\/v2\/pwb-brand?post=390441"},{"taxonomy":"product_brand","embeddable":true,"href":"https:\/\/glotomania.com\/pt-pt\/wp-json\/wp\/v2\/product_brand?post=390441"},{"taxonomy":"product_cat","embeddable":true,"href":"https:\/\/glotomania.com\/pt-pt\/wp-json\/wp\/v2\/product_cat?post=390441"},{"taxonomy":"product_tag","embeddable":true,"href":"https:\/\/glotomania.com\/pt-pt\/wp-json\/wp\/v2\/product_tag?post=390441"}],"curies":[{"name":"wp","href":"https:\/\/api.w.org\/{rel}","templated":true}]}}