{"id":390442,"date":"2025-09-02T11:04:48","date_gmt":"2025-09-02T11:04:48","guid":{"rendered":"https:\/\/glotomania.com\/p\/azucar-nieve-funcakes-150-g-2\/"},"modified":"2026-03-11T04:04:41","modified_gmt":"2026-03-11T04:04:41","slug":"azucar-nieve-funcakes-150-g-2","status":"publish","type":"product","link":"https:\/\/glotomania.com\/pt-pt\/p\/azucar-nieve-funcakes-150-g-2\/","title":{"rendered":"A\u00c7\u00dacar Neve Funcakes &#8211; 150 G"},"content":{"rendered":"<p>&nbsp;<\/p>\n<p><span style=\"color:#000000\"><span style=\"font-size:14px\">Ideal para polvilhar biscoitos, bolos e p&atilde;es, proporciona uma <strong>cobertura que se mant&eacute;m intacta e n&atilde;o derrete<\/strong>.<\/span><\/span><\/p>\n<p><span style=\"color:#000000\"><span style=\"font-size:14px\">&Eacute; adequado para refrigera&ccedil;&atilde;o e mant&eacute;m o seu estado, evitando que se torne h&uacute;mido ou pegajoso.<\/span><\/span><\/p>\n","protected":false},"excerpt":{"rendered":"<p>O a\u00e7\u00facar neve FunCakes \u00e9 um a\u00e7\u00facar especial para decorar e real\u00e7ar os seus doces favoritos, como donuts, biscoitos, bolos e waffles.<\/p>\n","protected":false},"featured_media":63799,"comment_status":"open","ping_status":"closed","template":"","meta":{"_acf_changed":false},"pwb-brand":[],"product_brand":[],"product_cat":[3022,3018,1927,1844],"product_tag":[],"class_list":{"0":"post-390442","1":"product","2":"type-product","3":"status-publish","4":"has-post-thumbnail","6":"product_cat-acucar-2","7":"product_cat-ingredientes-de-pastelaria-2","8":"product_cat-azucar","9":"product_cat-ingredientes-reposteria","11":"first","12":"instock","13":"taxable","14":"shipping-taxable","15":"purchasable","16":"product-type-simple"},"acf":[],"df_price":4.1,"df_sale_price":"","df_regular_price":4.1,"df_image_link":"https:\/\/glotomania.com\/wp-content\/uploads\/2025\/04\/img_26508_32bfd45103e4116c23f097740a2bccd6_1-300x300.jpg","brands":[],"_links":{"self":[{"href":"https:\/\/glotomania.com\/pt-pt\/wp-json\/wp\/v2\/product\/390442","targetHints":{"allow":["GET"]}}],"collection":[{"href":"https:\/\/glotomania.com\/pt-pt\/wp-json\/wp\/v2\/product"}],"about":[{"href":"https:\/\/glotomania.com\/pt-pt\/wp-json\/wp\/v2\/types\/product"}],"replies":[{"embeddable":true,"href":"https:\/\/glotomania.com\/pt-pt\/wp-json\/wp\/v2\/comments?post=390442"}],"wp:featuredmedia":[{"embeddable":true,"href":"https:\/\/glotomania.com\/pt-pt\/wp-json\/wp\/v2\/media\/63799"}],"wp:attachment":[{"href":"https:\/\/glotomania.com\/pt-pt\/wp-json\/wp\/v2\/media?parent=390442"}],"wp:term":[{"taxonomy":"pwb-brand","embeddable":true,"href":"https:\/\/glotomania.com\/pt-pt\/wp-json\/wp\/v2\/pwb-brand?post=390442"},{"taxonomy":"product_brand","embeddable":true,"href":"https:\/\/glotomania.com\/pt-pt\/wp-json\/wp\/v2\/product_brand?post=390442"},{"taxonomy":"product_cat","embeddable":true,"href":"https:\/\/glotomania.com\/pt-pt\/wp-json\/wp\/v2\/product_cat?post=390442"},{"taxonomy":"product_tag","embeddable":true,"href":"https:\/\/glotomania.com\/pt-pt\/wp-json\/wp\/v2\/product_tag?post=390442"}],"curies":[{"name":"wp","href":"https:\/\/api.w.org\/{rel}","templated":true}]}}