{"id":390448,"date":"2025-09-02T11:04:52","date_gmt":"2025-09-02T11:04:52","guid":{"rendered":"https:\/\/glotomania.com\/p\/laminas-papel-sin-azucar-funcakes-25-u-2\/"},"modified":"2026-04-13T11:33:20","modified_gmt":"2026-04-13T11:33:20","slug":"laminas-papel-sin-azucar-funcakes-25-u-2","status":"publish","type":"product","link":"https:\/\/glotomania.com\/pt-pt\/p\/laminas-papel-sin-azucar-funcakes-25-u-2\/","title":{"rendered":"Folhas De Papel Sem A\u00c7\u00dacar Funcakes &#8211; 25 U"},"content":{"rendered":"<p>&nbsp;<\/p>\n<p><span style=\"color:#000000\"><span style=\"font-size:14px\">Papel comest&iacute;vel esbranqui&ccedil;ado, ideal para a realiza&ccedil;&atilde;o de bolos fotogr&aacute;ficos.<\/span><\/span><\/p>\n<p><span style=\"color:#000000\"><span style=\"font-size:14px\">Imprim&iacute;vel em ambos os lados (liso e espesso). A tinta seca rapidamente.<\/span><\/span><\/p>\n<p><span style=\"color:#000000\"><span style=\"font-size:14px\"><strong>Dimens&otilde;es aproximadas:<\/strong> A4 (21 x 29,7 cm) &#8211; Espessura do papel: 0,40-0,50 mm.<\/span><\/span><\/p>\n","protected":false},"excerpt":{"rendered":"<p>Estas folhas s\u00e3o perfeitas para imprimir fotografias e imagens, adequadas para impress\u00e3o de alta resolu\u00e7\u00e3o com impressoras alimentares, garantindo resultados de qualidade.<\/p>\n","protected":false},"featured_media":63798,"comment_status":"open","ping_status":"closed","template":"","meta":{"_acf_changed":false,"_joinchat":[]},"pwb-brand":[],"product_brand":[],"product_cat":[1832,1841,2925,1896,1845,1833,1877,2927,2931,1891,2996,3002,3001,3004],"product_tag":[],"class_list":{"0":"post-390448","1":"product","2":"type-product","3":"status-publish","4":"has-post-thumbnail","6":"product_cat-diestas-especiales","7":"product_cat-impresiones","8":"product_cat-impressoes-comestiveis","9":"product_cat-dieta-sin-azucar","10":"product_cat-dieta-sin-e-171","11":"product_cat-dieta-sin-gluten","12":"product_cat-papel-comestible","13":"product_cat-papel-comestivel","14":"product_cat-papel-sem-acucar-comestivel-2","15":"product_cat-papel-sin-azucar","16":"product_cat-produtos-vegetarianos","17":"product_cat-sem-acucar","18":"product_cat-sem-e-171-2","19":"product_cat-sem-gluten-2","21":"first","22":"instock","23":"taxable","24":"shipping-taxable","25":"purchasable","26":"product-type-simple"},"acf":[],"df_price":40.85,"df_sale_price":"","df_regular_price":40.85,"df_image_link":"https:\/\/glotomania.com\/wp-content\/uploads\/2025\/04\/img_26517_43bf69067c6ee659672f6b413969ef22_1-300x300.jpg","brands":[],"_links":{"self":[{"href":"https:\/\/glotomania.com\/pt-pt\/wp-json\/wp\/v2\/product\/390448","targetHints":{"allow":["GET"]}}],"collection":[{"href":"https:\/\/glotomania.com\/pt-pt\/wp-json\/wp\/v2\/product"}],"about":[{"href":"https:\/\/glotomania.com\/pt-pt\/wp-json\/wp\/v2\/types\/product"}],"replies":[{"embeddable":true,"href":"https:\/\/glotomania.com\/pt-pt\/wp-json\/wp\/v2\/comments?post=390448"}],"wp:featuredmedia":[{"embeddable":true,"href":"https:\/\/glotomania.com\/pt-pt\/wp-json\/wp\/v2\/media\/63798"}],"wp:attachment":[{"href":"https:\/\/glotomania.com\/pt-pt\/wp-json\/wp\/v2\/media?parent=390448"}],"wp:term":[{"taxonomy":"pwb-brand","embeddable":true,"href":"https:\/\/glotomania.com\/pt-pt\/wp-json\/wp\/v2\/pwb-brand?post=390448"},{"taxonomy":"product_brand","embeddable":true,"href":"https:\/\/glotomania.com\/pt-pt\/wp-json\/wp\/v2\/product_brand?post=390448"},{"taxonomy":"product_cat","embeddable":true,"href":"https:\/\/glotomania.com\/pt-pt\/wp-json\/wp\/v2\/product_cat?post=390448"},{"taxonomy":"product_tag","embeddable":true,"href":"https:\/\/glotomania.com\/pt-pt\/wp-json\/wp\/v2\/product_tag?post=390448"}],"curies":[{"name":"wp","href":"https:\/\/api.w.org\/{rel}","templated":true}]}}