{"id":390449,"date":"2025-09-02T11:04:52","date_gmt":"2025-09-02T11:04:52","guid":{"rendered":"https:\/\/glotomania.com\/p\/sprinkles-funcakes-mini-corazones-rosas-blancos-rojos-60-g-2\/"},"modified":"2026-03-30T11:24:17","modified_gmt":"2026-03-30T11:24:17","slug":"sprinkles-funcakes-mini-corazones-rosas-blancos-rojos-60-g-2","status":"publish","type":"product","link":"https:\/\/glotomania.com\/pt-pt\/p\/sprinkles-funcakes-mini-corazones-rosas-blancos-rojos-60-g-2\/","title":{"rendered":"Sprinkles Funcakes &#8211; Mini Cora\u00c7\u00d5es Rosa \/ Branco \/ Vermelho (60 G)"},"content":{"rendered":"<p>&nbsp;<\/p>\n<p>&nbsp;<\/p>\n","protected":false},"excerpt":{"rendered":"<p>Decora\u00e7\u00f5es comest\u00edveis Funcakes, ideais para decorar as nossas cria\u00e7\u00f5es nos dias mais especiais, como o Dia dos Namorados e o Dia da M\u00e3e.<\/p>\n","protected":false},"featured_media":63792,"comment_status":"open","ping_status":"closed","template":"","meta":{"_acf_changed":false},"pwb-brand":[],"product_brand":[],"product_cat":[1852,2910,1839,1840,2979,2982,2907,1888,1849,2924],"product_tag":[],"class_list":{"0":"post-390449","1":"product","2":"type-product","3":"status-publish","4":"has-post-thumbnail","6":"product_cat-san-valentin","7":"product_cat-casamentos-2","8":"product_cat-decoracion-comestible","9":"product_cat-decoraciones-azucar-comestibles","10":"product_cat-decoracoes-comestiveis-2","11":"product_cat-decoracoes-de-acucar","12":"product_cat-festas","13":"product_cat-bodas","14":"product_cat-fiestas","15":"product_cat-sao-valentim-2","17":"first","18":"instock","19":"taxable","20":"shipping-taxable","21":"purchasable","22":"product-type-simple"},"acf":[],"df_price":3.3,"df_sale_price":"","df_regular_price":3.3,"df_image_link":"https:\/\/glotomania.com\/wp-content\/uploads\/2025\/04\/img_26522_d2a885c47507d0b90cb1702842fffe1b_1-300x300.jpg","brands":[],"_links":{"self":[{"href":"https:\/\/glotomania.com\/pt-pt\/wp-json\/wp\/v2\/product\/390449","targetHints":{"allow":["GET"]}}],"collection":[{"href":"https:\/\/glotomania.com\/pt-pt\/wp-json\/wp\/v2\/product"}],"about":[{"href":"https:\/\/glotomania.com\/pt-pt\/wp-json\/wp\/v2\/types\/product"}],"replies":[{"embeddable":true,"href":"https:\/\/glotomania.com\/pt-pt\/wp-json\/wp\/v2\/comments?post=390449"}],"wp:featuredmedia":[{"embeddable":true,"href":"https:\/\/glotomania.com\/pt-pt\/wp-json\/wp\/v2\/media\/63792"}],"wp:attachment":[{"href":"https:\/\/glotomania.com\/pt-pt\/wp-json\/wp\/v2\/media?parent=390449"}],"wp:term":[{"taxonomy":"pwb-brand","embeddable":true,"href":"https:\/\/glotomania.com\/pt-pt\/wp-json\/wp\/v2\/pwb-brand?post=390449"},{"taxonomy":"product_brand","embeddable":true,"href":"https:\/\/glotomania.com\/pt-pt\/wp-json\/wp\/v2\/product_brand?post=390449"},{"taxonomy":"product_cat","embeddable":true,"href":"https:\/\/glotomania.com\/pt-pt\/wp-json\/wp\/v2\/product_cat?post=390449"},{"taxonomy":"product_tag","embeddable":true,"href":"https:\/\/glotomania.com\/pt-pt\/wp-json\/wp\/v2\/product_tag?post=390449"}],"curies":[{"name":"wp","href":"https:\/\/api.w.org\/{rel}","templated":true}]}}