{"id":390454,"date":"2025-09-02T11:04:57","date_gmt":"2025-09-02T11:04:57","guid":{"rendered":"https:\/\/glotomania.com\/p\/sprinkles-funcakes-glamour-rosa-65-g-2\/"},"modified":"2026-04-23T17:42:35","modified_gmt":"2026-04-23T17:42:35","slug":"sprinkles-funcakes-glamour-rosa-65-g-2","status":"publish","type":"product","link":"https:\/\/glotomania.com\/pt-pt\/p\/sprinkles-funcakes-glamour-rosa-65-g-2\/","title":{"rendered":"Sprinkles Funcakes &#8211; Rosa Glamour 65 G"},"content":{"rendered":"<p>&nbsp;<\/p>\n<p><span style=\"color:#000000\"><span style=\"font-size:14px\">Inclui paus de a&ccedil;&uacute;car dourados, bolas com relevo cor-de-rosa, noodles dourados, c&iacute;rculos planos cor-de-rosa, p&eacute;rolas douradas e cor-de-rosa, bolas cor-de-rosa e lil&aacute;s.<\/span><\/span><\/p>\n","protected":false},"excerpt":{"rendered":"<p>Mistura de decora\u00e7\u00f5es comest\u00edveis Funcakes, ideal para decorar as nossas cria\u00e7\u00f5es em tons de rosa, dourado e lil\u00e1s.<\/p>\n","protected":false},"featured_media":63812,"comment_status":"open","ping_status":"closed","template":"","meta":{"_acf_changed":false},"pwb-brand":[],"product_brand":[],"product_cat":[2908,2911,2979,2982,2913,2907,2924,1852,1839,1840,1862,1885,1851,1849],"product_tag":[],"class_list":{"0":"post-390454","1":"product","2":"type-product","3":"status-publish","4":"has-post-thumbnail","6":"product_cat-batizados","7":"product_cat-comunhoes","8":"product_cat-decoracoes-comestiveis-2","9":"product_cat-decoracoes-de-acucar","10":"product_cat-dia-das-maes","11":"product_cat-festas","12":"product_cat-sao-valentim-2","13":"product_cat-san-valentin","14":"product_cat-decoracion-comestible","15":"product_cat-decoraciones-azucar-comestibles","16":"product_cat-comuniones","17":"product_cat-bautizos","18":"product_cat-dia-de-la-madre","19":"product_cat-fiestas","21":"first","22":"instock","23":"taxable","24":"shipping-taxable","25":"purchasable","26":"product-type-simple"},"acf":[],"df_price":2.99,"df_sale_price":"","df_regular_price":2.99,"df_image_link":"https:\/\/glotomania.com\/wp-content\/uploads\/2025\/05\/img_26532_615dc20ea62e0ad13b4ffe658ffad0a5_1-300x300.jpg","brands":[],"_links":{"self":[{"href":"https:\/\/glotomania.com\/pt-pt\/wp-json\/wp\/v2\/product\/390454","targetHints":{"allow":["GET"]}}],"collection":[{"href":"https:\/\/glotomania.com\/pt-pt\/wp-json\/wp\/v2\/product"}],"about":[{"href":"https:\/\/glotomania.com\/pt-pt\/wp-json\/wp\/v2\/types\/product"}],"replies":[{"embeddable":true,"href":"https:\/\/glotomania.com\/pt-pt\/wp-json\/wp\/v2\/comments?post=390454"}],"wp:featuredmedia":[{"embeddable":true,"href":"https:\/\/glotomania.com\/pt-pt\/wp-json\/wp\/v2\/media\/63812"}],"wp:attachment":[{"href":"https:\/\/glotomania.com\/pt-pt\/wp-json\/wp\/v2\/media?parent=390454"}],"wp:term":[{"taxonomy":"pwb-brand","embeddable":true,"href":"https:\/\/glotomania.com\/pt-pt\/wp-json\/wp\/v2\/pwb-brand?post=390454"},{"taxonomy":"product_brand","embeddable":true,"href":"https:\/\/glotomania.com\/pt-pt\/wp-json\/wp\/v2\/product_brand?post=390454"},{"taxonomy":"product_cat","embeddable":true,"href":"https:\/\/glotomania.com\/pt-pt\/wp-json\/wp\/v2\/product_cat?post=390454"},{"taxonomy":"product_tag","embeddable":true,"href":"https:\/\/glotomania.com\/pt-pt\/wp-json\/wp\/v2\/product_tag?post=390454"}],"curies":[{"name":"wp","href":"https:\/\/api.w.org\/{rel}","templated":true}]}}