{"id":390456,"date":"2025-09-02T11:04:59","date_gmt":"2025-09-02T11:04:59","guid":{"rendered":"https:\/\/glotomania.com\/p\/sprinkles-3d-funcakes-silver-lining-70-g-2\/"},"modified":"2026-03-31T02:09:53","modified_gmt":"2026-03-31T02:09:53","slug":"sprinkles-3d-funcakes-silver-lining-70-g-2","status":"publish","type":"product","link":"https:\/\/glotomania.com\/pt-pt\/p\/sprinkles-3d-funcakes-silver-lining-70-g-2\/","title":{"rendered":"Sprinkles 3d Funcakes &#8211; Silver Lining (70 G)"},"content":{"rendered":"<p>&nbsp;<\/p>\n<p><span style=\"color:#000000\"><span style=\"font-size:14px\">A mistura de decora&ccedil;&otilde;es inclui figuras 3D (cora&ccedil;&otilde;es e diamantes), p&eacute;rolas, mimosas, doces n&atilde;o-pareis, noodles e palitos de doces extragrandes.<\/span><\/span><\/p>\n","protected":false},"excerpt":{"rendered":"<p>Ador\u00e1veis \u200b\u200bdecora\u00e7\u00f5es de a\u00e7\u00facar com impressionantes elementos 3D garantem um efeito visual divertido e deslumbrante nas nossas sobremesas de casamento e anivers\u00e1rio.<\/p>\n","protected":false},"featured_media":63827,"comment_status":"open","ping_status":"closed","template":"","meta":{"_acf_changed":false},"pwb-brand":[],"product_brand":[],"product_cat":[2910,2979,2982,2979,2982,2907,2910,2907],"product_tag":[],"class_list":{"0":"post-390456","1":"product","2":"type-product","3":"status-publish","4":"has-post-thumbnail","6":"product_cat-casamentos-2","7":"product_cat-decoracoes-comestiveis-2","8":"product_cat-decoracoes-de-acucar","11":"product_cat-festas","15":"first","16":"instock","17":"taxable","18":"shipping-taxable","19":"purchasable","20":"product-type-simple"},"acf":[],"df_price":5.25,"df_sale_price":"","df_regular_price":5.25,"df_image_link":"https:\/\/glotomania.com\/wp-content\/uploads\/2025\/05\/img_26535_c5e5dbb596d5d3809cae45b71c5613e1_1-300x300.jpg","brands":[],"_links":{"self":[{"href":"https:\/\/glotomania.com\/pt-pt\/wp-json\/wp\/v2\/product\/390456","targetHints":{"allow":["GET"]}}],"collection":[{"href":"https:\/\/glotomania.com\/pt-pt\/wp-json\/wp\/v2\/product"}],"about":[{"href":"https:\/\/glotomania.com\/pt-pt\/wp-json\/wp\/v2\/types\/product"}],"replies":[{"embeddable":true,"href":"https:\/\/glotomania.com\/pt-pt\/wp-json\/wp\/v2\/comments?post=390456"}],"wp:featuredmedia":[{"embeddable":true,"href":"https:\/\/glotomania.com\/pt-pt\/wp-json\/wp\/v2\/media\/63827"}],"wp:attachment":[{"href":"https:\/\/glotomania.com\/pt-pt\/wp-json\/wp\/v2\/media?parent=390456"}],"wp:term":[{"taxonomy":"pwb-brand","embeddable":true,"href":"https:\/\/glotomania.com\/pt-pt\/wp-json\/wp\/v2\/pwb-brand?post=390456"},{"taxonomy":"product_brand","embeddable":true,"href":"https:\/\/glotomania.com\/pt-pt\/wp-json\/wp\/v2\/product_brand?post=390456"},{"taxonomy":"product_cat","embeddable":true,"href":"https:\/\/glotomania.com\/pt-pt\/wp-json\/wp\/v2\/product_cat?post=390456"},{"taxonomy":"product_tag","embeddable":true,"href":"https:\/\/glotomania.com\/pt-pt\/wp-json\/wp\/v2\/product_tag?post=390456"}],"curies":[{"name":"wp","href":"https:\/\/api.w.org\/{rel}","templated":true}]}}