{"id":390463,"date":"2025-09-02T11:05:04","date_gmt":"2025-09-02T11:05:04","guid":{"rendered":"https:\/\/glotomania.com\/p\/colorante-en-polvo-funcakes-azul-2\/"},"modified":"2026-03-11T04:05:27","modified_gmt":"2026-03-11T04:05:27","slug":"colorante-en-polvo-funcakes-azul-2","status":"publish","type":"product","link":"https:\/\/glotomania.com\/pt-pt\/p\/colorante-en-polvo-funcakes-azul-2\/","title":{"rendered":"Corante Em P\u00d3 Funcakes &#8211; Azul"},"content":{"rendered":"<p>&nbsp;<\/p>\n<p><span style=\"color:#000000\"><span style=\"font-size:14px\">Basta pincelar um pouco de corante alimentar em p&oacute; sobre bolos, flores de a&ccedil;&uacute;car ou decora&ccedil;&otilde;es para dar cor ou textura.<\/span><\/span><\/p>\n<p><span style=\"color:#000000\"><span style=\"font-size:14px\">Tamb&eacute;m pode misturar o corante alimentar em p&oacute; com um pouco de &aacute;lcool de qualidade alimentar (rejuvenescedor) para criar uma <strong>tinta comest&iacute;vel<\/strong> e utiliz&aacute;-la em qualquer decora&ccedil;&atilde;o comest&iacute;vel.<\/span><\/span><\/p>\n<p><span style=\"color:#000000\"><span style=\"font-size:14px\"><strong>Dose m&aacute;xima recomendada:<\/strong> 1,5 g por 1 kg de massa.<\/span><\/span><\/p>\n","protected":false},"excerpt":{"rendered":"<p>Corante em p\u00f3 Funcakes 100% comest\u00edvel, para obter cores e texturas incr\u00edveis nas nossas cria\u00e7\u00f5es.<\/p>\n","protected":false},"featured_media":63836,"comment_status":"open","ping_status":"closed","template":"","meta":{"_acf_changed":false},"pwb-brand":[],"product_brand":[],"product_cat":[2908,1835,1894,2911,2953,2961,1832,2907,2997,1901,1845,2921,2996,1862,1885,1849,1858,3001],"product_tag":[],"class_list":{"0":"post-390463","1":"product","2":"type-product","3":"status-publish","4":"has-post-thumbnail","6":"product_cat-batizados","7":"product_cat-colorantes","8":"product_cat-colorantes-polvo","9":"product_cat-comunhoes","10":"product_cat-corantes-e-pinturas","11":"product_cat-corantes-em-po-2","12":"product_cat-diestas-especiales","13":"product_cat-festas","14":"product_cat-halal","15":"product_cat-dieta-halal","16":"product_cat-dieta-sin-e-171","17":"product_cat-pascoa","18":"product_cat-produtos-vegetarianos","19":"product_cat-comuniones","20":"product_cat-bautizos","21":"product_cat-fiestas","22":"product_cat-pascua","23":"product_cat-sem-e-171-2","25":"first","26":"instock","27":"taxable","28":"shipping-taxable","29":"purchasable","30":"product-type-simple"},"acf":[],"df_price":3.05,"df_sale_price":"","df_regular_price":3.05,"df_image_link":"https:\/\/glotomania.com\/wp-content\/uploads\/2025\/05\/img_26546_cc4cc0f2ec2b1bd88a8c7691b991baf5_1-300x300.jpg","brands":[],"_links":{"self":[{"href":"https:\/\/glotomania.com\/pt-pt\/wp-json\/wp\/v2\/product\/390463","targetHints":{"allow":["GET"]}}],"collection":[{"href":"https:\/\/glotomania.com\/pt-pt\/wp-json\/wp\/v2\/product"}],"about":[{"href":"https:\/\/glotomania.com\/pt-pt\/wp-json\/wp\/v2\/types\/product"}],"replies":[{"embeddable":true,"href":"https:\/\/glotomania.com\/pt-pt\/wp-json\/wp\/v2\/comments?post=390463"}],"wp:featuredmedia":[{"embeddable":true,"href":"https:\/\/glotomania.com\/pt-pt\/wp-json\/wp\/v2\/media\/63836"}],"wp:attachment":[{"href":"https:\/\/glotomania.com\/pt-pt\/wp-json\/wp\/v2\/media?parent=390463"}],"wp:term":[{"taxonomy":"pwb-brand","embeddable":true,"href":"https:\/\/glotomania.com\/pt-pt\/wp-json\/wp\/v2\/pwb-brand?post=390463"},{"taxonomy":"product_brand","embeddable":true,"href":"https:\/\/glotomania.com\/pt-pt\/wp-json\/wp\/v2\/product_brand?post=390463"},{"taxonomy":"product_cat","embeddable":true,"href":"https:\/\/glotomania.com\/pt-pt\/wp-json\/wp\/v2\/product_cat?post=390463"},{"taxonomy":"product_tag","embeddable":true,"href":"https:\/\/glotomania.com\/pt-pt\/wp-json\/wp\/v2\/product_tag?post=390463"}],"curies":[{"name":"wp","href":"https:\/\/api.w.org\/{rel}","templated":true}]}}