{"id":390465,"date":"2025-09-02T11:05:06","date_gmt":"2025-09-02T11:05:06","guid":{"rendered":"https:\/\/glotomania.com\/p\/tubo-escritor-choco-writer-funcakes-rojo-25-g-2\/"},"modified":"2026-03-11T04:05:31","modified_gmt":"2026-03-11T04:05:31","slug":"tubo-escritor-choco-writer-funcakes-rojo-25-g-2","status":"publish","type":"product","link":"https:\/\/glotomania.com\/pt-pt\/p\/tubo-escritor-choco-writer-funcakes-rojo-25-g-2\/","title":{"rendered":"Tubo \u201cchoco Writer\u201d Funcakes &#8211; Vermelho (25 G)"},"content":{"rendered":"<p>&nbsp;<\/p>\n<p><span style=\"color:#000000\"><span style=\"font-size:14px\">Com um delicioso sabor a baunilha, cada Choco Writer seca em poucos minutos, garantindo que os seus designs se mant&ecirc;m perfeitos. Se precisar de mais criatividade, n&atilde;o se preocupe, pois podem ser derretidos novamente para uso cont&iacute;nuo!<\/span><\/span><\/p>\n<p><strong><span style=\"color:#000000\"><span style=\"font-size:14px\">Modo de utiliza&ccedil;&atilde;o:<\/span><\/span><\/strong><\/p>\n<ul>\n<li><span style=\"color:#000000\"><span style=\"font-size:14px\">Aque&ccedil;a a &aacute;gua a 35-42 &deg;C e mergulhe o tubo durante 10 minutos.<\/span><\/span><\/li>\n<li><span style=\"color:#000000\"><span style=\"font-size:14px\">Aperte o tubo para garantir que o conte&uacute;do est&aacute; completamente derretido.<\/span><\/span><\/li>\n<li><span style=\"color:#000000\"><span style=\"font-size:14px\">Pode us&aacute;-lo numa esteira de cozimento, papel manteiga ou diretamente sobre o produto finalizado.<\/span><\/span><\/li>\n<li><span style=\"color:#000000\"><span style=\"font-size:14px\">Dica: Coloque as suas cria&ccedil;&otilde;es no frigor&iacute;fico para que sequem ainda mais rapidamente.<\/span><\/span><\/li>\n<\/ul>\n","protected":false},"excerpt":{"rendered":"<p>Estes inovadores tubos de chocolate permitem-lhe escrever mensagens e criar belas decora\u00e7\u00f5es em biscoitos, cupcakes, bolos&#8230; e muito mais! de forma r\u00e1pida e f\u00e1cil.<\/p>\n","protected":false},"featured_media":63831,"comment_status":"open","ping_status":"closed","template":"","meta":{"_acf_changed":false},"pwb-brand":[],"product_brand":[],"product_cat":[2975,2952,2979,2984,2907,2920,2996,2924,3001,1852,1880,1839,1890,1832,1845,1849,1866,1837],"product_tag":[],"class_list":{"0":"post-390465","1":"product","2":"type-product","3":"status-publish","4":"has-post-thumbnail","6":"product_cat-canetas-alimentares-2","7":"product_cat-coberturas-2","8":"product_cat-decoracoes-comestiveis-2","9":"product_cat-decoracoes-de-chocolate-2","10":"product_cat-festas","11":"product_cat-natal-2","12":"product_cat-produtos-vegetarianos","13":"product_cat-sao-valentim-2","14":"product_cat-sem-e-171-2","15":"product_cat-san-valentin","16":"product_cat-cobertura","17":"product_cat-decoracion-comestible","18":"product_cat-chocolate-decorar","19":"product_cat-diestas-especiales","20":"product_cat-dieta-sin-e-171","21":"product_cat-fiestas","22":"product_cat-navidad","23":"product_cat-rotuladores-comestibles","25":"first","26":"instock","27":"taxable","28":"shipping-taxable","29":"purchasable","30":"product-type-simple"},"acf":[],"df_price":2.99,"df_sale_price":"","df_regular_price":2.99,"df_image_link":"https:\/\/glotomania.com\/wp-content\/uploads\/2025\/05\/img_26550_c6fac309854967837298ba4aa8adf0ab_1-300x300.jpg","brands":[],"_links":{"self":[{"href":"https:\/\/glotomania.com\/pt-pt\/wp-json\/wp\/v2\/product\/390465","targetHints":{"allow":["GET"]}}],"collection":[{"href":"https:\/\/glotomania.com\/pt-pt\/wp-json\/wp\/v2\/product"}],"about":[{"href":"https:\/\/glotomania.com\/pt-pt\/wp-json\/wp\/v2\/types\/product"}],"replies":[{"embeddable":true,"href":"https:\/\/glotomania.com\/pt-pt\/wp-json\/wp\/v2\/comments?post=390465"}],"wp:featuredmedia":[{"embeddable":true,"href":"https:\/\/glotomania.com\/pt-pt\/wp-json\/wp\/v2\/media\/63831"}],"wp:attachment":[{"href":"https:\/\/glotomania.com\/pt-pt\/wp-json\/wp\/v2\/media?parent=390465"}],"wp:term":[{"taxonomy":"pwb-brand","embeddable":true,"href":"https:\/\/glotomania.com\/pt-pt\/wp-json\/wp\/v2\/pwb-brand?post=390465"},{"taxonomy":"product_brand","embeddable":true,"href":"https:\/\/glotomania.com\/pt-pt\/wp-json\/wp\/v2\/product_brand?post=390465"},{"taxonomy":"product_cat","embeddable":true,"href":"https:\/\/glotomania.com\/pt-pt\/wp-json\/wp\/v2\/product_cat?post=390465"},{"taxonomy":"product_tag","embeddable":true,"href":"https:\/\/glotomania.com\/pt-pt\/wp-json\/wp\/v2\/product_tag?post=390465"}],"curies":[{"name":"wp","href":"https:\/\/api.w.org\/{rel}","templated":true}]}}