{"id":390467,"date":"2025-09-02T11:05:07","date_gmt":"2025-09-02T11:05:07","guid":{"rendered":"https:\/\/glotomania.com\/p\/preparado-funcakes-para-red-velvet-500-g-2\/"},"modified":"2026-03-24T11:49:22","modified_gmt":"2026-03-24T11:49:22","slug":"preparado-funcakes-para-red-velvet-500-g-2","status":"publish","type":"product","link":"https:\/\/glotomania.com\/pt-pt\/p\/preparado-funcakes-para-red-velvet-500-g-2\/","title":{"rendered":"Prepara\u00c7\u00c3o De Funcakes Para Red Velvet 500 G"},"content":{"rendered":"<p>&nbsp;<\/p>\n<div><span><span style=\"font-size: 14px\"><strong>M&eacute;todo de prepara&ccedil;&atilde;o:<\/strong><\/span><\/span><\/div>\n<div><span><span style=\"font-size: 14px\">Os ingredientes devem estar &agrave; temperatura ambiente.<\/span><\/span><\/div>\n<p><span><span style=\"font-size: 14px\">Pr&eacute;-aquecer o forno a 175&deg;C (forno de convec&ccedil;&atilde;o a 160&deg;C). Colocar a prepara&ccedil;&atilde;o juntamente com os outros ingredientes numa tigela e misturar durante 6-8 minutos at&eacute; se obter uma massa leve. Verter a massa para uma forma untada com manteiga (1\/2 a 2\/3 cheia) e cozer.<\/span><\/span><\/p>\n<p><span><span style=\"font-size: 14px\"><strong>Dica:<\/strong>&nbsp;Decorar com creme de manteiga ou uma cobertura de queijo.&nbsp;<\/span><\/span><\/p>\n<p><span><span style=\"font-size: 14px\">Tamb&eacute;m perfeito para fazer cupcakes (aprox. 20 cupcakes com uma receita de 500 g de prepara&ccedil;&atilde;o), tempo de cozedura aprox. 20 minutos a 175&deg;C (forno de convec&ccedil;&atilde;o 160&deg;C).<\/span><\/span><\/p>\n","protected":false},"excerpt":{"rendered":"<p>Prepara\u00e7\u00e3o de bolo de veludo vermelho por FunCakes, ideal para fazer um delicioso e tenro bolo de veludo vermelho. Tamb\u00e9m para assar bolos com sabor a chocolate leve.<\/p>\n","protected":false},"featured_media":63788,"comment_status":"open","ping_status":"closed","template":"","meta":{"_acf_changed":false},"pwb-brand":[],"product_brand":[],"product_cat":[2997,3054,2996,1832,1901,1854],"product_tag":[],"class_list":{"0":"post-390467","1":"product","2":"type-product","3":"status-publish","4":"has-post-thumbnail","6":"product_cat-halal","7":"product_cat-preparados-de-pastelaria-2","8":"product_cat-produtos-vegetarianos","9":"product_cat-diestas-especiales","10":"product_cat-dieta-halal","11":"product_cat-preparados","13":"first","14":"instock","15":"taxable","16":"shipping-taxable","17":"purchasable","18":"product-type-simple"},"acf":[],"df_price":5.95,"df_sale_price":"","df_regular_price":5.95,"df_image_link":"https:\/\/glotomania.com\/wp-content\/uploads\/2025\/04\/img_26554_e86b3c7c3e1de7d330dd1206738ba7c0_1-300x300.jpg","brands":[],"_links":{"self":[{"href":"https:\/\/glotomania.com\/pt-pt\/wp-json\/wp\/v2\/product\/390467","targetHints":{"allow":["GET"]}}],"collection":[{"href":"https:\/\/glotomania.com\/pt-pt\/wp-json\/wp\/v2\/product"}],"about":[{"href":"https:\/\/glotomania.com\/pt-pt\/wp-json\/wp\/v2\/types\/product"}],"replies":[{"embeddable":true,"href":"https:\/\/glotomania.com\/pt-pt\/wp-json\/wp\/v2\/comments?post=390467"}],"wp:featuredmedia":[{"embeddable":true,"href":"https:\/\/glotomania.com\/pt-pt\/wp-json\/wp\/v2\/media\/63788"}],"wp:attachment":[{"href":"https:\/\/glotomania.com\/pt-pt\/wp-json\/wp\/v2\/media?parent=390467"}],"wp:term":[{"taxonomy":"pwb-brand","embeddable":true,"href":"https:\/\/glotomania.com\/pt-pt\/wp-json\/wp\/v2\/pwb-brand?post=390467"},{"taxonomy":"product_brand","embeddable":true,"href":"https:\/\/glotomania.com\/pt-pt\/wp-json\/wp\/v2\/product_brand?post=390467"},{"taxonomy":"product_cat","embeddable":true,"href":"https:\/\/glotomania.com\/pt-pt\/wp-json\/wp\/v2\/product_cat?post=390467"},{"taxonomy":"product_tag","embeddable":true,"href":"https:\/\/glotomania.com\/pt-pt\/wp-json\/wp\/v2\/product_tag?post=390467"}],"curies":[{"name":"wp","href":"https:\/\/api.w.org\/{rel}","templated":true}]}}