{"id":390469,"date":"2025-09-02T11:05:09","date_gmt":"2025-09-02T11:05:09","guid":{"rendered":"https:\/\/glotomania.com\/p\/perlas-de-chocolate-crujiente-funcakes-plata-metalizado-60-g-2\/"},"modified":"2026-04-27T12:37:19","modified_gmt":"2026-04-27T12:37:19","slug":"perlas-de-chocolate-crujiente-funcakes-plata-metalizado-60-g-2","status":"publish","type":"product","link":"https:\/\/glotomania.com\/pt-pt\/p\/perlas-de-chocolate-crujiente-funcakes-plata-metalizado-60-g-2\/","title":{"rendered":"Funcakes P\u00c9rolas De Chocolate Crocantes &#8211; Prata Met\u00c1lica (60 G)"},"content":{"rendered":"<p>&nbsp;<\/p>\n<p><span style=\"color:#000000\"><span style=\"font-size:14px\">Feitas com ingredientes premium, as p&eacute;rolas crocantes de chocolate da Funcakes cumprem os mais elevados padr&otilde;es de qualidade.<\/span><\/span><\/p>\n<p><span style=\"color:#000000\"><span style=\"font-size:14px\">A sua cor prateada brilhante acrescenta um toque de glamour e distin&ccedil;&atilde;o a qualquer cria&ccedil;&atilde;o, oferecendo infinitas possibilidades &mdash; perfeitas para destacar uma sobremesa exclusiva ou decorar doces tradicionais.<\/span><\/span><\/p>\n","protected":false},"excerpt":{"rendered":"<p>P\u00e9rolas de a\u00e7\u00facar com uma croc\u00e2ncia irresist\u00edvel e um sabor a chocolate gourmet, perfeitas para real\u00e7ar o sabor e a apresenta\u00e7\u00e3o das nossas cria\u00e7\u00f5es.<\/p>\n","protected":false},"featured_media":63828,"comment_status":"open","ping_status":"closed","template":"","meta":{"_acf_changed":false},"pwb-brand":[],"product_brand":[],"product_cat":[2910,1839,1890,2979,2984,2907,2920,1888,1849,1866],"product_tag":[],"class_list":{"0":"post-390469","1":"product","2":"type-product","3":"status-publish","4":"has-post-thumbnail","6":"product_cat-casamentos-2","7":"product_cat-decoracion-comestible","8":"product_cat-chocolate-decorar","9":"product_cat-decoracoes-comestiveis-2","10":"product_cat-decoracoes-de-chocolate-2","11":"product_cat-festas","12":"product_cat-natal-2","13":"product_cat-bodas","14":"product_cat-fiestas","15":"product_cat-navidad","17":"first","18":"instock","19":"taxable","20":"shipping-taxable","21":"purchasable","22":"product-type-simple"},"acf":[],"df_price":4.25,"df_sale_price":"","df_regular_price":4.25,"df_image_link":"https:\/\/glotomania.com\/wp-content\/uploads\/2025\/05\/img_26559_2e13df167651fd49a25168da07515b80_1-300x300.jpg","brands":[],"_links":{"self":[{"href":"https:\/\/glotomania.com\/pt-pt\/wp-json\/wp\/v2\/product\/390469","targetHints":{"allow":["GET"]}}],"collection":[{"href":"https:\/\/glotomania.com\/pt-pt\/wp-json\/wp\/v2\/product"}],"about":[{"href":"https:\/\/glotomania.com\/pt-pt\/wp-json\/wp\/v2\/types\/product"}],"replies":[{"embeddable":true,"href":"https:\/\/glotomania.com\/pt-pt\/wp-json\/wp\/v2\/comments?post=390469"}],"wp:featuredmedia":[{"embeddable":true,"href":"https:\/\/glotomania.com\/pt-pt\/wp-json\/wp\/v2\/media\/63828"}],"wp:attachment":[{"href":"https:\/\/glotomania.com\/pt-pt\/wp-json\/wp\/v2\/media?parent=390469"}],"wp:term":[{"taxonomy":"pwb-brand","embeddable":true,"href":"https:\/\/glotomania.com\/pt-pt\/wp-json\/wp\/v2\/pwb-brand?post=390469"},{"taxonomy":"product_brand","embeddable":true,"href":"https:\/\/glotomania.com\/pt-pt\/wp-json\/wp\/v2\/product_brand?post=390469"},{"taxonomy":"product_cat","embeddable":true,"href":"https:\/\/glotomania.com\/pt-pt\/wp-json\/wp\/v2\/product_cat?post=390469"},{"taxonomy":"product_tag","embeddable":true,"href":"https:\/\/glotomania.com\/pt-pt\/wp-json\/wp\/v2\/product_tag?post=390469"}],"curies":[{"name":"wp","href":"https:\/\/api.w.org\/{rel}","templated":true}]}}