{"id":390472,"date":"2025-09-02T11:05:12","date_gmt":"2025-09-02T11:05:12","guid":{"rendered":"https:\/\/glotomania.com\/p\/perlas-de-azucar-blandas-funcakes-mix-bubblegum-pop-80-g-2\/"},"modified":"2026-04-28T12:04:42","modified_gmt":"2026-04-28T12:04:42","slug":"perlas-de-azucar-blandas-funcakes-mix-bubblegum-pop-80-g-2","status":"publish","type":"product","link":"https:\/\/glotomania.com\/pt-pt\/p\/perlas-de-azucar-blandas-funcakes-mix-bubblegum-pop-80-g-2\/","title":{"rendered":"P\u00c9rolas De A\u00c7\u00dacar Moles Funcakes &#8211; Mix &#8220;bubblegum Pop&#8221; (80 G)"},"content":{"rendered":"<p>&nbsp;<\/p>\n<p><span style=\"color:#000000\"><span style=\"font-size:14px\">Agora pode fazer lindas decora&ccedil;&otilde;es para os seus bolos ou cupcakes com estas p&eacute;rolas comest&iacute;veis <strong>moles<\/strong> da Funcakes. As p&eacute;rolas s&atilde;o <strong>macias<\/strong> e f&aacute;ceis de fazer para as crian&ccedil;as.<\/span><\/span><\/p>\n","protected":false},"excerpt":{"rendered":"<p>As p\u00e9rolas de a\u00e7\u00facar comest\u00edveis da Funcakes s\u00e3o macias e fofinhas, e est\u00e3o dispon\u00edveis em rosa, azul e roxo. Perfeitas para batizados, baby showers, festas de revela\u00e7\u00e3o de g\u00e9nero e muito mais.<\/p>\n","protected":false},"featured_media":63824,"comment_status":"open","ping_status":"closed","template":"","meta":{"_acf_changed":false},"pwb-brand":[],"product_brand":[],"product_cat":[2908,2911,2979,2982,2907,1839,1840,1862,1885,1849],"product_tag":[],"class_list":{"0":"post-390472","1":"product","2":"type-product","3":"status-publish","4":"has-post-thumbnail","6":"product_cat-batizados","7":"product_cat-comunhoes","8":"product_cat-decoracoes-comestiveis-2","9":"product_cat-decoracoes-de-acucar","10":"product_cat-festas","11":"product_cat-decoracion-comestible","12":"product_cat-decoraciones-azucar-comestibles","13":"product_cat-comuniones","14":"product_cat-bautizos","15":"product_cat-fiestas","17":"first","18":"instock","19":"taxable","20":"shipping-taxable","21":"purchasable","22":"product-type-simple"},"acf":[],"df_price":4.85,"df_sale_price":"","df_regular_price":4.85,"df_image_link":"https:\/\/glotomania.com\/wp-content\/uploads\/2025\/05\/img_26569_cda4506350e6735dff004c4485ae4c0b_1-300x300.jpg","brands":[],"_links":{"self":[{"href":"https:\/\/glotomania.com\/pt-pt\/wp-json\/wp\/v2\/product\/390472","targetHints":{"allow":["GET"]}}],"collection":[{"href":"https:\/\/glotomania.com\/pt-pt\/wp-json\/wp\/v2\/product"}],"about":[{"href":"https:\/\/glotomania.com\/pt-pt\/wp-json\/wp\/v2\/types\/product"}],"replies":[{"embeddable":true,"href":"https:\/\/glotomania.com\/pt-pt\/wp-json\/wp\/v2\/comments?post=390472"}],"wp:featuredmedia":[{"embeddable":true,"href":"https:\/\/glotomania.com\/pt-pt\/wp-json\/wp\/v2\/media\/63824"}],"wp:attachment":[{"href":"https:\/\/glotomania.com\/pt-pt\/wp-json\/wp\/v2\/media?parent=390472"}],"wp:term":[{"taxonomy":"pwb-brand","embeddable":true,"href":"https:\/\/glotomania.com\/pt-pt\/wp-json\/wp\/v2\/pwb-brand?post=390472"},{"taxonomy":"product_brand","embeddable":true,"href":"https:\/\/glotomania.com\/pt-pt\/wp-json\/wp\/v2\/product_brand?post=390472"},{"taxonomy":"product_cat","embeddable":true,"href":"https:\/\/glotomania.com\/pt-pt\/wp-json\/wp\/v2\/product_cat?post=390472"},{"taxonomy":"product_tag","embeddable":true,"href":"https:\/\/glotomania.com\/pt-pt\/wp-json\/wp\/v2\/product_tag?post=390472"}],"curies":[{"name":"wp","href":"https:\/\/api.w.org\/{rel}","templated":true}]}}