{"id":390480,"date":"2025-09-02T11:05:19","date_gmt":"2025-09-02T11:05:19","guid":{"rendered":"https:\/\/glotomania.com\/p\/perlas-de-azucar-blandas-funcakes-mix-watermelon-party-80-g-2\/"},"modified":"2026-03-11T04:06:05","modified_gmt":"2026-03-11T04:06:05","slug":"perlas-de-azucar-blandas-funcakes-mix-watermelon-party-80-g-2","status":"publish","type":"product","link":"https:\/\/glotomania.com\/pt-pt\/p\/perlas-de-azucar-blandas-funcakes-mix-watermelon-party-80-g-2\/","title":{"rendered":"P\u00c9rolas De A\u00c7\u00dacar Moles Funcakes &#8211; Mix &#8220;watermelon Party&#8221; (80 G)"},"content":{"rendered":"<p>&nbsp;<\/p>\n<p><span style=\"color:#000000\"><span style=\"font-size:14px\">Agora pode fazer lindas decora&ccedil;&otilde;es para os seus bolos ou cupcakes com estas p&eacute;rolas comest&iacute;veis <strong>moles&nbsp;<\/strong>da Funcakes. As p&eacute;rolas s&atilde;o <strong>macias <\/strong>e f&aacute;ceis de fazer para as crian&ccedil;as.<\/span><\/span><\/p>\n","protected":false},"excerpt":{"rendered":"<p>As p\u00e9rolas de a\u00e7\u00facar comest\u00edveis da Funcakes s\u00e3o macias e fofinhas, e est\u00e3o dispon\u00edveis nas cores vermelho, rosa e verde. Perfeitas para as nossas sobremesas frescas e frutadas de ver\u00e3o.<\/p>\n","protected":false},"featured_media":63821,"comment_status":"open","ping_status":"closed","template":"","meta":{"_acf_changed":false},"pwb-brand":[],"product_brand":[],"product_cat":[1839,1840,2979,2982,2907,1849],"product_tag":[],"class_list":{"0":"post-390480","1":"product","2":"type-product","3":"status-publish","4":"has-post-thumbnail","6":"product_cat-decoracion-comestible","7":"product_cat-decoraciones-azucar-comestibles","8":"product_cat-decoracoes-comestiveis-2","9":"product_cat-decoracoes-de-acucar","10":"product_cat-festas","11":"product_cat-fiestas","13":"first","14":"instock","15":"taxable","16":"shipping-taxable","17":"purchasable","18":"product-type-simple"},"acf":[],"df_price":4.85,"df_sale_price":"","df_regular_price":4.85,"df_image_link":"https:\/\/glotomania.com\/wp-content\/uploads\/2025\/05\/img_26603_dd2309ab9a80dde201d2ea07d6965be2_1-300x300.jpg","brands":[],"_links":{"self":[{"href":"https:\/\/glotomania.com\/pt-pt\/wp-json\/wp\/v2\/product\/390480","targetHints":{"allow":["GET"]}}],"collection":[{"href":"https:\/\/glotomania.com\/pt-pt\/wp-json\/wp\/v2\/product"}],"about":[{"href":"https:\/\/glotomania.com\/pt-pt\/wp-json\/wp\/v2\/types\/product"}],"replies":[{"embeddable":true,"href":"https:\/\/glotomania.com\/pt-pt\/wp-json\/wp\/v2\/comments?post=390480"}],"wp:featuredmedia":[{"embeddable":true,"href":"https:\/\/glotomania.com\/pt-pt\/wp-json\/wp\/v2\/media\/63821"}],"wp:attachment":[{"href":"https:\/\/glotomania.com\/pt-pt\/wp-json\/wp\/v2\/media?parent=390480"}],"wp:term":[{"taxonomy":"pwb-brand","embeddable":true,"href":"https:\/\/glotomania.com\/pt-pt\/wp-json\/wp\/v2\/pwb-brand?post=390480"},{"taxonomy":"product_brand","embeddable":true,"href":"https:\/\/glotomania.com\/pt-pt\/wp-json\/wp\/v2\/product_brand?post=390480"},{"taxonomy":"product_cat","embeddable":true,"href":"https:\/\/glotomania.com\/pt-pt\/wp-json\/wp\/v2\/product_cat?post=390480"},{"taxonomy":"product_tag","embeddable":true,"href":"https:\/\/glotomania.com\/pt-pt\/wp-json\/wp\/v2\/product_tag?post=390480"}],"curies":[{"name":"wp","href":"https:\/\/api.w.org\/{rel}","templated":true}]}}