{"id":390481,"date":"2025-09-02T11:05:20","date_gmt":"2025-09-02T11:05:20","guid":{"rendered":"https:\/\/glotomania.com\/p\/sprinkles-funcakes-mix-azul-70-g-2\/"},"modified":"2026-04-13T14:37:08","modified_gmt":"2026-04-13T14:37:08","slug":"sprinkles-funcakes-mix-azul-70-g-2","status":"publish","type":"product","link":"https:\/\/glotomania.com\/pt-pt\/p\/sprinkles-funcakes-mix-azul-70-g-2\/","title":{"rendered":"Sprinkles Funcakes &#8211; Mix Azul 70 G"},"content":{"rendered":"<p>&nbsp;<\/p>\n<p><span style=\"color:#000000\"><span style=\"font-size:14px\">Inclui cristais de a&ccedil;&uacute;car, p&eacute;rolas, confeitos coloridos, lascas planas e bast&otilde;es de a&ccedil;&uacute;car azuis.<\/span><\/span><\/p>\n","protected":false},"excerpt":{"rendered":"<p>Mistura comest\u00edvel para decora\u00e7\u00e3o Funcakes, ideal para decorar as nossas cria\u00e7\u00f5es em tons de azul, perfeita para batizados, comunh\u00f5es, dia do pai, etc.<\/p>\n","protected":false},"featured_media":63838,"comment_status":"open","ping_status":"closed","template":"","meta":{"_acf_changed":false},"pwb-brand":[],"product_brand":[],"product_cat":[2908,2911,1839,1840,2979,2982,2916,2907,1862,1885,1951,1849],"product_tag":[],"class_list":{"0":"post-390481","1":"product","2":"type-product","3":"status-publish","4":"has-post-thumbnail","6":"product_cat-batizados","7":"product_cat-comunhoes","8":"product_cat-decoracion-comestible","9":"product_cat-decoraciones-azucar-comestibles","10":"product_cat-decoracoes-comestiveis-2","11":"product_cat-decoracoes-de-acucar","12":"product_cat-dia-dos-pais-2","13":"product_cat-festas","14":"product_cat-comuniones","15":"product_cat-bautizos","16":"product_cat-dia-del-padre","17":"product_cat-fiestas","19":"first","20":"instock","21":"taxable","22":"shipping-taxable","23":"purchasable","24":"product-type-simple"},"acf":[],"df_price":3.15,"df_sale_price":"","df_regular_price":3.15,"df_image_link":"https:\/\/glotomania.com\/wp-content\/uploads\/2025\/05\/img_26606_c30aee24693e5cf973379e0d61ffead7_1-300x300.jpg","brands":[],"_links":{"self":[{"href":"https:\/\/glotomania.com\/pt-pt\/wp-json\/wp\/v2\/product\/390481","targetHints":{"allow":["GET"]}}],"collection":[{"href":"https:\/\/glotomania.com\/pt-pt\/wp-json\/wp\/v2\/product"}],"about":[{"href":"https:\/\/glotomania.com\/pt-pt\/wp-json\/wp\/v2\/types\/product"}],"replies":[{"embeddable":true,"href":"https:\/\/glotomania.com\/pt-pt\/wp-json\/wp\/v2\/comments?post=390481"}],"wp:featuredmedia":[{"embeddable":true,"href":"https:\/\/glotomania.com\/pt-pt\/wp-json\/wp\/v2\/media\/63838"}],"wp:attachment":[{"href":"https:\/\/glotomania.com\/pt-pt\/wp-json\/wp\/v2\/media?parent=390481"}],"wp:term":[{"taxonomy":"pwb-brand","embeddable":true,"href":"https:\/\/glotomania.com\/pt-pt\/wp-json\/wp\/v2\/pwb-brand?post=390481"},{"taxonomy":"product_brand","embeddable":true,"href":"https:\/\/glotomania.com\/pt-pt\/wp-json\/wp\/v2\/product_brand?post=390481"},{"taxonomy":"product_cat","embeddable":true,"href":"https:\/\/glotomania.com\/pt-pt\/wp-json\/wp\/v2\/product_cat?post=390481"},{"taxonomy":"product_tag","embeddable":true,"href":"https:\/\/glotomania.com\/pt-pt\/wp-json\/wp\/v2\/product_tag?post=390481"}],"curies":[{"name":"wp","href":"https:\/\/api.w.org\/{rel}","templated":true}]}}