{"id":390482,"date":"2025-09-02T11:05:21","date_gmt":"2025-09-02T11:05:21","guid":{"rendered":"https:\/\/glotomania.com\/p\/sprinkles-funcakes-frozen-50-g-2\/"},"modified":"2026-04-28T00:17:32","modified_gmt":"2026-04-28T00:17:32","slug":"sprinkles-funcakes-frozen-50-g-2","status":"publish","type":"product","link":"https:\/\/glotomania.com\/pt-pt\/p\/sprinkles-funcakes-frozen-50-g-2\/","title":{"rendered":"Sprinkles Funcakes &#8211; Frozen 50 G"},"content":{"rendered":"<p>&nbsp;<\/p>\n<p><span style=\"color:#000000\"><span style=\"font-size:14px\">Inclui mimosas brancas, flocos de neve azuis, p&eacute;rolas azuis e prateadas met&aacute;licas, bonecos de neve brancos e fichas brancas planas.<\/span><\/span><\/p>\n","protected":false},"excerpt":{"rendered":"<p>Mistura comest\u00edvel para decora\u00e7\u00e3o da Funcakes, ideal para decorar as nossas cria\u00e7\u00f5es de Natal com tons de branco, azul e prata brilhante.<\/p>\n","protected":false},"featured_media":63818,"comment_status":"open","ping_status":"closed","template":"","meta":{"_acf_changed":false},"pwb-brand":[],"product_brand":[],"product_cat":[1839,1840,2979,2982,2907,2920,1849,1866],"product_tag":[],"class_list":{"0":"post-390482","1":"product","2":"type-product","3":"status-publish","4":"has-post-thumbnail","6":"product_cat-decoracion-comestible","7":"product_cat-decoraciones-azucar-comestibles","8":"product_cat-decoracoes-comestiveis-2","9":"product_cat-decoracoes-de-acucar","10":"product_cat-festas","11":"product_cat-natal-2","12":"product_cat-fiestas","13":"product_cat-navidad","15":"first","16":"instock","17":"taxable","18":"shipping-taxable","19":"purchasable","20":"product-type-simple"},"acf":[],"df_price":2.92,"df_sale_price":2.92,"df_regular_price":4.16,"df_image_link":"https:\/\/glotomania.com\/wp-content\/uploads\/2025\/05\/img_26607_81d86ba8339960568cf148244509db14_1-300x300.jpg","brands":[],"_links":{"self":[{"href":"https:\/\/glotomania.com\/pt-pt\/wp-json\/wp\/v2\/product\/390482","targetHints":{"allow":["GET"]}}],"collection":[{"href":"https:\/\/glotomania.com\/pt-pt\/wp-json\/wp\/v2\/product"}],"about":[{"href":"https:\/\/glotomania.com\/pt-pt\/wp-json\/wp\/v2\/types\/product"}],"replies":[{"embeddable":true,"href":"https:\/\/glotomania.com\/pt-pt\/wp-json\/wp\/v2\/comments?post=390482"}],"wp:featuredmedia":[{"embeddable":true,"href":"https:\/\/glotomania.com\/pt-pt\/wp-json\/wp\/v2\/media\/63818"}],"wp:attachment":[{"href":"https:\/\/glotomania.com\/pt-pt\/wp-json\/wp\/v2\/media?parent=390482"}],"wp:term":[{"taxonomy":"pwb-brand","embeddable":true,"href":"https:\/\/glotomania.com\/pt-pt\/wp-json\/wp\/v2\/pwb-brand?post=390482"},{"taxonomy":"product_brand","embeddable":true,"href":"https:\/\/glotomania.com\/pt-pt\/wp-json\/wp\/v2\/product_brand?post=390482"},{"taxonomy":"product_cat","embeddable":true,"href":"https:\/\/glotomania.com\/pt-pt\/wp-json\/wp\/v2\/product_cat?post=390482"},{"taxonomy":"product_tag","embeddable":true,"href":"https:\/\/glotomania.com\/pt-pt\/wp-json\/wp\/v2\/product_tag?post=390482"}],"curies":[{"name":"wp","href":"https:\/\/api.w.org\/{rel}","templated":true}]}}