{"id":390483,"date":"2025-09-02T11:05:22","date_gmt":"2025-09-02T11:05:22","guid":{"rendered":"https:\/\/glotomania.com\/p\/sprinkles-funcakes-happy-65-g-2\/"},"modified":"2026-03-11T04:06:11","modified_gmt":"2026-03-11T04:06:11","slug":"sprinkles-funcakes-happy-65-g-2","status":"publish","type":"product","link":"https:\/\/glotomania.com\/pt-pt\/p\/sprinkles-funcakes-happy-65-g-2\/","title":{"rendered":"Sprinkles Funcakes &#8211; &#8220;happy&#8221; 65 G"},"content":{"rendered":"<p>&nbsp;<\/p>\n<p><span style=\"color:#000000\"><span style=\"font-size:14px\">Inclui mimosas, p&eacute;rolas, confeitos n&atilde;o-pareils, fichas planas, noodles de a&ccedil;&uacute;car e estrelas em azul, rosa, vermelho, verde e amarelo.<\/span><\/span><\/p>\n<p><em><span style=\"color:#000000\"><span style=\"font-size:14px\">O miolo de parte desta mistura para granulados &eacute; feito de s&ecirc;mola. Isto garante um formato bonito e compacto, mas tamb&eacute;m torna os granulados bastante duros.<\/span><\/span><\/em><\/p>\n","protected":false},"excerpt":{"rendered":"<p>Mistura comest\u00edvel para decora\u00e7\u00e3o da Funcakes, ideal para decorar as nossas sobremesas de anivers\u00e1rio com cores vivas e alegres.<\/p>\n","protected":false},"featured_media":63822,"comment_status":"open","ping_status":"closed","template":"","meta":{"_acf_changed":false},"pwb-brand":[],"product_brand":[],"product_cat":[1839,1840,2979,2982,2907,1849],"product_tag":[],"class_list":{"0":"post-390483","1":"product","2":"type-product","3":"status-publish","4":"has-post-thumbnail","6":"product_cat-decoracion-comestible","7":"product_cat-decoraciones-azucar-comestibles","8":"product_cat-decoracoes-comestiveis-2","9":"product_cat-decoracoes-de-acucar","10":"product_cat-festas","11":"product_cat-fiestas","13":"first","14":"instock","15":"taxable","16":"shipping-taxable","17":"purchasable","18":"product-type-simple"},"acf":[],"df_price":2.95,"df_sale_price":"","df_regular_price":2.95,"df_image_link":"https:\/\/glotomania.com\/wp-content\/uploads\/2025\/05\/img_26610_83e2bf4d6021815e4e563878ef3a5e1b_1-300x300.jpg","brands":[],"_links":{"self":[{"href":"https:\/\/glotomania.com\/pt-pt\/wp-json\/wp\/v2\/product\/390483","targetHints":{"allow":["GET"]}}],"collection":[{"href":"https:\/\/glotomania.com\/pt-pt\/wp-json\/wp\/v2\/product"}],"about":[{"href":"https:\/\/glotomania.com\/pt-pt\/wp-json\/wp\/v2\/types\/product"}],"replies":[{"embeddable":true,"href":"https:\/\/glotomania.com\/pt-pt\/wp-json\/wp\/v2\/comments?post=390483"}],"wp:featuredmedia":[{"embeddable":true,"href":"https:\/\/glotomania.com\/pt-pt\/wp-json\/wp\/v2\/media\/63822"}],"wp:attachment":[{"href":"https:\/\/glotomania.com\/pt-pt\/wp-json\/wp\/v2\/media?parent=390483"}],"wp:term":[{"taxonomy":"pwb-brand","embeddable":true,"href":"https:\/\/glotomania.com\/pt-pt\/wp-json\/wp\/v2\/pwb-brand?post=390483"},{"taxonomy":"product_brand","embeddable":true,"href":"https:\/\/glotomania.com\/pt-pt\/wp-json\/wp\/v2\/product_brand?post=390483"},{"taxonomy":"product_cat","embeddable":true,"href":"https:\/\/glotomania.com\/pt-pt\/wp-json\/wp\/v2\/product_cat?post=390483"},{"taxonomy":"product_tag","embeddable":true,"href":"https:\/\/glotomania.com\/pt-pt\/wp-json\/wp\/v2\/product_tag?post=390483"}],"curies":[{"name":"wp","href":"https:\/\/api.w.org\/{rel}","templated":true}]}}