{"id":390485,"date":"2025-09-02T11:05:23","date_gmt":"2025-09-02T11:05:23","guid":{"rendered":"https:\/\/glotomania.com\/p\/sprinkles-funcakes-mix-purpura-70-g-2\/"},"modified":"2026-04-17T10:02:32","modified_gmt":"2026-04-17T10:02:32","slug":"sprinkles-funcakes-mix-purpura-70-g-2","status":"publish","type":"product","link":"https:\/\/glotomania.com\/pt-pt\/p\/sprinkles-funcakes-mix-purpura-70-g-2\/","title":{"rendered":"Sprinkles Funcakes &#8211; Mix Roxo 70 G"},"content":{"rendered":"<p>&nbsp;<\/p>\n<p><span style=\"color:#000000\"><span style=\"font-size:14px\">Inclui cristais de a&ccedil;&uacute;car, p&eacute;rolas e nonpareils roxos.<\/span><\/span><\/p>\n","protected":false},"excerpt":{"rendered":"<p>Mistura de decora\u00e7\u00f5es comest\u00edveis Funcakes, ideal para decorar as nossas elabora\u00e7\u00f5es com tons roxos, perfeitas para eventos especiais, Halloween,&#8230;<\/p>\n","protected":false},"featured_media":156783,"comment_status":"open","ping_status":"closed","template":"","meta":{"_acf_changed":false},"pwb-brand":[],"product_brand":[],"product_cat":[2979,2982,2907,2917,1839,1840,1849,1863],"product_tag":[],"class_list":{"0":"post-390485","1":"product","2":"type-product","3":"status-publish","4":"has-post-thumbnail","6":"product_cat-decoracoes-comestiveis-2","7":"product_cat-decoracoes-de-acucar","8":"product_cat-festas","9":"product_cat-halloween","10":"product_cat-decoracion-comestible","11":"product_cat-decoraciones-azucar-comestibles","12":"product_cat-fiestas","15":"first","16":"instock","17":"taxable","18":"shipping-taxable","19":"purchasable","20":"product-type-simple"},"acf":[],"df_price":3.15,"df_sale_price":"","df_regular_price":3.15,"df_image_link":"https:\/\/glotomania.com\/wp-content\/uploads\/2025\/09\/img_26614_7c9a35358c852d629f49dad576372caf_1-300x300.jpg","brands":[],"_links":{"self":[{"href":"https:\/\/glotomania.com\/pt-pt\/wp-json\/wp\/v2\/product\/390485","targetHints":{"allow":["GET"]}}],"collection":[{"href":"https:\/\/glotomania.com\/pt-pt\/wp-json\/wp\/v2\/product"}],"about":[{"href":"https:\/\/glotomania.com\/pt-pt\/wp-json\/wp\/v2\/types\/product"}],"replies":[{"embeddable":true,"href":"https:\/\/glotomania.com\/pt-pt\/wp-json\/wp\/v2\/comments?post=390485"}],"wp:featuredmedia":[{"embeddable":true,"href":"https:\/\/glotomania.com\/pt-pt\/wp-json\/wp\/v2\/media\/156783"}],"wp:attachment":[{"href":"https:\/\/glotomania.com\/pt-pt\/wp-json\/wp\/v2\/media?parent=390485"}],"wp:term":[{"taxonomy":"pwb-brand","embeddable":true,"href":"https:\/\/glotomania.com\/pt-pt\/wp-json\/wp\/v2\/pwb-brand?post=390485"},{"taxonomy":"product_brand","embeddable":true,"href":"https:\/\/glotomania.com\/pt-pt\/wp-json\/wp\/v2\/product_brand?post=390485"},{"taxonomy":"product_cat","embeddable":true,"href":"https:\/\/glotomania.com\/pt-pt\/wp-json\/wp\/v2\/product_cat?post=390485"},{"taxonomy":"product_tag","embeddable":true,"href":"https:\/\/glotomania.com\/pt-pt\/wp-json\/wp\/v2\/product_tag?post=390485"}],"curies":[{"name":"wp","href":"https:\/\/api.w.org\/{rel}","templated":true}]}}