{"id":390486,"date":"2025-09-02T11:05:25","date_gmt":"2025-09-02T11:05:25","guid":{"rendered":"https:\/\/glotomania.com\/p\/sprinkles-funcakes-mix-rojo-70-g-2\/"},"modified":"2026-03-24T13:07:31","modified_gmt":"2026-03-24T13:07:31","slug":"sprinkles-funcakes-mix-rojo-70-g-2","status":"publish","type":"product","link":"https:\/\/glotomania.com\/pt-pt\/p\/sprinkles-funcakes-mix-rojo-70-g-2\/","title":{"rendered":"Sprinkles Funcakes &#8211; Mix Vermelho 70 G"},"content":{"rendered":"<p>&nbsp;<\/p>\n<p><span style=\"color:#000000\"><span style=\"font-size:14px\">Inclui cristais de a&ccedil;&uacute;car, p&eacute;rolas e nonpareils vermelhos.<\/span><\/span><\/p>\n","protected":false},"excerpt":{"rendered":"<p>Mistura de decora\u00e7\u00f5es comest\u00edveis Funcakes, ideal para decorar as nossas cria\u00e7\u00f5es com tons vermelhos, perfeita para o Dia dos Namorados, sobremesas de Natal,&#8230;<\/p>\n","protected":false},"featured_media":156786,"comment_status":"open","ping_status":"closed","template":"","meta":{"_acf_changed":false},"pwb-brand":[],"product_brand":[],"product_cat":[2924,2979,2982,2979,2982,2907,2920,2907,2920,2924],"product_tag":[],"class_list":{"0":"post-390486","1":"product","2":"type-product","3":"status-publish","4":"has-post-thumbnail","6":"product_cat-sao-valentim-2","7":"product_cat-decoracoes-comestiveis-2","8":"product_cat-decoracoes-de-acucar","11":"product_cat-festas","12":"product_cat-natal-2","17":"first","18":"instock","19":"taxable","20":"shipping-taxable","21":"purchasable","22":"product-type-simple"},"acf":[],"df_price":2.16,"df_sale_price":"","df_regular_price":2.16,"df_image_link":"https:\/\/glotomania.com\/wp-content\/uploads\/2025\/09\/img_26618_0af1d687ecc57dd503c63a116c979e2a_1-300x300.jpg","brands":[],"_links":{"self":[{"href":"https:\/\/glotomania.com\/pt-pt\/wp-json\/wp\/v2\/product\/390486","targetHints":{"allow":["GET"]}}],"collection":[{"href":"https:\/\/glotomania.com\/pt-pt\/wp-json\/wp\/v2\/product"}],"about":[{"href":"https:\/\/glotomania.com\/pt-pt\/wp-json\/wp\/v2\/types\/product"}],"replies":[{"embeddable":true,"href":"https:\/\/glotomania.com\/pt-pt\/wp-json\/wp\/v2\/comments?post=390486"}],"wp:featuredmedia":[{"embeddable":true,"href":"https:\/\/glotomania.com\/pt-pt\/wp-json\/wp\/v2\/media\/156786"}],"wp:attachment":[{"href":"https:\/\/glotomania.com\/pt-pt\/wp-json\/wp\/v2\/media?parent=390486"}],"wp:term":[{"taxonomy":"pwb-brand","embeddable":true,"href":"https:\/\/glotomania.com\/pt-pt\/wp-json\/wp\/v2\/pwb-brand?post=390486"},{"taxonomy":"product_brand","embeddable":true,"href":"https:\/\/glotomania.com\/pt-pt\/wp-json\/wp\/v2\/product_brand?post=390486"},{"taxonomy":"product_cat","embeddable":true,"href":"https:\/\/glotomania.com\/pt-pt\/wp-json\/wp\/v2\/product_cat?post=390486"},{"taxonomy":"product_tag","embeddable":true,"href":"https:\/\/glotomania.com\/pt-pt\/wp-json\/wp\/v2\/product_tag?post=390486"}],"curies":[{"name":"wp","href":"https:\/\/api.w.org\/{rel}","templated":true}]}}