{"id":390491,"date":"2025-09-02T11:05:29","date_gmt":"2025-09-02T11:05:29","guid":{"rendered":"https:\/\/glotomania.com\/p\/colorante-en-polvo-funcakes-verde-acebo-2\/"},"modified":"2026-03-11T04:06:29","modified_gmt":"2026-03-11T04:06:29","slug":"colorante-en-polvo-funcakes-verde-acebo-2","status":"publish","type":"product","link":"https:\/\/glotomania.com\/pt-pt\/p\/colorante-en-polvo-funcakes-verde-acebo-2\/","title":{"rendered":"Corante Alimentar Em P\u00d3 Funcakes &#8211; Verde Azevinho"},"content":{"rendered":"<p>&nbsp;<\/p>\n<p><span style=\"color:#000000\"><span style=\"font-size:14px\">Basta pincelar um pouco de corante alimentar em p&oacute; no bolo, nas flores de a&ccedil;&uacute;car ou nas decora&ccedil;&otilde;es para lhes dar cor ou textura.<\/span><\/span><\/p>\n<p><span style=\"color:#000000\"><span style=\"font-size:14px\">Tamb&eacute;m pode misturar o corante alimentar em p&oacute; com um pouco de &aacute;lcool alimentar (rejuvenescedor) para criar uma <strong>tinta comest&iacute;vel <\/strong>e utiliz&aacute;-la em qualquer decora&ccedil;&atilde;o comest&iacute;vel.<\/span><\/span><\/p>\n<p><span style=\"color:#000000\"><span style=\"font-size:14px\"><strong>Dose m&aacute;xima recomendada:<\/strong> 1,4 g por 1 kg de massa.<\/span><\/span><\/p>\n","protected":false},"excerpt":{"rendered":"<p>Funcakes 100% corante em p\u00f3 comest\u00edvel, para conseguir cores e texturas incr\u00edveis nas nossas cria\u00e7\u00f5es.<\/p>\n","protected":false},"featured_media":156794,"comment_status":"open","ping_status":"closed","template":"","meta":{"_acf_changed":false},"pwb-brand":[],"product_brand":[],"product_cat":[2953,2961,2907,2997,2920,2996,3001,1835,1894,1832,1901,1845,1849,1866],"product_tag":[],"class_list":{"0":"post-390491","1":"product","2":"type-product","3":"status-publish","4":"has-post-thumbnail","6":"product_cat-corantes-e-pinturas","7":"product_cat-corantes-em-po-2","8":"product_cat-festas","9":"product_cat-halal","10":"product_cat-natal-2","11":"product_cat-produtos-vegetarianos","12":"product_cat-sem-e-171-2","13":"product_cat-colorantes","14":"product_cat-colorantes-polvo","15":"product_cat-diestas-especiales","16":"product_cat-dieta-halal","17":"product_cat-dieta-sin-e-171","18":"product_cat-fiestas","19":"product_cat-navidad","21":"first","22":"instock","23":"taxable","24":"shipping-taxable","25":"purchasable","26":"product-type-simple"},"acf":[],"df_price":3.05,"df_sale_price":"","df_regular_price":3.05,"df_image_link":"https:\/\/glotomania.com\/wp-content\/uploads\/2025\/09\/img_26632_76ef758033e7d04d8afc2731164c2778_1-300x300.jpg","brands":[],"_links":{"self":[{"href":"https:\/\/glotomania.com\/pt-pt\/wp-json\/wp\/v2\/product\/390491","targetHints":{"allow":["GET"]}}],"collection":[{"href":"https:\/\/glotomania.com\/pt-pt\/wp-json\/wp\/v2\/product"}],"about":[{"href":"https:\/\/glotomania.com\/pt-pt\/wp-json\/wp\/v2\/types\/product"}],"replies":[{"embeddable":true,"href":"https:\/\/glotomania.com\/pt-pt\/wp-json\/wp\/v2\/comments?post=390491"}],"wp:featuredmedia":[{"embeddable":true,"href":"https:\/\/glotomania.com\/pt-pt\/wp-json\/wp\/v2\/media\/156794"}],"wp:attachment":[{"href":"https:\/\/glotomania.com\/pt-pt\/wp-json\/wp\/v2\/media?parent=390491"}],"wp:term":[{"taxonomy":"pwb-brand","embeddable":true,"href":"https:\/\/glotomania.com\/pt-pt\/wp-json\/wp\/v2\/pwb-brand?post=390491"},{"taxonomy":"product_brand","embeddable":true,"href":"https:\/\/glotomania.com\/pt-pt\/wp-json\/wp\/v2\/product_brand?post=390491"},{"taxonomy":"product_cat","embeddable":true,"href":"https:\/\/glotomania.com\/pt-pt\/wp-json\/wp\/v2\/product_cat?post=390491"},{"taxonomy":"product_tag","embeddable":true,"href":"https:\/\/glotomania.com\/pt-pt\/wp-json\/wp\/v2\/product_tag?post=390491"}],"curies":[{"name":"wp","href":"https:\/\/api.w.org\/{rel}","templated":true}]}}